{"id":9256,"date":"2022-10-17T08:49:22","date_gmt":"2022-10-17T08:49:22","guid":{"rendered":"https:\/\/www.enabel.be\/?page_id=9256"},"modified":"2022-10-21T09:25:26","modified_gmt":"2022-10-21T09:25:26","slug":"accessibilite-du-site","status":"publish","type":"page","link":"https:\/\/enabel.lademo.be\/fr\/accessibilite-du-site\/","title":{"rendered":"Accessibilit\u00e9 du site"},"content":{"rendered":"<header class=\"header--big relative flex align-center items-center min-h-[50vh] mt-[115px]\">\n\t<div class=\"z-20 container grid grid-cols-12\">\n\t\t<div class=\"z-30 relative col-span-12 md:col-span-8 col-start-1 md:col-start-3 text-center text-white\">\n\t\t\t\t\t\t<h1 data-aos=\"fade-up mb-0\">Accessibilit\u00e9 du site<\/h1>\n\t\t\t\t\t<\/div>\n\t<\/div>\n\t\t\t\t\t\t\t<img loading=\"lazy\" decoding=\"async\" width=\"1920\" height=\"1280\" src=\"https:\/\/enabel.lademo.be\/app\/uploads\/2022\/09\/0052.jpg\" class=\"z-0 absolute inset-0 w-full h-full object-cover object-top wp-post-image\" alt=\"\" srcset=\"https:\/\/enabel.lademo.be\/app\/uploads\/2022\/09\/0052.jpg 1920w, https:\/\/enabel.lademo.be\/app\/uploads\/2022\/09\/0052-300x200.jpg 300w, https:\/\/enabel.lademo.be\/app\/uploads\/2022\/09\/0052-1024x683.jpg 1024w, https:\/\/enabel.lademo.be\/app\/uploads\/2022\/09\/0052-768x512.jpg 768w, https:\/\/enabel.lademo.be\/app\/uploads\/2022\/09\/0052-1536x1024.jpg 1536w\" sizes=\"auto, (max-width: 1920px) 100vw, 1920px\" \/>\n\t\t\t\t\t<div class=\"scroll rellax\" data-rellax-percentage=\"0.5\" data-rellax-speed=\"-1.5\">\n\t\t<p>\n\t\t\tScroll\n\t\t<\/p>\n\t<\/div>\n<\/header>\n\n<section class=\"section--article-content\">\n    <div class=\"container grid grid-cols-12\">\n        <div class=\"col-span-12 col-start-1 md:col-span-8 md:col-start-3\">\n            <p>L\u2019accessibilit\u00e9 de l\u2019internet suppose de s\u2019assurer que les personnes qui disposent de capacit\u00e9s tr\u00e8s diverses peuvent acc\u00e9der facilement aux informations et aux fonctions disponibles sur l\u2019internet.<\/p>\n<p>En tant qu\u2019organisation du secteur public, le label Lisez-vous le belge ? a pour objectif de garantir l\u2019\u00e9galit\u00e9 d\u2019acc\u00e8s \u00e0 l\u2019information \u00e0 tou\u00b7tes les utilisateur\u00b7rices, handicap\u00e9\u00b7es ou non, quel que soit le dispositif ou le logiciel qu\u2019il\u00b7elles utilisent et l\u2019environnement dans lequel il\u00b7elles travaillent, afin qu\u2019il\u00b7elles soient en mesure d\u2019utiliser les informations, les services et les outils que nous mettons \u00e0 leur disposition.<\/p>\n<p>Nous nous engageons \u00e0 rendre notre site internet accessible et nous nous employons activement \u00e0 am\u00e9liorer l\u2019exp\u00e9rience de tou\u00b7tes les utilisateur\u00b7rices en renfor\u00e7ant l\u2019accessibilit\u00e9 et la facilit\u00e9 d\u2019utilisation. Il s\u2019agit notamment de veiller \u00e0 ce que nos produits et nos contenus respectent les normes en vigueur, y compris celles qui sont mentionn\u00e9es dans la directive de l\u2019UE relative \u00e0 l\u2019accessibilit\u00e9 des sites internet (Journal officiel de l\u2019Union europ\u00e9enne), qui est entr\u00e9e en vigueur en d\u00e9cembre 2016.<\/p>\n<p>La directive impose aux organisations du secteur public d\u2019appliquer la norme europ\u00e9enne EN 301 549 \u00e0 leurs sites internet et outils en ligne. Cette norme se fonde sur la version la plus r\u00e9cente des lignes directrices sur l\u2019accessibilit\u00e9 des contenus web (WCAG) 2.1, conformit\u00e9 de niveau AA.<\/p>\n<p>Les lignes directrices sur l\u2019accessibilit\u00e9 des contenus web ont \u00e9t\u00e9 \u00e9labor\u00e9es par le Consortium World Wide Web (W3C) dans le cadre de l\u2019initiative sur l\u2019accessibilit\u00e9 du web. Elles sont destin\u00e9es \u00e0 tou\u00b7tes les fournisseurs, r\u00e9dacteur\u00b7rices, cr\u00e9ateur\u00b7rices et concepteur\u00b7rices de contenus internet.<\/p>\n<p>Les contenus accessibles devraient respecter les quatre principes de l\u2019accessibilit\u00e9 de l\u2019internet:<\/p>\n<p><strong>Perceptibilit\u00e9<\/strong> \u2013 les contenus devraient \u00eatre propos\u00e9s de telle sorte que l\u2019utilisateur\u00b7rice, gr\u00e2ce \u00e0 au moins l\u2019un de ses sens, soit en mesure d\u2019y acc\u00e9der. Par exemple, les images sont d\u00e9crites \u00e0 l\u2019aide d\u2019un texte de substitution destin\u00e9 aux utilisateur\u00b7rices ayant une d\u00e9ficience visuelle.<\/p>\n<p><strong>Utilisabilit\u00e9<\/strong> \u2013 les contenus peuvent \u00eatre contr\u00f4l\u00e9s gr\u00e2ce \u00e0 diff\u00e9rents outils. Par exemple, les personnes qui ne sont pas en mesure d\u2019utiliser une souris peuvent acc\u00e9der aux contenus en utilisant uniquement le clavier.<\/p>\n<p><strong>Compr\u00e9hensibilit\u00e9<\/strong> \u2013 il convient d\u2019utiliser un langage clair et simple et des interfaces pr\u00e9visibles et coh\u00e9rentes. Cela est utile pour les personnes ayant des handicaps cognitifs ou un handicap de lecture.<\/p>\n<p><strong>Robustesse<\/strong> \u2013 le site internet ou l\u2019application devrait fonctionner correctement sur les diff\u00e9rents navigateurs, appareils et plateformes, y compris les technologies d\u2019assistance.<\/p>\n<p>&nbsp;<\/p>\n<h4>Etat de conformit\u00e9<\/h4>\n<p>Ce site internet est optimis\u00e9 pour appliquer la norme europ\u00e9enne EN 301 549 et respecte partiellement la conformit\u00e9 de niveau AA des lignes directrices sur l\u2019accessibilit\u00e9 des contenus web (WCAG) 2.1.<\/p>\n<p>&nbsp;<\/p>\n<h4>Vous devriez pouvoir:<\/h4>\n<p>agrandir sans difficult\u00e9 jusqu\u2019\u00e0 300 % la plupart des \u00e9l\u00e9ments contenus sur le site internet;<\/p>\n<p>consulter la plupart des \u00e9l\u00e9ments contenus sur le site internet uniquement gr\u00e2ce au clavier;<\/p>\n<p>consulter la plupart des \u00e9l\u00e9ments contenus sur le site internet en utilisant des technologies d\u2019assistance, comme un lecteur d\u2019\u00e9cran ou une loupe.<\/p>\n<p>Malgr\u00e9 les efforts que nous d\u00e9ployons pour parvenir \u00e0 l\u2019accessibilit\u00e9 du site internet, certains contenus, tels que les vid\u00e9os qui figurent sur certaines pages, peuvent ne pas \u00eatre encore optimis\u00e9s. Nous suivons en permanence l\u2019accessibilit\u00e9 de notre site internet et nous continuons d\u2019apporter des am\u00e9liorations aux fonctionnalit\u00e9s d\u2019accessibilit\u00e9.<\/p>\n<h4>Retour d&rsquo;information<\/h4>\n<p>En nous faisant part de votre opinion, vous nous aiderez \u00e0 am\u00e9liorer l\u2019accessibilit\u00e9 de notre site internet.<\/p>\n<p>Nous vous remercions de nous indiquer si vous rencontrez des probl\u00e8mes, si vous avez besoin d\u2019acc\u00e9der \u00e0 des informations qui vous semblent inaccessibles ou si vous trouvez l\u2019une de nos fonctionnalit\u00e9s particuli\u00e8rement utiles. Nous vous r\u00e9pondrons dans les meilleurs d\u00e9lais.<\/p>\n\n        <\/div>\n    <\/div>\n<\/section>\n","protected":false},"excerpt":{"rendered":"","protected":false},"author":3,"featured_media":6050,"parent":0,"menu_order":0,"comment_status":"closed","ping_status":"closed","template":"","meta":{"_acf_changed":false,"footnotes":""},"class_list":["post-9256","page","type-page","status-publish","has-post-thumbnail","hentry"],"yoast_head":"<!-- This site is optimized with the Yoast SEO plugin v25.9 - https:\/\/yoast.com\/wordpress\/plugins\/seo\/ -->\n<title>Accessibilit\u00e9 du site - Enabel<\/title>\n<meta name=\"robots\" content=\"index, follow, max-snippet:-1, max-image-preview:large, max-video-preview:-1\" \/>\n<link rel=\"canonical\" href=\"https:\/\/enabel.lademo.be\/fr\/accessibilite-du-site\/\" \/>\n<meta property=\"og:locale\" content=\"fr_FR\" \/>\n<meta property=\"og:type\" content=\"article\" \/>\n<meta property=\"og:title\" content=\"Accessibilit\u00e9 du site - Enabel\" \/>\n<meta property=\"og:url\" content=\"https:\/\/enabel.lademo.be\/fr\/accessibilite-du-site\/\" \/>\n<meta property=\"og:site_name\" content=\"Enabel\" \/>\n<meta property=\"article:publisher\" content=\"https:\/\/www.facebook.com\/EnabelBelgium\/\" \/>\n<meta property=\"article:modified_time\" content=\"2022-10-21T09:25:26+00:00\" \/>\n<meta property=\"og:image\" content=\"https:\/\/enabel.lademo.be\/app\/uploads\/2022\/09\/0052.jpg\" \/>\n\t<meta property=\"og:image:width\" content=\"1920\" \/>\n\t<meta property=\"og:image:height\" content=\"1280\" \/>\n\t<meta property=\"og:image:type\" content=\"image\/jpeg\" \/>\n<meta name=\"twitter:card\" content=\"summary_large_image\" \/>\n<meta name=\"twitter:site\" content=\"@Enabel_Belgium\" \/>\n<script type=\"application\/ld+json\" class=\"yoast-schema-graph\">{\"@context\":\"https:\/\/schema.org\",\"@graph\":[{\"@type\":\"WebPage\",\"@id\":\"https:\/\/enabel.lademo.be\/fr\/accessibilite-du-site\/\",\"url\":\"https:\/\/enabel.lademo.be\/fr\/accessibilite-du-site\/\",\"name\":\"Accessibilit\u00e9 du site - Enabel\",\"isPartOf\":{\"@id\":\"https:\/\/enabel.lademo.be\/fr\/#website\"},\"primaryImageOfPage\":{\"@id\":\"https:\/\/enabel.lademo.be\/fr\/accessibilite-du-site\/#primaryimage\"},\"image\":{\"@id\":\"https:\/\/enabel.lademo.be\/fr\/accessibilite-du-site\/#primaryimage\"},\"thumbnailUrl\":\"https:\/\/enabel.lademo.be\/app\/uploads\/2022\/09\/0052.jpg\",\"datePublished\":\"2022-10-17T08:49:22+00:00\",\"dateModified\":\"2022-10-21T09:25:26+00:00\",\"breadcrumb\":{\"@id\":\"https:\/\/enabel.lademo.be\/fr\/accessibilite-du-site\/#breadcrumb\"},\"inLanguage\":\"fr-FR\",\"potentialAction\":[{\"@type\":\"ReadAction\",\"target\":[\"https:\/\/enabel.lademo.be\/fr\/accessibilite-du-site\/\"]}]},{\"@type\":\"ImageObject\",\"inLanguage\":\"fr-FR\",\"@id\":\"https:\/\/enabel.lademo.be\/fr\/accessibilite-du-site\/#primaryimage\",\"url\":\"https:\/\/enabel.lademo.be\/app\/uploads\/2022\/09\/0052.jpg\",\"contentUrl\":\"https:\/\/enabel.lademo.be\/app\/uploads\/2022\/09\/0052.jpg\",\"width\":1920,\"height\":1280},{\"@type\":\"BreadcrumbList\",\"@id\":\"https:\/\/enabel.lademo.be\/fr\/accessibilite-du-site\/#breadcrumb\",\"itemListElement\":[{\"@type\":\"ListItem\",\"position\":1,\"name\":\"Home\",\"item\":\"https:\/\/enabel.lademo.be\/fr\/\"},{\"@type\":\"ListItem\",\"position\":2,\"name\":\"Accessibilit\u00e9 du site\"}]},{\"@type\":\"WebSite\",\"@id\":\"https:\/\/enabel.lademo.be\/fr\/#website\",\"url\":\"https:\/\/enabel.lademo.be\/fr\/\",\"name\":\"Enabel\",\"description\":\"Enabling Change\",\"publisher\":{\"@id\":\"https:\/\/enabel.lademo.be\/fr\/#organization\"},\"potentialAction\":[{\"@type\":\"SearchAction\",\"target\":{\"@type\":\"EntryPoint\",\"urlTemplate\":\"https:\/\/enabel.lademo.be\/fr\/?s={search_term_string}\"},\"query-input\":{\"@type\":\"PropertyValueSpecification\",\"valueRequired\":true,\"valueName\":\"search_term_string\"}}],\"inLanguage\":\"fr-FR\"},{\"@type\":\"Organization\",\"@id\":\"https:\/\/enabel.lademo.be\/fr\/#organization\",\"name\":\"Enabel\",\"url\":\"https:\/\/enabel.lademo.be\/fr\/\",\"logo\":{\"@type\":\"ImageObject\",\"inLanguage\":\"fr-FR\",\"@id\":\"https:\/\/enabel.lademo.be\/fr\/#\/schema\/logo\/image\/\",\"url\":\"https:\/\/www.enabel.be\/app\/uploads\/2022\/06\/enabel-logo-color.svg\",\"contentUrl\":\"https:\/\/www.enabel.be\/app\/uploads\/2022\/06\/enabel-logo-color.svg\",\"width\":103,\"height\":35,\"caption\":\"Enabel\"},\"image\":{\"@id\":\"https:\/\/enabel.lademo.be\/fr\/#\/schema\/logo\/image\/\"},\"sameAs\":[\"https:\/\/www.facebook.com\/EnabelBelgium\/\",\"https:\/\/x.com\/Enabel_Belgium\",\"https:\/\/www.instagram.com\/enabel_be\/\",\"https:\/\/www.linkedin.com\/company\/enabel\/\",\"https:\/\/www.youtube.com\/channel\/UCHGr3iOQ9n2jORzgtkv5FyQ\"]}]}<\/script>\n<!-- \/ Yoast SEO plugin. -->","yoast_head_json":{"title":"Accessibilit\u00e9 du site - Enabel","robots":{"index":"index","follow":"follow","max-snippet":"max-snippet:-1","max-image-preview":"max-image-preview:large","max-video-preview":"max-video-preview:-1"},"canonical":"https:\/\/enabel.lademo.be\/fr\/accessibilite-du-site\/","og_locale":"fr_FR","og_type":"article","og_title":"Accessibilit\u00e9 du site - Enabel","og_url":"https:\/\/enabel.lademo.be\/fr\/accessibilite-du-site\/","og_site_name":"Enabel","article_publisher":"https:\/\/www.facebook.com\/EnabelBelgium\/","article_modified_time":"2022-10-21T09:25:26+00:00","og_image":[{"width":1920,"height":1280,"url":"https:\/\/enabel.lademo.be\/app\/uploads\/2022\/09\/0052.jpg","type":"image\/jpeg"}],"twitter_card":"summary_large_image","twitter_site":"@Enabel_Belgium","schema":{"@context":"https:\/\/schema.org","@graph":[{"@type":"WebPage","@id":"https:\/\/enabel.lademo.be\/fr\/accessibilite-du-site\/","url":"https:\/\/enabel.lademo.be\/fr\/accessibilite-du-site\/","name":"Accessibilit\u00e9 du site - Enabel","isPartOf":{"@id":"https:\/\/enabel.lademo.be\/fr\/#website"},"primaryImageOfPage":{"@id":"https:\/\/enabel.lademo.be\/fr\/accessibilite-du-site\/#primaryimage"},"image":{"@id":"https:\/\/enabel.lademo.be\/fr\/accessibilite-du-site\/#primaryimage"},"thumbnailUrl":"https:\/\/enabel.lademo.be\/app\/uploads\/2022\/09\/0052.jpg","datePublished":"2022-10-17T08:49:22+00:00","dateModified":"2022-10-21T09:25:26+00:00","breadcrumb":{"@id":"https:\/\/enabel.lademo.be\/fr\/accessibilite-du-site\/#breadcrumb"},"inLanguage":"fr-FR","potentialAction":[{"@type":"ReadAction","target":["https:\/\/enabel.lademo.be\/fr\/accessibilite-du-site\/"]}]},{"@type":"ImageObject","inLanguage":"fr-FR","@id":"https:\/\/enabel.lademo.be\/fr\/accessibilite-du-site\/#primaryimage","url":"https:\/\/enabel.lademo.be\/app\/uploads\/2022\/09\/0052.jpg","contentUrl":"https:\/\/enabel.lademo.be\/app\/uploads\/2022\/09\/0052.jpg","width":1920,"height":1280},{"@type":"BreadcrumbList","@id":"https:\/\/enabel.lademo.be\/fr\/accessibilite-du-site\/#breadcrumb","itemListElement":[{"@type":"ListItem","position":1,"name":"Home","item":"https:\/\/enabel.lademo.be\/fr\/"},{"@type":"ListItem","position":2,"name":"Accessibilit\u00e9 du site"}]},{"@type":"WebSite","@id":"https:\/\/enabel.lademo.be\/fr\/#website","url":"https:\/\/enabel.lademo.be\/fr\/","name":"Enabel","description":"Enabling Change","publisher":{"@id":"https:\/\/enabel.lademo.be\/fr\/#organization"},"potentialAction":[{"@type":"SearchAction","target":{"@type":"EntryPoint","urlTemplate":"https:\/\/enabel.lademo.be\/fr\/?s={search_term_string}"},"query-input":{"@type":"PropertyValueSpecification","valueRequired":true,"valueName":"search_term_string"}}],"inLanguage":"fr-FR"},{"@type":"Organization","@id":"https:\/\/enabel.lademo.be\/fr\/#organization","name":"Enabel","url":"https:\/\/enabel.lademo.be\/fr\/","logo":{"@type":"ImageObject","inLanguage":"fr-FR","@id":"https:\/\/enabel.lademo.be\/fr\/#\/schema\/logo\/image\/","url":"https:\/\/www.enabel.be\/app\/uploads\/2022\/06\/enabel-logo-color.svg","contentUrl":"https:\/\/www.enabel.be\/app\/uploads\/2022\/06\/enabel-logo-color.svg","width":103,"height":35,"caption":"Enabel"},"image":{"@id":"https:\/\/enabel.lademo.be\/fr\/#\/schema\/logo\/image\/"},"sameAs":["https:\/\/www.facebook.com\/EnabelBelgium\/","https:\/\/x.com\/Enabel_Belgium","https:\/\/www.instagram.com\/enabel_be\/","https:\/\/www.linkedin.com\/company\/enabel\/","https:\/\/www.youtube.com\/channel\/UCHGr3iOQ9n2jORzgtkv5FyQ"]}]}},"acf":[],"_links":{"self":[{"href":"https:\/\/enabel.lademo.be\/fr\/wp-json\/wp\/v2\/pages\/9256","targetHints":{"allow":["GET"]}}],"collection":[{"href":"https:\/\/enabel.lademo.be\/fr\/wp-json\/wp\/v2\/pages"}],"about":[{"href":"https:\/\/enabel.lademo.be\/fr\/wp-json\/wp\/v2\/types\/page"}],"author":[{"embeddable":true,"href":"https:\/\/enabel.lademo.be\/fr\/wp-json\/wp\/v2\/users\/3"}],"replies":[{"embeddable":true,"href":"https:\/\/enabel.lademo.be\/fr\/wp-json\/wp\/v2\/comments?post=9256"}],"version-history":[{"count":0,"href":"https:\/\/enabel.lademo.be\/fr\/wp-json\/wp\/v2\/pages\/9256\/revisions"}],"wp:featuredmedia":[{"embeddable":true,"href":"https:\/\/enabel.lademo.be\/fr\/wp-json\/wp\/v2\/media\/6050"}],"wp:attachment":[{"href":"https:\/\/enabel.lademo.be\/fr\/wp-json\/wp\/v2\/media?parent=9256"}],"curies":[{"name":"wp","href":"https:\/\/api.w.org\/{rel}","templated":true}]}}