{"id":9197,"date":"2022-10-13T21:23:31","date_gmt":"2022-10-13T21:23:31","guid":{"rendered":"https:\/\/www.enabel.be\/?page_id=9197"},"modified":"2022-10-13T21:53:29","modified_gmt":"2022-10-13T21:53:29","slug":"politique-de-cookies","status":"publish","type":"page","link":"https:\/\/enabel.lademo.be\/fr\/politique-de-cookies\/","title":{"rendered":"Politique de cookies"},"content":{"rendered":"<header class=\"header--big relative flex align-center items-center min-h-[50vh] mt-[115px]\">\n\t<div class=\"z-20 container grid grid-cols-12\">\n\t\t<div class=\"z-30 relative col-span-12 md:col-span-8 col-start-1 md:col-start-3 text-center text-white\">\n\t\t\t\t\t\t<h1 data-aos=\"fade-up mb-0\">Politique de cookies<\/h1>\n\t\t\t\t\t<\/div>\n\t<\/div>\n\t\t\t\t\t\t\t<img loading=\"lazy\" decoding=\"async\" width=\"2560\" height=\"1707\" src=\"https:\/\/enabel.lademo.be\/app\/uploads\/2022\/09\/190806moz_enabel142-scaled.jpg\" class=\"z-0 absolute inset-0 w-full h-full object-cover object-top wp-post-image\" alt=\"\" srcset=\"https:\/\/enabel.lademo.be\/app\/uploads\/2022\/09\/190806moz_enabel142-scaled.jpg 2560w, https:\/\/enabel.lademo.be\/app\/uploads\/2022\/09\/190806moz_enabel142-300x200.jpg 300w, https:\/\/enabel.lademo.be\/app\/uploads\/2022\/09\/190806moz_enabel142-1024x683.jpg 1024w, https:\/\/enabel.lademo.be\/app\/uploads\/2022\/09\/190806moz_enabel142-768x512.jpg 768w, https:\/\/enabel.lademo.be\/app\/uploads\/2022\/09\/190806moz_enabel142-1536x1024.jpg 1536w\" sizes=\"auto, (max-width: 2560px) 100vw, 2560px\" \/>\n\t\t\t\t\t<div class=\"scroll rellax\" data-rellax-percentage=\"0.5\" data-rellax-speed=\"-1.5\">\n\t\t<p>\n\t\t\tScroll\n\t\t<\/p>\n\t<\/div>\n<\/header>\n\n<section class=\"section--article-content\">\n    <div class=\"container grid grid-cols-12\">\n        <div class=\"col-span-12 col-start-1 md:col-span-8 md:col-start-3\">\n            <h2><span class=\"text-primary-500\"><strong>Que sont les cookies\u2009?<\/strong><\/span><\/h2>\n<p>Les cookies sont des petits fichiers textes \u00e9mis par le serveur du site web que vous consultez et qui sont inscrits via votre navigateur web sur le disque dur de votre syst\u00e8me. Les cookies ne sont pas des programmes actifs ex\u00e9cutables et ne constituent, par cons\u00e9quent, pas un risque pour votre syst\u00e8me.<\/p>\n<p>Enabel.be utilise des cookies pour am\u00e9liorer votre exp\u00e9rience de navigation et adapter son contenu en fonction de vos envies et pr\u00e9f\u00e9rences diverses. Vous avez le choix de refuser l\u2019installation de ces cookies, mais il se peut alors que certaines fonctionnalit\u00e9s soient limit\u00e9es ou impossibles.<\/p>\n<p>Si vous poursuivez la visite de notre site sans modifier votre configuration concernant les cookies ou sans acceptation explicite des cookies, nous consid\u00e9rons que vous acceptez l\u2019installation de ceux-ci.<\/p>\n<p>Les cookies utilis\u00e9s par Enabel ne sont pas de nature commerciale et n\u2019enregistrent aucune donn\u00e9e \u00e0 caract\u00e8re personnel. Les cookies sont effet utilis\u00e9s pour faciliter votre exp\u00e9rience de navigation lors de votre identification. Il n\u2019est par cons\u00e9quent plus n\u00e9cessaire de notifier \u00e0 chaque fois vos param\u00e8tres personnels, comme la langue, les param\u00e8tres de visualisation, votre identifiant \u00e9ventuel\u2026<\/p>\n<p>Les cookies (Google Analytics) sont \u00e9galement utilis\u00e9s pour mettre en lumi\u00e8re les habitudes de navigation des utilisateurs, les pages visit\u00e9es par ces derniers et \u00e0 quelle fr\u00e9quence, comment ils sont arriv\u00e9s sur le site, combien de temps ils y restent. Sur la base de ces informations, le site peut ensuite \u00eatre adapt\u00e9 pour r\u00e9pondre au mieux aux int\u00e9r\u00eats et aux besoins de ses utilisateurs. Par exemple, pour leur pr\u00e9senter des informations utiles personnalis\u00e9es.<\/p>\n<hr \/>\n<p>&nbsp;<\/p>\n<h4><strong>Quels sont les cookies utilis\u00e9s sur ce site\u2009?<\/strong><\/h4>\n<ul style=\"list-style-type: disc;\">\n<li><strong>Les cookies fonctionnels :<\/strong> ces cookies permettent de retenir vos pr\u00e9f\u00e9rences afin de pr\u00e9voir la configuration correcte lors d\u2019une prochaine visite.<\/li>\n<li><strong>Les cookies analytiques :<\/strong> ces cookies permettent de mesurer l\u2019exp\u00e9rience de navigation du visiteur, les canaux par lesquels le site attire ses visiteurs, les termes utilis\u00e9s pour rechercher le site, etc.<\/li>\n<\/ul>\n<h4><strong>Change the configuration of the cookies<\/strong><\/h4>\n<p>Vous d\u00e9sirez modifier la configuration des cookies ou supprimer des cookies\u2009? C\u2019est possible. Cliquez sur ce lien afin de connaitre la marche \u00e0 suivre : <a href=\"https:\/\/www.aboutcookies.org\/\" target=\"_blank\" rel=\"noopener\">https:\/\/www.aboutcookies.org\/<\/a>.<\/p>\n\n        <\/div>\n    <\/div>\n<\/section>\n\n\n\n<div style=\"height:113px\" aria-hidden=\"true\" class=\"wp-block-spacer\"><\/div>\n","protected":false},"excerpt":{"rendered":"","protected":false},"author":2,"featured_media":6324,"parent":0,"menu_order":0,"comment_status":"closed","ping_status":"closed","template":"","meta":{"_acf_changed":false,"footnotes":""},"class_list":["post-9197","page","type-page","status-publish","has-post-thumbnail","hentry"],"yoast_head":"<!-- This site is optimized with the Yoast SEO plugin v25.9 - https:\/\/yoast.com\/wordpress\/plugins\/seo\/ -->\n<title>Politique de cookies - Enabel<\/title>\n<meta name=\"description\" content=\"Enabel.be utilise des cookies pour am\u00e9liorer votre exp\u00e9rience de navigation et adapter son contenu en fonction de vos envies.\" \/>\n<meta name=\"robots\" content=\"index, follow, max-snippet:-1, max-image-preview:large, max-video-preview:-1\" \/>\n<link rel=\"canonical\" href=\"https:\/\/enabel.lademo.be\/fr\/politique-de-cookies\/\" \/>\n<meta property=\"og:locale\" content=\"fr_FR\" \/>\n<meta property=\"og:type\" content=\"article\" \/>\n<meta property=\"og:title\" content=\"Politique de cookies - Enabel\" \/>\n<meta property=\"og:description\" content=\"Enabel.be utilise des cookies pour am\u00e9liorer votre exp\u00e9rience de navigation et adapter son contenu en fonction de vos envies.\" \/>\n<meta property=\"og:url\" content=\"https:\/\/enabel.lademo.be\/fr\/politique-de-cookies\/\" \/>\n<meta property=\"og:site_name\" content=\"Enabel\" \/>\n<meta property=\"article:publisher\" content=\"https:\/\/www.facebook.com\/EnabelBelgium\/\" \/>\n<meta property=\"article:modified_time\" content=\"2022-10-13T21:53:29+00:00\" \/>\n<meta property=\"og:image\" content=\"http:\/\/enabel.lademo.be\/app\/uploads\/2022\/09\/190806moz_enabel142-scaled.jpg\" \/>\n\t<meta property=\"og:image:width\" content=\"2560\" \/>\n\t<meta property=\"og:image:height\" content=\"1707\" \/>\n\t<meta property=\"og:image:type\" content=\"image\/jpeg\" \/>\n<meta name=\"twitter:card\" content=\"summary_large_image\" \/>\n<meta name=\"twitter:site\" content=\"@Enabel_Belgium\" \/>\n<script type=\"application\/ld+json\" class=\"yoast-schema-graph\">{\"@context\":\"https:\/\/schema.org\",\"@graph\":[{\"@type\":\"WebPage\",\"@id\":\"https:\/\/enabel.lademo.be\/fr\/politique-de-cookies\/\",\"url\":\"https:\/\/enabel.lademo.be\/fr\/politique-de-cookies\/\",\"name\":\"Politique de cookies - Enabel\",\"isPartOf\":{\"@id\":\"https:\/\/enabel.lademo.be\/fr\/#website\"},\"primaryImageOfPage\":{\"@id\":\"https:\/\/enabel.lademo.be\/fr\/politique-de-cookies\/#primaryimage\"},\"image\":{\"@id\":\"https:\/\/enabel.lademo.be\/fr\/politique-de-cookies\/#primaryimage\"},\"thumbnailUrl\":\"https:\/\/enabel.lademo.be\/app\/uploads\/2022\/09\/190806moz_enabel142-scaled.jpg\",\"datePublished\":\"2022-10-13T21:23:31+00:00\",\"dateModified\":\"2022-10-13T21:53:29+00:00\",\"description\":\"Enabel.be utilise des cookies pour am\u00e9liorer votre exp\u00e9rience de navigation et adapter son contenu en fonction de vos envies.\",\"breadcrumb\":{\"@id\":\"https:\/\/enabel.lademo.be\/fr\/politique-de-cookies\/#breadcrumb\"},\"inLanguage\":\"fr-FR\",\"potentialAction\":[{\"@type\":\"ReadAction\",\"target\":[\"https:\/\/enabel.lademo.be\/fr\/politique-de-cookies\/\"]}]},{\"@type\":\"ImageObject\",\"inLanguage\":\"fr-FR\",\"@id\":\"https:\/\/enabel.lademo.be\/fr\/politique-de-cookies\/#primaryimage\",\"url\":\"https:\/\/enabel.lademo.be\/app\/uploads\/2022\/09\/190806moz_enabel142-scaled.jpg\",\"contentUrl\":\"https:\/\/enabel.lademo.be\/app\/uploads\/2022\/09\/190806moz_enabel142-scaled.jpg\",\"width\":2560,\"height\":1707,\"caption\":\"Helder Macamo, (35 years), operating and maintenance technician (O&amp;M) managed by Afridev Mati, conducts supervision of the desalination plant in village Chate, District of Ch\u00f3kwe, Gaza Province. Chate is 1 out of the 6 desalination systems built as part of the Water Gaza project. The system has been fully functioning since 4th August 2019 and is managed by Afridev-Mati, a local Mozambican private operator\"},{\"@type\":\"BreadcrumbList\",\"@id\":\"https:\/\/enabel.lademo.be\/fr\/politique-de-cookies\/#breadcrumb\",\"itemListElement\":[{\"@type\":\"ListItem\",\"position\":1,\"name\":\"Home\",\"item\":\"https:\/\/enabel.lademo.be\/fr\/\"},{\"@type\":\"ListItem\",\"position\":2,\"name\":\"Politique de cookies\"}]},{\"@type\":\"WebSite\",\"@id\":\"https:\/\/enabel.lademo.be\/fr\/#website\",\"url\":\"https:\/\/enabel.lademo.be\/fr\/\",\"name\":\"Enabel\",\"description\":\"Enabling Change\",\"publisher\":{\"@id\":\"https:\/\/enabel.lademo.be\/fr\/#organization\"},\"potentialAction\":[{\"@type\":\"SearchAction\",\"target\":{\"@type\":\"EntryPoint\",\"urlTemplate\":\"https:\/\/enabel.lademo.be\/fr\/?s={search_term_string}\"},\"query-input\":{\"@type\":\"PropertyValueSpecification\",\"valueRequired\":true,\"valueName\":\"search_term_string\"}}],\"inLanguage\":\"fr-FR\"},{\"@type\":\"Organization\",\"@id\":\"https:\/\/enabel.lademo.be\/fr\/#organization\",\"name\":\"Enabel\",\"url\":\"https:\/\/enabel.lademo.be\/fr\/\",\"logo\":{\"@type\":\"ImageObject\",\"inLanguage\":\"fr-FR\",\"@id\":\"https:\/\/enabel.lademo.be\/fr\/#\/schema\/logo\/image\/\",\"url\":\"https:\/\/www.enabel.be\/app\/uploads\/2022\/06\/enabel-logo-color.svg\",\"contentUrl\":\"https:\/\/www.enabel.be\/app\/uploads\/2022\/06\/enabel-logo-color.svg\",\"width\":103,\"height\":35,\"caption\":\"Enabel\"},\"image\":{\"@id\":\"https:\/\/enabel.lademo.be\/fr\/#\/schema\/logo\/image\/\"},\"sameAs\":[\"https:\/\/www.facebook.com\/EnabelBelgium\/\",\"https:\/\/x.com\/Enabel_Belgium\",\"https:\/\/www.instagram.com\/enabel_be\/\",\"https:\/\/www.linkedin.com\/company\/enabel\/\",\"https:\/\/www.youtube.com\/channel\/UCHGr3iOQ9n2jORzgtkv5FyQ\"]}]}<\/script>\n<!-- \/ Yoast SEO plugin. -->","yoast_head_json":{"title":"Politique de cookies - Enabel","description":"Enabel.be utilise des cookies pour am\u00e9liorer votre exp\u00e9rience de navigation et adapter son contenu en fonction de vos envies.","robots":{"index":"index","follow":"follow","max-snippet":"max-snippet:-1","max-image-preview":"max-image-preview:large","max-video-preview":"max-video-preview:-1"},"canonical":"https:\/\/enabel.lademo.be\/fr\/politique-de-cookies\/","og_locale":"fr_FR","og_type":"article","og_title":"Politique de cookies - Enabel","og_description":"Enabel.be utilise des cookies pour am\u00e9liorer votre exp\u00e9rience de navigation et adapter son contenu en fonction de vos envies.","og_url":"https:\/\/enabel.lademo.be\/fr\/politique-de-cookies\/","og_site_name":"Enabel","article_publisher":"https:\/\/www.facebook.com\/EnabelBelgium\/","article_modified_time":"2022-10-13T21:53:29+00:00","og_image":[{"width":2560,"height":1707,"url":"http:\/\/enabel.lademo.be\/app\/uploads\/2022\/09\/190806moz_enabel142-scaled.jpg","type":"image\/jpeg"}],"twitter_card":"summary_large_image","twitter_site":"@Enabel_Belgium","schema":{"@context":"https:\/\/schema.org","@graph":[{"@type":"WebPage","@id":"https:\/\/enabel.lademo.be\/fr\/politique-de-cookies\/","url":"https:\/\/enabel.lademo.be\/fr\/politique-de-cookies\/","name":"Politique de cookies - Enabel","isPartOf":{"@id":"https:\/\/enabel.lademo.be\/fr\/#website"},"primaryImageOfPage":{"@id":"https:\/\/enabel.lademo.be\/fr\/politique-de-cookies\/#primaryimage"},"image":{"@id":"https:\/\/enabel.lademo.be\/fr\/politique-de-cookies\/#primaryimage"},"thumbnailUrl":"https:\/\/enabel.lademo.be\/app\/uploads\/2022\/09\/190806moz_enabel142-scaled.jpg","datePublished":"2022-10-13T21:23:31+00:00","dateModified":"2022-10-13T21:53:29+00:00","description":"Enabel.be utilise des cookies pour am\u00e9liorer votre exp\u00e9rience de navigation et adapter son contenu en fonction de vos envies.","breadcrumb":{"@id":"https:\/\/enabel.lademo.be\/fr\/politique-de-cookies\/#breadcrumb"},"inLanguage":"fr-FR","potentialAction":[{"@type":"ReadAction","target":["https:\/\/enabel.lademo.be\/fr\/politique-de-cookies\/"]}]},{"@type":"ImageObject","inLanguage":"fr-FR","@id":"https:\/\/enabel.lademo.be\/fr\/politique-de-cookies\/#primaryimage","url":"https:\/\/enabel.lademo.be\/app\/uploads\/2022\/09\/190806moz_enabel142-scaled.jpg","contentUrl":"https:\/\/enabel.lademo.be\/app\/uploads\/2022\/09\/190806moz_enabel142-scaled.jpg","width":2560,"height":1707,"caption":"Helder Macamo, (35 years), operating and maintenance technician (O&amp;M) managed by Afridev Mati, conducts supervision of the desalination plant in village Chate, District of Ch\u00f3kwe, Gaza Province. Chate is 1 out of the 6 desalination systems built as part of the Water Gaza project. The system has been fully functioning since 4th August 2019 and is managed by Afridev-Mati, a local Mozambican private operator"},{"@type":"BreadcrumbList","@id":"https:\/\/enabel.lademo.be\/fr\/politique-de-cookies\/#breadcrumb","itemListElement":[{"@type":"ListItem","position":1,"name":"Home","item":"https:\/\/enabel.lademo.be\/fr\/"},{"@type":"ListItem","position":2,"name":"Politique de cookies"}]},{"@type":"WebSite","@id":"https:\/\/enabel.lademo.be\/fr\/#website","url":"https:\/\/enabel.lademo.be\/fr\/","name":"Enabel","description":"Enabling Change","publisher":{"@id":"https:\/\/enabel.lademo.be\/fr\/#organization"},"potentialAction":[{"@type":"SearchAction","target":{"@type":"EntryPoint","urlTemplate":"https:\/\/enabel.lademo.be\/fr\/?s={search_term_string}"},"query-input":{"@type":"PropertyValueSpecification","valueRequired":true,"valueName":"search_term_string"}}],"inLanguage":"fr-FR"},{"@type":"Organization","@id":"https:\/\/enabel.lademo.be\/fr\/#organization","name":"Enabel","url":"https:\/\/enabel.lademo.be\/fr\/","logo":{"@type":"ImageObject","inLanguage":"fr-FR","@id":"https:\/\/enabel.lademo.be\/fr\/#\/schema\/logo\/image\/","url":"https:\/\/www.enabel.be\/app\/uploads\/2022\/06\/enabel-logo-color.svg","contentUrl":"https:\/\/www.enabel.be\/app\/uploads\/2022\/06\/enabel-logo-color.svg","width":103,"height":35,"caption":"Enabel"},"image":{"@id":"https:\/\/enabel.lademo.be\/fr\/#\/schema\/logo\/image\/"},"sameAs":["https:\/\/www.facebook.com\/EnabelBelgium\/","https:\/\/x.com\/Enabel_Belgium","https:\/\/www.instagram.com\/enabel_be\/","https:\/\/www.linkedin.com\/company\/enabel\/","https:\/\/www.youtube.com\/channel\/UCHGr3iOQ9n2jORzgtkv5FyQ"]}]}},"acf":[],"_links":{"self":[{"href":"https:\/\/enabel.lademo.be\/fr\/wp-json\/wp\/v2\/pages\/9197","targetHints":{"allow":["GET"]}}],"collection":[{"href":"https:\/\/enabel.lademo.be\/fr\/wp-json\/wp\/v2\/pages"}],"about":[{"href":"https:\/\/enabel.lademo.be\/fr\/wp-json\/wp\/v2\/types\/page"}],"author":[{"embeddable":true,"href":"https:\/\/enabel.lademo.be\/fr\/wp-json\/wp\/v2\/users\/2"}],"replies":[{"embeddable":true,"href":"https:\/\/enabel.lademo.be\/fr\/wp-json\/wp\/v2\/comments?post=9197"}],"version-history":[{"count":0,"href":"https:\/\/enabel.lademo.be\/fr\/wp-json\/wp\/v2\/pages\/9197\/revisions"}],"wp:featuredmedia":[{"embeddable":true,"href":"https:\/\/enabel.lademo.be\/fr\/wp-json\/wp\/v2\/media\/6324"}],"wp:attachment":[{"href":"https:\/\/enabel.lademo.be\/fr\/wp-json\/wp\/v2\/media?parent=9197"}],"curies":[{"name":"wp","href":"https:\/\/api.w.org\/{rel}","templated":true}]}}