{"id":7222,"date":"2022-06-22T07:38:25","date_gmt":"2022-06-22T07:38:25","guid":{"rendered":"https:\/\/www.enabel.be\/?page_id=7222"},"modified":"2022-10-22T13:15:31","modified_gmt":"2022-10-22T13:15:31","slug":"promouvoir-la-citoyennete-mondiale","status":"publish","type":"page","link":"https:\/\/enabel.lademo.be\/fr\/nos-actions\/promouvoir-la-citoyennete-mondiale\/","title":{"rendered":"Promouvoir la citoyennet\u00e9 mondiale"},"content":{"rendered":"<header class=\"header--big relative flex align-center items-center min-h-screen\">\n\t<div class=\"z-20 container grid grid-cols-12\">\n\t\t<div class=\"z-30 relative col-span-12 md:col-span-8 col-start-1 md:col-start-3 text-center text-white\">\n\t\t\t\t\t\t\t<p class=\"h5\" data-aos=\"fade-down\">Nos actions <\/p>\n\t\t\t\t\t\t<h1 data-aos=\"fade-up mb-0\">Promouvoir la citoyennet\u00e9 mondiale<\/h1>\n\t\t\t\t\t<\/div>\n\t<\/div>\n\t\t\t\t\t\t\t<img loading=\"lazy\" decoding=\"async\" width=\"679\" height=\"580\" src=\"https:\/\/enabel.lademo.be\/app\/uploads\/2022\/06\/ectangle3255.jpg\" class=\"z-0 absolute inset-0 w-full h-full object-cover object-top wp-post-image\" alt=\"\" srcset=\"https:\/\/enabel.lademo.be\/app\/uploads\/2022\/06\/ectangle3255.jpg 679w, https:\/\/enabel.lademo.be\/app\/uploads\/2022\/06\/ectangle3255-300x256.jpg 300w\" sizes=\"auto, (max-width: 679px) 100vw, 679px\" \/>\n\t\t\t\t\t<div class=\"scroll rellax\" data-rellax-percentage=\"0.5\" data-rellax-speed=\"-1.5\">\n\t\t<p>\n\t\t\tScroll\n\t\t<\/p>\n\t<\/div>\n<\/header>\n\n<section class=\"section--action py-40 bg-greylight\">\n    <div class=\"container relative grid-cols-12 gap-8 md:grid\">\n        \n        <div class=\"relative z-10 flex flex-row flex-wrap content-between col-span-12 gap-10 md:col-span-10 md:col-start-2\">\n                            <a\n    href=\"https:\/\/enabel.lademo.be\/fr\/nos-actions\/promouvoir-la-citoyennete-mondiale\/devenir-ou-accueillir-un-e-expert-e-junior-e\/\"\n    class=\"has-cursor card--action card--animation | overflow-hidden font-normal no-underline text-inherit w-full md:w-[46%] lg:w-[47%] \"\n    data-aos=\"fade-down\"\n    data-aos-delay=\"000\"\n    >\n    <div class=\"relative card--top h-[340px] flex items-center\">\n        <img loading=\"lazy\" decoding=\"async\" width=\"1766\" height=\"1280\" src=\"https:\/\/enabel.lademo.be\/app\/uploads\/2022\/10\/1637610910332.jpeg\" class=\"absolute top-0 left-0 h-full w-full object-cover object-center wp-post-image\" alt=\"Junior experts working together in during a workshop\" srcset=\"https:\/\/enabel.lademo.be\/app\/uploads\/2022\/10\/1637610910332.jpeg 1766w, https:\/\/enabel.lademo.be\/app\/uploads\/2022\/10\/1637610910332-300x217.jpeg 300w, https:\/\/enabel.lademo.be\/app\/uploads\/2022\/10\/1637610910332-1024x742.jpeg 1024w, https:\/\/enabel.lademo.be\/app\/uploads\/2022\/10\/1637610910332-768x557.jpeg 768w, https:\/\/enabel.lademo.be\/app\/uploads\/2022\/10\/1637610910332-1536x1113.jpeg 1536w\" sizes=\"auto, (max-width: 1766px) 100vw, 1766px\" \/>\n        <p class=\"px-[24px] z-10\">\n            Le Programme Junior offre l\u2019opportunit\u00e9 aux jeunes talents d\u2019origine, de genre et de parcours de formation diversifi\u00e9s de contribuer professionnellement \u00e0 des projets de solidarit\u00e9 internationale. \n        <\/p>\n    <\/div>\n    <h3 class=\"relative z-10 flex justify-between w-full p-6 mb-0\">\n        Devenir ou accueillir un.e Expert.e Junior.e\n        <svg width=\"17\" height=\"12\" viewBox=\"0 0 17 12\" fill=\"none\" xmlns=\"http:\/\/www.w3.org\/2000\/svg\" class=\"min-w-[43px]\">\n\t<path d=\"M0 6.00004L16.0319 6.00004M16.0319 6.00004L10.705 0.813232M16.0319 6.00004L10.705 11.1868\" stroke=\"#012D3A\"\/>\n<\/svg>\n    <\/h3>\n<\/a>\n                            <a\n    href=\"https:\/\/enabel.lademo.be\/fr\/nos-actions\/promouvoir-la-citoyennete-mondiale\/education-a-la-citoyennete-mondiale\/\"\n    class=\"has-cursor card--action card--animation | overflow-hidden font-normal no-underline text-inherit w-full md:w-[46%] lg:w-[47%] \"\n    data-aos=\"fade-down\"\n    data-aos-delay=\"100\"\n    >\n    <div class=\"relative card--top h-[340px] flex items-center\">\n        <img loading=\"lazy\" decoding=\"async\" width=\"1920\" height=\"1280\" src=\"https:\/\/enabel.lademo.be\/app\/uploads\/2022\/09\/0079.jpg\" class=\"absolute top-0 left-0 h-full w-full object-cover object-center wp-post-image\" alt=\"\" srcset=\"https:\/\/enabel.lademo.be\/app\/uploads\/2022\/09\/0079.jpg 1920w, https:\/\/enabel.lademo.be\/app\/uploads\/2022\/09\/0079-300x200.jpg 300w, https:\/\/enabel.lademo.be\/app\/uploads\/2022\/09\/0079-1024x683.jpg 1024w, https:\/\/enabel.lademo.be\/app\/uploads\/2022\/09\/0079-768x512.jpg 768w, https:\/\/enabel.lademo.be\/app\/uploads\/2022\/09\/0079-1536x1024.jpg 1536w\" sizes=\"auto, (max-width: 1920px) 100vw, 1920px\" \/>\n        <p class=\"px-[24px] z-10\">\n            Forte de ses programmes Annoncer la Couleur et Kruit, Enabel poss\u00e8de plus de vingt ans d\u2019exp\u00e9rience dans l\u2019\u00e9ducation \u00e0 la citoyennet\u00e9 mondiale en Belgique. Les trois principaux axes d\u2019activit\u00e9, qui visent tous \u00e0 ancrer durablement l\u2019approche dans l\u2019enseignement en Belgique, sont : le dialogue politique, le renforcement et l\u2019innovation des pratiques p\u00e9dagogiques, et le d\u00e9ploiement d\u2019un centre d\u2019expertise visant la production, le partage et la diffusion des connaissances.\n        <\/p>\n    <\/div>\n    <h3 class=\"relative z-10 flex justify-between w-full p-6 mb-0\">\n        \u00c9ducation \u00e0 la citoyennet\u00e9 mondiale\n        <svg width=\"17\" height=\"12\" viewBox=\"0 0 17 12\" fill=\"none\" xmlns=\"http:\/\/www.w3.org\/2000\/svg\" class=\"min-w-[43px]\">\n\t<path d=\"M0 6.00004L16.0319 6.00004M16.0319 6.00004L10.705 0.813232M16.0319 6.00004L10.705 11.1868\" stroke=\"#012D3A\"\/>\n<\/svg>\n    <\/h3>\n<\/a>\n                            <a\n    href=\"https:\/\/enabel.lademo.be\/fr\/nos-actions\/promouvoir-la-citoyennete-mondiale\/fair-trade-week\/\"\n    class=\"has-cursor card--action card--animation | overflow-hidden font-normal no-underline text-inherit w-full md:w-[46%] lg:w-[47%] \"\n    data-aos=\"fade-down\"\n    data-aos-delay=\"200\"\n    >\n    <div class=\"relative card--top h-[340px] flex items-center\">\n        <img loading=\"lazy\" decoding=\"async\" width=\"2560\" height=\"1707\" src=\"https:\/\/enabel.lademo.be\/app\/uploads\/2022\/09\/603A8887-scaled.jpg\" class=\"absolute top-0 left-0 h-full w-full object-cover object-center wp-post-image\" alt=\"Woman holding a pineapple in a pineapple processing factory in Benin.\" srcset=\"https:\/\/enabel.lademo.be\/app\/uploads\/2022\/09\/603A8887-scaled.jpg 2560w, https:\/\/enabel.lademo.be\/app\/uploads\/2022\/09\/603A8887-300x200.jpg 300w, https:\/\/enabel.lademo.be\/app\/uploads\/2022\/09\/603A8887-1024x683.jpg 1024w, https:\/\/enabel.lademo.be\/app\/uploads\/2022\/09\/603A8887-768x512.jpg 768w, https:\/\/enabel.lademo.be\/app\/uploads\/2022\/09\/603A8887-1536x1024.jpg 1536w\" sizes=\"auto, (max-width: 2560px) 100vw, 2560px\" \/>\n        <p class=\"px-[24px] z-10\">\n            La Semaine du commerce \u00e9quitable est une campagne annuelle qui met en avant le commerce \u00e9quitable et les produits issus du commerce \u00e9quitable en Belgique. \n        <\/p>\n    <\/div>\n    <h3 class=\"relative z-10 flex justify-between w-full p-6 mb-0\">\n        La Semaine du commerce \u00e9quitable\n        <svg width=\"17\" height=\"12\" viewBox=\"0 0 17 12\" fill=\"none\" xmlns=\"http:\/\/www.w3.org\/2000\/svg\" class=\"min-w-[43px]\">\n\t<path d=\"M0 6.00004L16.0319 6.00004M16.0319 6.00004L10.705 0.813232M16.0319 6.00004L10.705 11.1868\" stroke=\"#012D3A\"\/>\n<\/svg>\n    <\/h3>\n<\/a>\n                    <\/div>\n            <\/div>\n<\/section>\n","protected":false},"excerpt":{"rendered":"","protected":false},"author":2,"featured_media":919,"parent":4588,"menu_order":0,"comment_status":"closed","ping_status":"closed","template":"","meta":{"_acf_changed":false,"footnotes":""},"class_list":["post-7222","page","type-page","status-publish","has-post-thumbnail","hentry"],"yoast_head":"<!-- This site is optimized with the Yoast SEO plugin v25.9 - https:\/\/yoast.com\/wordpress\/plugins\/seo\/ -->\n<title>Promouvoir la citoyennet\u00e9 mondiale - Enabel<\/title>\n<meta name=\"description\" content=\"Les enjeux et d\u00e9fis mondiaux d\u00e9passent les fronti\u00e8res. Nous nous assurons que les habitant\u00b7es de notre plan\u00e8te prennent conscience de leur r\u00f4le en tant que citoyen\u00b7nes mondiaux\u00b7ales.\" \/>\n<meta name=\"robots\" content=\"index, follow, max-snippet:-1, max-image-preview:large, max-video-preview:-1\" \/>\n<link rel=\"canonical\" href=\"https:\/\/enabel.lademo.be\/fr\/nos-actions\/promouvoir-la-citoyennete-mondiale\/\" \/>\n<meta property=\"og:locale\" content=\"fr_FR\" \/>\n<meta property=\"og:type\" content=\"article\" \/>\n<meta property=\"og:title\" content=\"Promouvoir la citoyennet\u00e9 mondiale - Enabel\" \/>\n<meta property=\"og:description\" content=\"Les enjeux et d\u00e9fis mondiaux d\u00e9passent les fronti\u00e8res. Nous nous assurons que les habitant\u00b7es de notre plan\u00e8te prennent conscience de leur r\u00f4le en tant que citoyen\u00b7nes mondiaux\u00b7ales.\" \/>\n<meta property=\"og:url\" content=\"https:\/\/enabel.lademo.be\/fr\/nos-actions\/promouvoir-la-citoyennete-mondiale\/\" \/>\n<meta property=\"og:site_name\" content=\"Enabel\" \/>\n<meta property=\"article:publisher\" content=\"https:\/\/www.facebook.com\/EnabelBelgium\/\" \/>\n<meta property=\"article:modified_time\" content=\"2022-10-22T13:15:31+00:00\" \/>\n<meta property=\"og:image\" content=\"https:\/\/enabel.lademo.be\/app\/uploads\/2022\/06\/ectangle3255.jpg\" \/>\n\t<meta property=\"og:image:width\" content=\"679\" \/>\n\t<meta property=\"og:image:height\" content=\"580\" \/>\n\t<meta property=\"og:image:type\" content=\"image\/jpeg\" \/>\n<meta name=\"twitter:card\" content=\"summary_large_image\" \/>\n<meta name=\"twitter:site\" content=\"@Enabel_Belgium\" \/>\n<script type=\"application\/ld+json\" class=\"yoast-schema-graph\">{\"@context\":\"https:\/\/schema.org\",\"@graph\":[{\"@type\":\"WebPage\",\"@id\":\"https:\/\/enabel.lademo.be\/fr\/nos-actions\/promouvoir-la-citoyennete-mondiale\/\",\"url\":\"https:\/\/enabel.lademo.be\/fr\/nos-actions\/promouvoir-la-citoyennete-mondiale\/\",\"name\":\"Promouvoir la citoyennet\u00e9 mondiale - Enabel\",\"isPartOf\":{\"@id\":\"https:\/\/enabel.lademo.be\/fr\/#website\"},\"primaryImageOfPage\":{\"@id\":\"https:\/\/enabel.lademo.be\/fr\/nos-actions\/promouvoir-la-citoyennete-mondiale\/#primaryimage\"},\"image\":{\"@id\":\"https:\/\/enabel.lademo.be\/fr\/nos-actions\/promouvoir-la-citoyennete-mondiale\/#primaryimage\"},\"thumbnailUrl\":\"https:\/\/enabel.lademo.be\/app\/uploads\/2022\/06\/ectangle3255.jpg\",\"datePublished\":\"2022-06-22T07:38:25+00:00\",\"dateModified\":\"2022-10-22T13:15:31+00:00\",\"description\":\"Les enjeux et d\u00e9fis mondiaux d\u00e9passent les fronti\u00e8res. Nous nous assurons que les habitant\u00b7es de notre plan\u00e8te prennent conscience de leur r\u00f4le en tant que citoyen\u00b7nes mondiaux\u00b7ales.\",\"breadcrumb\":{\"@id\":\"https:\/\/enabel.lademo.be\/fr\/nos-actions\/promouvoir-la-citoyennete-mondiale\/#breadcrumb\"},\"inLanguage\":\"fr-FR\",\"potentialAction\":[{\"@type\":\"ReadAction\",\"target\":[\"https:\/\/enabel.lademo.be\/fr\/nos-actions\/promouvoir-la-citoyennete-mondiale\/\"]}]},{\"@type\":\"ImageObject\",\"inLanguage\":\"fr-FR\",\"@id\":\"https:\/\/enabel.lademo.be\/fr\/nos-actions\/promouvoir-la-citoyennete-mondiale\/#primaryimage\",\"url\":\"https:\/\/enabel.lademo.be\/app\/uploads\/2022\/06\/ectangle3255.jpg\",\"contentUrl\":\"https:\/\/enabel.lademo.be\/app\/uploads\/2022\/06\/ectangle3255.jpg\",\"width\":679,\"height\":580},{\"@type\":\"BreadcrumbList\",\"@id\":\"https:\/\/enabel.lademo.be\/fr\/nos-actions\/promouvoir-la-citoyennete-mondiale\/#breadcrumb\",\"itemListElement\":[{\"@type\":\"ListItem\",\"position\":1,\"name\":\"Home\",\"item\":\"https:\/\/enabel.lademo.be\/fr\/\"},{\"@type\":\"ListItem\",\"position\":2,\"name\":\"Nos actions\",\"item\":\"https:\/\/enabel.lademo.be\/fr\/nos-actions\/\"},{\"@type\":\"ListItem\",\"position\":3,\"name\":\"Promouvoir la citoyennet\u00e9 mondiale\"}]},{\"@type\":\"WebSite\",\"@id\":\"https:\/\/enabel.lademo.be\/fr\/#website\",\"url\":\"https:\/\/enabel.lademo.be\/fr\/\",\"name\":\"Enabel\",\"description\":\"Enabling Change\",\"publisher\":{\"@id\":\"https:\/\/enabel.lademo.be\/fr\/#organization\"},\"potentialAction\":[{\"@type\":\"SearchAction\",\"target\":{\"@type\":\"EntryPoint\",\"urlTemplate\":\"https:\/\/enabel.lademo.be\/fr\/?s={search_term_string}\"},\"query-input\":{\"@type\":\"PropertyValueSpecification\",\"valueRequired\":true,\"valueName\":\"search_term_string\"}}],\"inLanguage\":\"fr-FR\"},{\"@type\":\"Organization\",\"@id\":\"https:\/\/enabel.lademo.be\/fr\/#organization\",\"name\":\"Enabel\",\"url\":\"https:\/\/enabel.lademo.be\/fr\/\",\"logo\":{\"@type\":\"ImageObject\",\"inLanguage\":\"fr-FR\",\"@id\":\"https:\/\/enabel.lademo.be\/fr\/#\/schema\/logo\/image\/\",\"url\":\"https:\/\/www.enabel.be\/app\/uploads\/2022\/06\/enabel-logo-color.svg\",\"contentUrl\":\"https:\/\/www.enabel.be\/app\/uploads\/2022\/06\/enabel-logo-color.svg\",\"width\":103,\"height\":35,\"caption\":\"Enabel\"},\"image\":{\"@id\":\"https:\/\/enabel.lademo.be\/fr\/#\/schema\/logo\/image\/\"},\"sameAs\":[\"https:\/\/www.facebook.com\/EnabelBelgium\/\",\"https:\/\/x.com\/Enabel_Belgium\",\"https:\/\/www.instagram.com\/enabel_be\/\",\"https:\/\/www.linkedin.com\/company\/enabel\/\",\"https:\/\/www.youtube.com\/channel\/UCHGr3iOQ9n2jORzgtkv5FyQ\"]}]}<\/script>\n<!-- \/ Yoast SEO plugin. -->","yoast_head_json":{"title":"Promouvoir la citoyennet\u00e9 mondiale - Enabel","description":"Les enjeux et d\u00e9fis mondiaux d\u00e9passent les fronti\u00e8res. Nous nous assurons que les habitant\u00b7es de notre plan\u00e8te prennent conscience de leur r\u00f4le en tant que citoyen\u00b7nes mondiaux\u00b7ales.","robots":{"index":"index","follow":"follow","max-snippet":"max-snippet:-1","max-image-preview":"max-image-preview:large","max-video-preview":"max-video-preview:-1"},"canonical":"https:\/\/enabel.lademo.be\/fr\/nos-actions\/promouvoir-la-citoyennete-mondiale\/","og_locale":"fr_FR","og_type":"article","og_title":"Promouvoir la citoyennet\u00e9 mondiale - Enabel","og_description":"Les enjeux et d\u00e9fis mondiaux d\u00e9passent les fronti\u00e8res. Nous nous assurons que les habitant\u00b7es de notre plan\u00e8te prennent conscience de leur r\u00f4le en tant que citoyen\u00b7nes mondiaux\u00b7ales.","og_url":"https:\/\/enabel.lademo.be\/fr\/nos-actions\/promouvoir-la-citoyennete-mondiale\/","og_site_name":"Enabel","article_publisher":"https:\/\/www.facebook.com\/EnabelBelgium\/","article_modified_time":"2022-10-22T13:15:31+00:00","og_image":[{"width":679,"height":580,"url":"https:\/\/enabel.lademo.be\/app\/uploads\/2022\/06\/ectangle3255.jpg","type":"image\/jpeg"}],"twitter_card":"summary_large_image","twitter_site":"@Enabel_Belgium","schema":{"@context":"https:\/\/schema.org","@graph":[{"@type":"WebPage","@id":"https:\/\/enabel.lademo.be\/fr\/nos-actions\/promouvoir-la-citoyennete-mondiale\/","url":"https:\/\/enabel.lademo.be\/fr\/nos-actions\/promouvoir-la-citoyennete-mondiale\/","name":"Promouvoir la citoyennet\u00e9 mondiale - Enabel","isPartOf":{"@id":"https:\/\/enabel.lademo.be\/fr\/#website"},"primaryImageOfPage":{"@id":"https:\/\/enabel.lademo.be\/fr\/nos-actions\/promouvoir-la-citoyennete-mondiale\/#primaryimage"},"image":{"@id":"https:\/\/enabel.lademo.be\/fr\/nos-actions\/promouvoir-la-citoyennete-mondiale\/#primaryimage"},"thumbnailUrl":"https:\/\/enabel.lademo.be\/app\/uploads\/2022\/06\/ectangle3255.jpg","datePublished":"2022-06-22T07:38:25+00:00","dateModified":"2022-10-22T13:15:31+00:00","description":"Les enjeux et d\u00e9fis mondiaux d\u00e9passent les fronti\u00e8res. Nous nous assurons que les habitant\u00b7es de notre plan\u00e8te prennent conscience de leur r\u00f4le en tant que citoyen\u00b7nes mondiaux\u00b7ales.","breadcrumb":{"@id":"https:\/\/enabel.lademo.be\/fr\/nos-actions\/promouvoir-la-citoyennete-mondiale\/#breadcrumb"},"inLanguage":"fr-FR","potentialAction":[{"@type":"ReadAction","target":["https:\/\/enabel.lademo.be\/fr\/nos-actions\/promouvoir-la-citoyennete-mondiale\/"]}]},{"@type":"ImageObject","inLanguage":"fr-FR","@id":"https:\/\/enabel.lademo.be\/fr\/nos-actions\/promouvoir-la-citoyennete-mondiale\/#primaryimage","url":"https:\/\/enabel.lademo.be\/app\/uploads\/2022\/06\/ectangle3255.jpg","contentUrl":"https:\/\/enabel.lademo.be\/app\/uploads\/2022\/06\/ectangle3255.jpg","width":679,"height":580},{"@type":"BreadcrumbList","@id":"https:\/\/enabel.lademo.be\/fr\/nos-actions\/promouvoir-la-citoyennete-mondiale\/#breadcrumb","itemListElement":[{"@type":"ListItem","position":1,"name":"Home","item":"https:\/\/enabel.lademo.be\/fr\/"},{"@type":"ListItem","position":2,"name":"Nos actions","item":"https:\/\/enabel.lademo.be\/fr\/nos-actions\/"},{"@type":"ListItem","position":3,"name":"Promouvoir la citoyennet\u00e9 mondiale"}]},{"@type":"WebSite","@id":"https:\/\/enabel.lademo.be\/fr\/#website","url":"https:\/\/enabel.lademo.be\/fr\/","name":"Enabel","description":"Enabling Change","publisher":{"@id":"https:\/\/enabel.lademo.be\/fr\/#organization"},"potentialAction":[{"@type":"SearchAction","target":{"@type":"EntryPoint","urlTemplate":"https:\/\/enabel.lademo.be\/fr\/?s={search_term_string}"},"query-input":{"@type":"PropertyValueSpecification","valueRequired":true,"valueName":"search_term_string"}}],"inLanguage":"fr-FR"},{"@type":"Organization","@id":"https:\/\/enabel.lademo.be\/fr\/#organization","name":"Enabel","url":"https:\/\/enabel.lademo.be\/fr\/","logo":{"@type":"ImageObject","inLanguage":"fr-FR","@id":"https:\/\/enabel.lademo.be\/fr\/#\/schema\/logo\/image\/","url":"https:\/\/www.enabel.be\/app\/uploads\/2022\/06\/enabel-logo-color.svg","contentUrl":"https:\/\/www.enabel.be\/app\/uploads\/2022\/06\/enabel-logo-color.svg","width":103,"height":35,"caption":"Enabel"},"image":{"@id":"https:\/\/enabel.lademo.be\/fr\/#\/schema\/logo\/image\/"},"sameAs":["https:\/\/www.facebook.com\/EnabelBelgium\/","https:\/\/x.com\/Enabel_Belgium","https:\/\/www.instagram.com\/enabel_be\/","https:\/\/www.linkedin.com\/company\/enabel\/","https:\/\/www.youtube.com\/channel\/UCHGr3iOQ9n2jORzgtkv5FyQ"]}]}},"acf":[],"_links":{"self":[{"href":"https:\/\/enabel.lademo.be\/fr\/wp-json\/wp\/v2\/pages\/7222","targetHints":{"allow":["GET"]}}],"collection":[{"href":"https:\/\/enabel.lademo.be\/fr\/wp-json\/wp\/v2\/pages"}],"about":[{"href":"https:\/\/enabel.lademo.be\/fr\/wp-json\/wp\/v2\/types\/page"}],"author":[{"embeddable":true,"href":"https:\/\/enabel.lademo.be\/fr\/wp-json\/wp\/v2\/users\/2"}],"replies":[{"embeddable":true,"href":"https:\/\/enabel.lademo.be\/fr\/wp-json\/wp\/v2\/comments?post=7222"}],"version-history":[{"count":0,"href":"https:\/\/enabel.lademo.be\/fr\/wp-json\/wp\/v2\/pages\/7222\/revisions"}],"up":[{"embeddable":true,"href":"https:\/\/enabel.lademo.be\/fr\/wp-json\/wp\/v2\/pages\/4588"}],"wp:featuredmedia":[{"embeddable":true,"href":"https:\/\/enabel.lademo.be\/fr\/wp-json\/wp\/v2\/media\/919"}],"wp:attachment":[{"href":"https:\/\/enabel.lademo.be\/fr\/wp-json\/wp\/v2\/media?parent=7222"}],"curies":[{"name":"wp","href":"https:\/\/api.w.org\/{rel}","templated":true}]}}