{"id":5335,"date":"2022-06-08T13:29:15","date_gmt":"2022-06-08T13:29:15","guid":{"rendered":"https:\/\/www.enabel.be\/work-with-us\/"},"modified":"2022-10-22T13:04:53","modified_gmt":"2022-10-22T13:04:53","slug":"travaillez-avec-nous","status":"publish","type":"page","link":"https:\/\/enabel.lademo.be\/fr\/travaillez-avec-nous\/","title":{"rendered":"Travaillez avec nous"},"content":{"rendered":"<header class=\"header--content overflow-hidden md:overflow-auto pt-24 md:pt-56 pb-8 relative\">\n    <div class=\"z-10 container grid grid-cols-12\">\n        <div class=\"group group-h5:bg-primary-500 col-span-12 md:col-span-8 col-start-1 md:col-start-3 text-center\">\n            \n                            <h1 data-aos=\"fade-up\"><h1>Travaillez avec nous<\/h1><\/h1>\n                    <\/div>\n    <\/div>\n    <div class=\"relative px-4 md:px-40\" data-aos=\"fade-down\">\n        <img loading=\"lazy\" decoding=\"async\" width=\"1216\" height=\"564\" src=\"https:\/\/enabel.lademo.be\/app\/uploads\/2022\/06\/zefRectangle-1460.jpg\" class=\"w-full h-auto min-h-[260px] max-h-[600px] object-cover object-center relative h-auto z-10 wp-post-image\" alt=\"\" srcset=\"https:\/\/enabel.lademo.be\/app\/uploads\/2022\/06\/zefRectangle-1460.jpg 1216w, https:\/\/enabel.lademo.be\/app\/uploads\/2022\/06\/zefRectangle-1460-300x139.jpg 300w, https:\/\/enabel.lademo.be\/app\/uploads\/2022\/06\/zefRectangle-1460-1024x475.jpg 1024w, https:\/\/enabel.lademo.be\/app\/uploads\/2022\/06\/zefRectangle-1460-768x356.jpg 768w\" sizes=\"auto, (max-width: 1216px) 100vw, 1216px\" \/>\n        <svg width=\"1358\" height=\"420\" viewBox=\"0 0 1358 420\" fill=\"none\" xmlns=\"http:\/\/www.w3.org\/2000\/svg\" class=\"w-[150%] md:w-full h-auto absolute z-0 top-1\/2 -translate-y-1\/2 -left-[25%] md:left-0\">\n            <g clip-path=\"url(#clip0_15_2)\">\n                <path fill-rule=\"evenodd\" clip-rule=\"evenodd\" d=\"M1655.8 395.953C1600.17 408.13 1540.08 415.577 1475.09 416.16C1146.32 419.125 855.716 309.031 677.906 51.8302C1184.21 96.4886 1493.52 -6.41358 1679.49 -127.813C1640.12 -15.3492 1594.34 202.197 1655.8 395.953Z\" fill=\"#012D3A\"\/>\n                <path fill-rule=\"evenodd\" clip-rule=\"evenodd\" d=\"M-299.305 395.953C-243.67 408.13 -183.584 415.577 -118.589 416.16C210.175 419.125 500.781 309.031 678.591 51.8302C172.29 96.4886 -137.027 -6.41358 -322.99 -127.813C-283.621 -15.3492 -237.848 202.197 -299.305 395.953Z\" fill=\"#012D3A\"\/>\n            <\/g>\n            <defs>\n                <clipPath id=\"clip0_15_2\">\n                    <rect width=\"1358\" height=\"420\" fill=\"white\"\/>\n                <\/clipPath>\n            <\/defs>\n        <\/svg>\n    <\/div>\n<\/header>\n\n\n<section class=\"section--text-center mx-auto bg-white\">\n    <div class=\"container items-center grid-flow-row-dense grid-cols-12 lg:grid\">\n        <div class=\"relative text-center z-1 lg:col-start-2 lg:col-span-10\">\n            <h2>Jobs, march\u00e9s publics ou subsides. Vous pouvez trouver toutes les informations sur les diff\u00e9rentes fa\u00e7ons de travailler avec Enabel sur cette page.<\/h2>\n\n        <\/div>\n    <\/div>\n<\/section>\n\n\n<section class=\"relative overflow-hidden section-text-image-wave section-text-image-wave-deco bg-primary-50 pt-0 \">\n\t<div class=\"relative container py-[54px] pt-48 md:pt-[54px] lg:grid grid-cols-12 grid-flow-row-dense items-center z-20\">\n\t\t<div class=\"z-20 flex flex-col  bg-white relative z-1 lg:col-span-6 py-10 px-6 md:py-32 md:px-24 lg:col-start-7\" data-aos=\"fade-right\">\n\t\t\t<h2>Jobs<\/h2>\n<p>Rejoins-nous et fais la diff\u00e9rence. Enabel s\u2019engage en faveur de l\u2019\u00e9galit\u00e9 des chances et de la diversit\u00e9 au sein de son personnel. Nous ne faisons pas de discrimination fond\u00e9e sur le genre, l\u2019origine, l\u2019\u00e2ge, la religion, l\u2019orientation sexuelle, le handicap ou tout autre facteur que les comp\u00e9tences.<\/p>\n\n\t\t\t<a href=\"https:\/\/jobs.enabel.be\/go\/Tous\/4637301\/\" class=\"btn--simple\" target=\"blank\">Aper\u00e7u des offres d&#8217;emploi<\/a>\n\t\t\t\t<\/div>\n\t\t\t\t\t\t\t\t\t\t\t\t\t<img loading=\"lazy\" decoding=\"async\" width=\"800\" height=\"500\" src=\"https:\/\/enabel.lademo.be\/app\/uploads\/2022\/08\/ELA_730.jpeg\" class=\"z-10 absolute inset-0 w-full h-full object-cover object-center | max-h-[256px] md:max-h-[inherit] md:-translate-x-[24%]\" alt=\"\" srcset=\"https:\/\/enabel.lademo.be\/app\/uploads\/2022\/08\/ELA_730.jpeg 800w, https:\/\/enabel.lademo.be\/app\/uploads\/2022\/08\/ELA_730-300x188.jpeg 300w, https:\/\/enabel.lademo.be\/app\/uploads\/2022\/08\/ELA_730-768x480.jpeg 768w\" sizes=\"auto, (max-width: 800px) 100vw, 800px\" \/>\n\t\t\t\t<\/div>\n\n\t\t\t\n\t\t\t\t<svg class=\"right absolute h-full w-auto md:top-0 bottom-0 md:bottom-[inherit] right-0 z-10\" width=\"1367\" height=\"948\" viewBox=\"0 0 1367 948\" fill=\"none\" xmlns=\"http:\/\/www.w3.org\/2000\/svg\">\n\t\t\t\t\t<path fill-rule=\"evenodd\" clip-rule=\"evenodd\" d=\"M521.933 0H871H929.892H1367V948H929.892H871H0C170.219 948 363.79 747.968 401.652 445.232C429.574 221.971 493.473 55.3851 521.933 0Z\" fill=\"#0096BE\"\/>\n\t\t\t\t<\/svg>\t\t\t\t\t\t\t\n\t\n<\/section>\n\n<section class=\"section--big-image\">\n\t<img loading=\"lazy\" decoding=\"async\" width=\"2560\" height=\"1709\" src=\"https:\/\/enabel.lademo.be\/app\/uploads\/2022\/09\/J4-8-scaled.jpg\" class=\"z-10 w-[100%] h-[50vh] md:h-[90vh] object-cover object-center\" alt=\"In Guinea contractors have a look at the planning for a\" srcset=\"https:\/\/enabel.lademo.be\/app\/uploads\/2022\/09\/J4-8-scaled.jpg 2560w, https:\/\/enabel.lademo.be\/app\/uploads\/2022\/09\/J4-8-300x200.jpg 300w, https:\/\/enabel.lademo.be\/app\/uploads\/2022\/09\/J4-8-1024x683.jpg 1024w, https:\/\/enabel.lademo.be\/app\/uploads\/2022\/09\/J4-8-768x513.jpg 768w, https:\/\/enabel.lademo.be\/app\/uploads\/2022\/09\/J4-8-1536x1025.jpg 1536w, https:\/\/enabel.lademo.be\/app\/uploads\/2022\/09\/J4-8-2048x1367.jpg 2048w\" sizes=\"auto, (max-width: 2560px) 100vw, 2560px\" \/>\n<\/section>\n\n<section class=\"relative overflow-hidden section-text-image-wave section-text-image-wave-deco bg-primary-50 pt-0 \">\n\t<div class=\"relative container py-[54px] pt-48 md:pt-[54px] lg:grid grid-cols-12 grid-flow-row-dense items-center z-20\">\n\t\t<div class=\"z-20 flex flex-col  bg-white relative z-1 lg:col-span-6 py-10 px-6 md:py-32 md:px-24 lg:col-start-1\" data-aos=\"fade-right\">\n\t\t\t<h2>March\u00e9s publics<\/h2>\n<p>Enabel et les pouvoirs publics des pays partenaires appliquent la r\u00e9glementation des march\u00e9s publics pour se procurer les biens, les services et les travaux dont ils ont besoin: \u00e9tudes, assistance et formation techniques, conseil, \u00e9quipement informatique, etc.<\/p>\n\n\t\t\t<a href=\"https:\/\/www.enabel.be\/fr\/tenders\/ \" class=\"btn--simple\">Aper\u00e7u de tous les march\u00e9s publics<\/a>\n\t\t\t<\/div>\n\t\t\t\t\t\t\t\t\t\t\t\t\t<img loading=\"lazy\" decoding=\"async\" width=\"1875\" height=\"1250\" src=\"https:\/\/enabel.lademo.be\/app\/uploads\/2022\/09\/HacktheGoals_Ramallah-8.jpg\" class=\"z-10 absolute inset-0 w-full h-full object-cover object-center | max-h-[256px] md:max-h-[inherit] md:translate-x-[24%]\" alt=\"Woman pitching a story during the Enabel hackathon in Ramallah, Palestine.\" srcset=\"https:\/\/enabel.lademo.be\/app\/uploads\/2022\/09\/HacktheGoals_Ramallah-8.jpg 1875w, https:\/\/enabel.lademo.be\/app\/uploads\/2022\/09\/HacktheGoals_Ramallah-8-300x200.jpg 300w, https:\/\/enabel.lademo.be\/app\/uploads\/2022\/09\/HacktheGoals_Ramallah-8-1024x683.jpg 1024w, https:\/\/enabel.lademo.be\/app\/uploads\/2022\/09\/HacktheGoals_Ramallah-8-768x512.jpg 768w, https:\/\/enabel.lademo.be\/app\/uploads\/2022\/09\/HacktheGoals_Ramallah-8-1536x1024.jpg 1536w\" sizes=\"auto, (max-width: 1875px) 100vw, 1875px\" \/>\n\t\t\t\t<\/div>\n\n\t\t\t<svg class=\"left absolute h-full w-auto top-0 left-0 z-10\" width=\"1008\" height=\"890\" viewBox=\"0 0 1008 890\" fill=\"none\" xmlns=\"http:\/\/www.w3.org\/2000\/svg\">\n\t\t\t<path d=\"M0 0H520V890H0V0Z\" fill=\"#0096BE\"\/>\n\t\t\t<path d=\"M895.078 417.992C921.292 208.39 981.282 51.9966 1008 0H518V890C677.805 890 859.533 702.206 895.078 417.992Z\" fill=\"#0096BE\"\/>\n\t\t<\/svg>\n\t\t\t\n<\/section>\n\n<section class=\"section--big-image\">\n\t<img loading=\"lazy\" decoding=\"async\" width=\"1875\" height=\"1250\" src=\"https:\/\/enabel.lademo.be\/app\/uploads\/2022\/09\/HacktheGoals_Ramallah-16.jpg\" class=\"z-10 w-[100%] h-[50vh] md:h-[90vh] object-cover object-center\" alt=\"\" srcset=\"https:\/\/enabel.lademo.be\/app\/uploads\/2022\/09\/HacktheGoals_Ramallah-16.jpg 1875w, https:\/\/enabel.lademo.be\/app\/uploads\/2022\/09\/HacktheGoals_Ramallah-16-300x200.jpg 300w, https:\/\/enabel.lademo.be\/app\/uploads\/2022\/09\/HacktheGoals_Ramallah-16-1024x683.jpg 1024w, https:\/\/enabel.lademo.be\/app\/uploads\/2022\/09\/HacktheGoals_Ramallah-16-768x512.jpg 768w, https:\/\/enabel.lademo.be\/app\/uploads\/2022\/09\/HacktheGoals_Ramallah-16-1536x1024.jpg 1536w\" sizes=\"auto, (max-width: 1875px) 100vw, 1875px\" \/>\n<\/section>\n\n<section class=\"relative overflow-hidden section-text-image-wave section-text-image-wave-deco bg-primary-50 pt-0 \">\n\t<div class=\"relative container py-[54px] pt-48 md:pt-[54px] lg:grid grid-cols-12 grid-flow-row-dense items-center z-20\">\n\t\t<div class=\"z-20 flex flex-col  bg-white relative z-1 lg:col-span-6 py-10 px-6 md:py-32 md:px-24 lg:col-start-7\" data-aos=\"fade-right\">\n\t\t\t<h2>Subsides<\/h2>\n<p>Enabel finance, sous la forme de subsides, des activit\u00e9s contribuant aux objectifs de ses programmes. Les parties int\u00e9ress\u00e9es peuvent participer en r\u00e9pondant aux appels \u00e0 propositions.<\/p>\n\n\t\t\t<a href=\"https:\/\/www.enabel.be\/fr\/subsides\/\" class=\"btn--simple\">Tous les subsides disponibles<\/a>\n\t\t\t<\/div>\n\t\t\t\t\t\t\t\t\t\t\t\t\t<img loading=\"lazy\" decoding=\"async\" width=\"2560\" height=\"1707\" src=\"https:\/\/enabel.lademo.be\/app\/uploads\/2022\/09\/Sam-Deckers-16-scaled.jpg\" class=\"z-10 absolute inset-0 w-full h-full object-cover object-center | max-h-[256px] md:max-h-[inherit] md:-translate-x-[24%]\" alt=\"Women teacher in Ugana explaining a student how to use a\" srcset=\"https:\/\/enabel.lademo.be\/app\/uploads\/2022\/09\/Sam-Deckers-16-scaled.jpg 2560w, https:\/\/enabel.lademo.be\/app\/uploads\/2022\/09\/Sam-Deckers-16-300x200.jpg 300w, https:\/\/enabel.lademo.be\/app\/uploads\/2022\/09\/Sam-Deckers-16-1024x683.jpg 1024w, https:\/\/enabel.lademo.be\/app\/uploads\/2022\/09\/Sam-Deckers-16-768x512.jpg 768w, https:\/\/enabel.lademo.be\/app\/uploads\/2022\/09\/Sam-Deckers-16-1536x1024.jpg 1536w, https:\/\/enabel.lademo.be\/app\/uploads\/2022\/09\/Sam-Deckers-16-2048x1365.jpg 2048w\" sizes=\"auto, (max-width: 2560px) 100vw, 2560px\" \/>\n\t\t\t\t<\/div>\n\n\t\t\t\n\t\t\t\t<svg class=\"right absolute h-full w-auto md:top-0 bottom-0 md:bottom-[inherit] right-0 z-10\" width=\"1367\" height=\"948\" viewBox=\"0 0 1367 948\" fill=\"none\" xmlns=\"http:\/\/www.w3.org\/2000\/svg\">\n\t\t\t\t\t<path fill-rule=\"evenodd\" clip-rule=\"evenodd\" d=\"M521.933 0H871H929.892H1367V948H929.892H871H0C170.219 948 363.79 747.968 401.652 445.232C429.574 221.971 493.473 55.3851 521.933 0Z\" fill=\"#0096BE\"\/>\n\t\t\t\t<\/svg>\t\t\t\t\t\t\t\n\t\n<\/section>\n\n<section class=\"section--call-to-action mx-auto py-20 overflow-hidden md:overflow-visible\">\n    <div class=\"container py-20  grid grid-cols-12 grid-flow-row-dense items-center\" data-aos=\"fade-up\">\n           <div class=\"text-center col-start-1 lg:col-start-2 col-span-12 lg:col-span-8 col-start-1 lg:col-start-3 mb-0 text-grey-900\">\n                                   <p class=\"h2\">\n                                       Programme junior <\/p>\n                                            <p>Le Programme Junior offre aux jeunes l&rsquo;opportunit\u00e9 de commencer une carri\u00e8re dans la coop\u00e9ration au d\u00e9veloppement. Les experts juniors travaillent dans des projets d&rsquo;Enabel ou d&rsquo;une ONG pendant un ou deux ans.<\/p>\n\n                    \n                                            <a\n                            class=\"btn-primary btn-primary card--animation mx-2\"\n                            href=\"https:\/\/www.enabel.be\/fr\/nos-actions\/promouvoir-la-citoyennete-mondiale\/devenir-ou-accueillir-un-e-expert-e-junior-e\/\"\n                                                    >\n                            <span>En savoir plus<\/span>\n                        <\/a>\n                                <\/div>\n    <\/div>\n<\/section>\n\n\n<section class=\"section--big-image\">\n\t<img loading=\"lazy\" decoding=\"async\" width=\"1500\" height=\"1000\" src=\"https:\/\/enabel.lademo.be\/app\/uploads\/2022\/08\/IMG_6331-1.jpg\" class=\"z-10 w-[100%] h-[50vh] md:h-[90vh] object-cover object-center\" alt=\"\" srcset=\"https:\/\/enabel.lademo.be\/app\/uploads\/2022\/08\/IMG_6331-1.jpg 1500w, https:\/\/enabel.lademo.be\/app\/uploads\/2022\/08\/IMG_6331-1-300x200.jpg 300w, https:\/\/enabel.lademo.be\/app\/uploads\/2022\/08\/IMG_6331-1-1024x683.jpg 1024w, https:\/\/enabel.lademo.be\/app\/uploads\/2022\/08\/IMG_6331-1-768x512.jpg 768w\" sizes=\"auto, (max-width: 1500px) 100vw, 1500px\" \/>\n<\/section>","protected":false},"excerpt":{"rendered":"","protected":false},"author":1,"featured_media":947,"parent":0,"menu_order":0,"comment_status":"closed","ping_status":"closed","template":"","meta":{"_acf_changed":false,"footnotes":""},"class_list":["post-5335","page","type-page","status-publish","has-post-thumbnail","hentry"],"yoast_head":"<!-- This site is optimized with the Yoast SEO plugin v25.9 - https:\/\/yoast.com\/wordpress\/plugins\/seo\/ -->\n<title>Travaillez avec nous - Enabel<\/title>\n<meta name=\"description\" content=\"Jobs, march\u00e9s publics ou subsides. Toutes les informations sur les diff\u00e9rentes fa\u00e7ons de travailler avec Enabel sur cette page.\" \/>\n<meta name=\"robots\" content=\"index, follow, max-snippet:-1, max-image-preview:large, max-video-preview:-1\" \/>\n<link rel=\"canonical\" href=\"https:\/\/enabel.lademo.be\/fr\/travaillez-avec-nous\/\" \/>\n<meta property=\"og:locale\" content=\"fr_FR\" \/>\n<meta property=\"og:type\" content=\"article\" \/>\n<meta property=\"og:title\" content=\"Travaillez avec nous - Enabel\" \/>\n<meta property=\"og:description\" content=\"Jobs, march\u00e9s publics ou subsides. Toutes les informations sur les diff\u00e9rentes fa\u00e7ons de travailler avec Enabel sur cette page.\" \/>\n<meta property=\"og:url\" content=\"https:\/\/enabel.lademo.be\/fr\/travaillez-avec-nous\/\" \/>\n<meta property=\"og:site_name\" content=\"Enabel\" \/>\n<meta property=\"article:publisher\" content=\"https:\/\/www.facebook.com\/EnabelBelgium\/\" \/>\n<meta property=\"article:modified_time\" content=\"2022-10-22T13:04:53+00:00\" \/>\n<meta property=\"og:image\" content=\"http:\/\/enabel.lademo.be\/app\/uploads\/2022\/06\/zefRectangle-1460.jpg\" \/>\n\t<meta property=\"og:image:width\" content=\"1216\" \/>\n\t<meta property=\"og:image:height\" content=\"564\" \/>\n\t<meta property=\"og:image:type\" content=\"image\/jpeg\" \/>\n<meta name=\"twitter:card\" content=\"summary_large_image\" \/>\n<meta name=\"twitter:site\" content=\"@Enabel_Belgium\" \/>\n<script type=\"application\/ld+json\" class=\"yoast-schema-graph\">{\"@context\":\"https:\/\/schema.org\",\"@graph\":[{\"@type\":\"WebPage\",\"@id\":\"https:\/\/enabel.lademo.be\/fr\/travaillez-avec-nous\/\",\"url\":\"https:\/\/enabel.lademo.be\/fr\/travaillez-avec-nous\/\",\"name\":\"Travaillez avec nous - Enabel\",\"isPartOf\":{\"@id\":\"https:\/\/enabel.lademo.be\/fr\/#website\"},\"primaryImageOfPage\":{\"@id\":\"https:\/\/enabel.lademo.be\/fr\/travaillez-avec-nous\/#primaryimage\"},\"image\":{\"@id\":\"https:\/\/enabel.lademo.be\/fr\/travaillez-avec-nous\/#primaryimage\"},\"thumbnailUrl\":\"https:\/\/enabel.lademo.be\/app\/uploads\/2022\/06\/zefRectangle-1460.jpg\",\"datePublished\":\"2022-06-08T13:29:15+00:00\",\"dateModified\":\"2022-10-22T13:04:53+00:00\",\"description\":\"Jobs, march\u00e9s publics ou subsides. Toutes les informations sur les diff\u00e9rentes fa\u00e7ons de travailler avec Enabel sur cette page.\",\"breadcrumb\":{\"@id\":\"https:\/\/enabel.lademo.be\/fr\/travaillez-avec-nous\/#breadcrumb\"},\"inLanguage\":\"fr-FR\",\"potentialAction\":[{\"@type\":\"ReadAction\",\"target\":[\"https:\/\/enabel.lademo.be\/fr\/travaillez-avec-nous\/\"]}]},{\"@type\":\"ImageObject\",\"inLanguage\":\"fr-FR\",\"@id\":\"https:\/\/enabel.lademo.be\/fr\/travaillez-avec-nous\/#primaryimage\",\"url\":\"https:\/\/enabel.lademo.be\/app\/uploads\/2022\/06\/zefRectangle-1460.jpg\",\"contentUrl\":\"https:\/\/enabel.lademo.be\/app\/uploads\/2022\/06\/zefRectangle-1460.jpg\",\"width\":1216,\"height\":564},{\"@type\":\"BreadcrumbList\",\"@id\":\"https:\/\/enabel.lademo.be\/fr\/travaillez-avec-nous\/#breadcrumb\",\"itemListElement\":[{\"@type\":\"ListItem\",\"position\":1,\"name\":\"Home\",\"item\":\"https:\/\/enabel.lademo.be\/fr\/\"},{\"@type\":\"ListItem\",\"position\":2,\"name\":\"Travaillez avec nous\"}]},{\"@type\":\"WebSite\",\"@id\":\"https:\/\/enabel.lademo.be\/fr\/#website\",\"url\":\"https:\/\/enabel.lademo.be\/fr\/\",\"name\":\"Enabel\",\"description\":\"Enabling Change\",\"publisher\":{\"@id\":\"https:\/\/enabel.lademo.be\/fr\/#organization\"},\"potentialAction\":[{\"@type\":\"SearchAction\",\"target\":{\"@type\":\"EntryPoint\",\"urlTemplate\":\"https:\/\/enabel.lademo.be\/fr\/?s={search_term_string}\"},\"query-input\":{\"@type\":\"PropertyValueSpecification\",\"valueRequired\":true,\"valueName\":\"search_term_string\"}}],\"inLanguage\":\"fr-FR\"},{\"@type\":\"Organization\",\"@id\":\"https:\/\/enabel.lademo.be\/fr\/#organization\",\"name\":\"Enabel\",\"url\":\"https:\/\/enabel.lademo.be\/fr\/\",\"logo\":{\"@type\":\"ImageObject\",\"inLanguage\":\"fr-FR\",\"@id\":\"https:\/\/enabel.lademo.be\/fr\/#\/schema\/logo\/image\/\",\"url\":\"https:\/\/www.enabel.be\/app\/uploads\/2022\/06\/enabel-logo-color.svg\",\"contentUrl\":\"https:\/\/www.enabel.be\/app\/uploads\/2022\/06\/enabel-logo-color.svg\",\"width\":103,\"height\":35,\"caption\":\"Enabel\"},\"image\":{\"@id\":\"https:\/\/enabel.lademo.be\/fr\/#\/schema\/logo\/image\/\"},\"sameAs\":[\"https:\/\/www.facebook.com\/EnabelBelgium\/\",\"https:\/\/x.com\/Enabel_Belgium\",\"https:\/\/www.instagram.com\/enabel_be\/\",\"https:\/\/www.linkedin.com\/company\/enabel\/\",\"https:\/\/www.youtube.com\/channel\/UCHGr3iOQ9n2jORzgtkv5FyQ\"]}]}<\/script>\n<!-- \/ Yoast SEO plugin. -->","yoast_head_json":{"title":"Travaillez avec nous - Enabel","description":"Jobs, march\u00e9s publics ou subsides. Toutes les informations sur les diff\u00e9rentes fa\u00e7ons de travailler avec Enabel sur cette page.","robots":{"index":"index","follow":"follow","max-snippet":"max-snippet:-1","max-image-preview":"max-image-preview:large","max-video-preview":"max-video-preview:-1"},"canonical":"https:\/\/enabel.lademo.be\/fr\/travaillez-avec-nous\/","og_locale":"fr_FR","og_type":"article","og_title":"Travaillez avec nous - Enabel","og_description":"Jobs, march\u00e9s publics ou subsides. Toutes les informations sur les diff\u00e9rentes fa\u00e7ons de travailler avec Enabel sur cette page.","og_url":"https:\/\/enabel.lademo.be\/fr\/travaillez-avec-nous\/","og_site_name":"Enabel","article_publisher":"https:\/\/www.facebook.com\/EnabelBelgium\/","article_modified_time":"2022-10-22T13:04:53+00:00","og_image":[{"width":1216,"height":564,"url":"http:\/\/enabel.lademo.be\/app\/uploads\/2022\/06\/zefRectangle-1460.jpg","type":"image\/jpeg"}],"twitter_card":"summary_large_image","twitter_site":"@Enabel_Belgium","schema":{"@context":"https:\/\/schema.org","@graph":[{"@type":"WebPage","@id":"https:\/\/enabel.lademo.be\/fr\/travaillez-avec-nous\/","url":"https:\/\/enabel.lademo.be\/fr\/travaillez-avec-nous\/","name":"Travaillez avec nous - Enabel","isPartOf":{"@id":"https:\/\/enabel.lademo.be\/fr\/#website"},"primaryImageOfPage":{"@id":"https:\/\/enabel.lademo.be\/fr\/travaillez-avec-nous\/#primaryimage"},"image":{"@id":"https:\/\/enabel.lademo.be\/fr\/travaillez-avec-nous\/#primaryimage"},"thumbnailUrl":"https:\/\/enabel.lademo.be\/app\/uploads\/2022\/06\/zefRectangle-1460.jpg","datePublished":"2022-06-08T13:29:15+00:00","dateModified":"2022-10-22T13:04:53+00:00","description":"Jobs, march\u00e9s publics ou subsides. Toutes les informations sur les diff\u00e9rentes fa\u00e7ons de travailler avec Enabel sur cette page.","breadcrumb":{"@id":"https:\/\/enabel.lademo.be\/fr\/travaillez-avec-nous\/#breadcrumb"},"inLanguage":"fr-FR","potentialAction":[{"@type":"ReadAction","target":["https:\/\/enabel.lademo.be\/fr\/travaillez-avec-nous\/"]}]},{"@type":"ImageObject","inLanguage":"fr-FR","@id":"https:\/\/enabel.lademo.be\/fr\/travaillez-avec-nous\/#primaryimage","url":"https:\/\/enabel.lademo.be\/app\/uploads\/2022\/06\/zefRectangle-1460.jpg","contentUrl":"https:\/\/enabel.lademo.be\/app\/uploads\/2022\/06\/zefRectangle-1460.jpg","width":1216,"height":564},{"@type":"BreadcrumbList","@id":"https:\/\/enabel.lademo.be\/fr\/travaillez-avec-nous\/#breadcrumb","itemListElement":[{"@type":"ListItem","position":1,"name":"Home","item":"https:\/\/enabel.lademo.be\/fr\/"},{"@type":"ListItem","position":2,"name":"Travaillez avec nous"}]},{"@type":"WebSite","@id":"https:\/\/enabel.lademo.be\/fr\/#website","url":"https:\/\/enabel.lademo.be\/fr\/","name":"Enabel","description":"Enabling Change","publisher":{"@id":"https:\/\/enabel.lademo.be\/fr\/#organization"},"potentialAction":[{"@type":"SearchAction","target":{"@type":"EntryPoint","urlTemplate":"https:\/\/enabel.lademo.be\/fr\/?s={search_term_string}"},"query-input":{"@type":"PropertyValueSpecification","valueRequired":true,"valueName":"search_term_string"}}],"inLanguage":"fr-FR"},{"@type":"Organization","@id":"https:\/\/enabel.lademo.be\/fr\/#organization","name":"Enabel","url":"https:\/\/enabel.lademo.be\/fr\/","logo":{"@type":"ImageObject","inLanguage":"fr-FR","@id":"https:\/\/enabel.lademo.be\/fr\/#\/schema\/logo\/image\/","url":"https:\/\/www.enabel.be\/app\/uploads\/2022\/06\/enabel-logo-color.svg","contentUrl":"https:\/\/www.enabel.be\/app\/uploads\/2022\/06\/enabel-logo-color.svg","width":103,"height":35,"caption":"Enabel"},"image":{"@id":"https:\/\/enabel.lademo.be\/fr\/#\/schema\/logo\/image\/"},"sameAs":["https:\/\/www.facebook.com\/EnabelBelgium\/","https:\/\/x.com\/Enabel_Belgium","https:\/\/www.instagram.com\/enabel_be\/","https:\/\/www.linkedin.com\/company\/enabel\/","https:\/\/www.youtube.com\/channel\/UCHGr3iOQ9n2jORzgtkv5FyQ"]}]}},"acf":[],"_links":{"self":[{"href":"https:\/\/enabel.lademo.be\/fr\/wp-json\/wp\/v2\/pages\/5335","targetHints":{"allow":["GET"]}}],"collection":[{"href":"https:\/\/enabel.lademo.be\/fr\/wp-json\/wp\/v2\/pages"}],"about":[{"href":"https:\/\/enabel.lademo.be\/fr\/wp-json\/wp\/v2\/types\/page"}],"author":[{"embeddable":true,"href":"https:\/\/enabel.lademo.be\/fr\/wp-json\/wp\/v2\/users\/1"}],"replies":[{"embeddable":true,"href":"https:\/\/enabel.lademo.be\/fr\/wp-json\/wp\/v2\/comments?post=5335"}],"version-history":[{"count":0,"href":"https:\/\/enabel.lademo.be\/fr\/wp-json\/wp\/v2\/pages\/5335\/revisions"}],"wp:featuredmedia":[{"embeddable":true,"href":"https:\/\/enabel.lademo.be\/fr\/wp-json\/wp\/v2\/media\/947"}],"wp:attachment":[{"href":"https:\/\/enabel.lademo.be\/fr\/wp-json\/wp\/v2\/media?parent=5335"}],"curies":[{"name":"wp","href":"https:\/\/api.w.org\/{rel}","templated":true}]}}