{"id":4595,"date":"2022-06-21T15:03:26","date_gmt":"2022-06-21T15:03:26","guid":{"rendered":"https:\/\/www.enabel.be\/?page_id=4595"},"modified":"2022-09-27T10:06:02","modified_gmt":"2022-09-27T10:06:02","slug":"defis-mondiaux","status":"publish","type":"page","link":"https:\/\/enabel.lademo.be\/fr\/nos-actions\/defis-mondiaux\/","title":{"rendered":"Relever les d\u00e9fis mondiaux"},"content":{"rendered":"<header class=\"header--big relative flex align-center items-center min-h-screen\">\n\t<div class=\"z-20 container grid grid-cols-12\">\n\t\t<div class=\"z-30 relative col-span-12 md:col-span-8 col-start-1 md:col-start-3 text-center text-white\">\n\t\t\t\t\t\t\t<p class=\"h5\" data-aos=\"fade-down\">Nos actions<\/p>\n\t\t\t\t\t\t<h1 data-aos=\"fade-up mb-0\">Relever les d\u00e9fis mondiaux<\/h1>\n\t\t\t\t\t<\/div>\n\t<\/div>\n\t\t\t\t\t\t\t<img loading=\"lazy\" decoding=\"async\" width=\"2560\" height=\"1709\" src=\"https:\/\/enabel.lademo.be\/app\/uploads\/2022\/08\/Kisangani3-39-scaled.jpg\" class=\"z-0 absolute inset-0 w-full h-full object-cover object-top wp-post-image\" alt=\"Man looking at a river and a bridge that is build nearby in Thsopo, DRC.\" srcset=\"https:\/\/enabel.lademo.be\/app\/uploads\/2022\/08\/Kisangani3-39-scaled.jpg 2560w, https:\/\/enabel.lademo.be\/app\/uploads\/2022\/08\/Kisangani3-39-300x200.jpg 300w, https:\/\/enabel.lademo.be\/app\/uploads\/2022\/08\/Kisangani3-39-1024x683.jpg 1024w, https:\/\/enabel.lademo.be\/app\/uploads\/2022\/08\/Kisangani3-39-768x513.jpg 768w, https:\/\/enabel.lademo.be\/app\/uploads\/2022\/08\/Kisangani3-39-1536x1025.jpg 1536w, https:\/\/enabel.lademo.be\/app\/uploads\/2022\/08\/Kisangani3-39-2048x1367.jpg 2048w\" sizes=\"auto, (max-width: 2560px) 100vw, 2560px\" \/>\n\t\t\t\t\t<div class=\"scroll rellax\" data-rellax-percentage=\"0.5\" data-rellax-speed=\"-1.5\">\n\t\t<p>\n\t\t\tScroll\n\t\t<\/p>\n\t<\/div>\n<\/header>\n\n<section class=\"section--action py-40 bg-greylight\">\n    <div class=\"container relative grid-cols-12 gap-8 md:grid\">\n        \n        <div class=\"relative z-10 flex flex-row flex-wrap content-between col-span-12 gap-10 md:col-span-10 md:col-start-2\">\n                            <a\n    href=\"https:\/\/enabel.lademo.be\/fr\/nos-actions\/defis-mondiaux\/changement-climatique-et-environnement\/\"\n    class=\"has-cursor card--action card--animation | overflow-hidden font-normal no-underline text-inherit w-full md:w-[46%] lg:w-[47%] \"\n    data-aos=\"fade-down\"\n    data-aos-delay=\"000\"\n    >\n    <div class=\"relative card--top h-[340px] flex items-center\">\n        <img loading=\"lazy\" decoding=\"async\" width=\"1026\" height=\"700\" src=\"https:\/\/enabel.lademo.be\/app\/uploads\/2022\/06\/image.jpg\" class=\"absolute top-0 left-0 h-full w-full object-cover object-center wp-post-image\" alt=\"kids pouring water in a bucket\" srcset=\"https:\/\/enabel.lademo.be\/app\/uploads\/2022\/06\/image.jpg 1026w, https:\/\/enabel.lademo.be\/app\/uploads\/2022\/06\/image-300x205.jpg 300w, https:\/\/enabel.lademo.be\/app\/uploads\/2022\/06\/image-1024x699.jpg 1024w, https:\/\/enabel.lademo.be\/app\/uploads\/2022\/06\/image-768x524.jpg 768w\" sizes=\"auto, (max-width: 1026px) 100vw, 1026px\" \/>\n        <p class=\"px-[24px] z-10\">\n            Le changement climatique est l\u2019un des d\u00e9fis les plus d\u00e9stabilisants auxquels est confront\u00e9e notre plan\u00e8te. Ses impacts n\u00e9gatifs s\u2019acc\u00e9l\u00e8rent et deviennent chaque jour plus visibles. De plus, ce sont les pays qui contribuent le moins au changement climatique qui en paient le plus lourd tribut. Comme le soulignent les rapports successifs du Groupe d\u2019experts intergouvernemental sur l\u2019\u00e9volution du climat, l\u2019urgence climatique est bien r\u00e9elle. En savoir plus sur les actions que nous appuyons.   \n        <\/p>\n    <\/div>\n    <h3 class=\"relative z-10 flex justify-between w-full p-6 mb-0\">\n        Changement climatique et environnement\n        <svg width=\"17\" height=\"12\" viewBox=\"0 0 17 12\" fill=\"none\" xmlns=\"http:\/\/www.w3.org\/2000\/svg\" class=\"min-w-[43px]\">\n\t<path d=\"M0 6.00004L16.0319 6.00004M16.0319 6.00004L10.705 0.813232M16.0319 6.00004L10.705 11.1868\" stroke=\"#012D3A\"\/>\n<\/svg>\n    <\/h3>\n<\/a>\n                            <a\n    href=\"https:\/\/enabel.lademo.be\/fr\/nos-actions\/defis-mondiaux\/inegalites-sociales-et-economiques\/\"\n    class=\"has-cursor card--action card--animation | overflow-hidden font-normal no-underline text-inherit w-full md:w-[46%] lg:w-[47%] \"\n    data-aos=\"fade-down\"\n    data-aos-delay=\"100\"\n    >\n    <div class=\"relative card--top h-[340px] flex items-center\">\n        <img loading=\"lazy\" decoding=\"async\" width=\"1500\" height=\"1000\" src=\"https:\/\/enabel.lademo.be\/app\/uploads\/2022\/08\/Mali_Enabel_20_DSC06505_KristofVadino.jpg\" class=\"absolute top-0 left-0 h-full w-full object-cover object-center wp-post-image\" alt=\"shadow of a child on a fishing boat in Mali\" srcset=\"https:\/\/enabel.lademo.be\/app\/uploads\/2022\/08\/Mali_Enabel_20_DSC06505_KristofVadino.jpg 1500w, https:\/\/enabel.lademo.be\/app\/uploads\/2022\/08\/Mali_Enabel_20_DSC06505_KristofVadino-300x200.jpg 300w, https:\/\/enabel.lademo.be\/app\/uploads\/2022\/08\/Mali_Enabel_20_DSC06505_KristofVadino-1024x683.jpg 1024w, https:\/\/enabel.lademo.be\/app\/uploads\/2022\/08\/Mali_Enabel_20_DSC06505_KristofVadino-768x512.jpg 768w\" sizes=\"auto, (max-width: 1500px) 100vw, 1500px\" \/>\n        <p class=\"px-[24px] z-10\">\n            Enabel s\u2019emploie \u00e0 garantir l\u2019\u00e9galit\u00e9 d\u2019acc\u00e8s \u00e0 des services de base de qualit\u00e9 et \u00e0 des m\u00e9canismes de protection sociale, \u00e0 offrir des opportunit\u00e9s commerciales durables et des emplois d\u00e9cents, et \u00e0 lutter contre les pratiques discriminatoires et les st\u00e9r\u00e9otypes de genre qui sont pr\u00e9judiciables \u00e0 l\u2019inclusion. En savoir plus sur nos actions tendant vers une plus grande \u00e9galit\u00e9 sociale et \u00e9conomique.  \n        <\/p>\n    <\/div>\n    <h3 class=\"relative z-10 flex justify-between w-full p-6 mb-0\">\n        In\u00e9galit\u00e9s sociales et \u00e9conomiques\n        <svg width=\"17\" height=\"12\" viewBox=\"0 0 17 12\" fill=\"none\" xmlns=\"http:\/\/www.w3.org\/2000\/svg\" class=\"min-w-[43px]\">\n\t<path d=\"M0 6.00004L16.0319 6.00004M16.0319 6.00004L10.705 0.813232M16.0319 6.00004L10.705 11.1868\" stroke=\"#012D3A\"\/>\n<\/svg>\n    <\/h3>\n<\/a>\n                            <a\n    href=\"https:\/\/enabel.lademo.be\/fr\/nos-actions\/defis-mondiaux\/mobilite-humaine\/\"\n    class=\"has-cursor card--action card--animation | overflow-hidden font-normal no-underline text-inherit w-full md:w-[46%] lg:w-[47%] \"\n    data-aos=\"fade-down\"\n    data-aos-delay=\"200\"\n    >\n    <div class=\"relative card--top h-[340px] flex items-center\">\n        <img loading=\"lazy\" decoding=\"async\" width=\"1900\" height=\"950\" src=\"https:\/\/enabel.lademo.be\/app\/uploads\/2022\/08\/Untitled-design-1-1.jpg\" class=\"absolute top-0 left-0 h-full w-full object-cover object-center wp-post-image\" alt=\"\" srcset=\"https:\/\/enabel.lademo.be\/app\/uploads\/2022\/08\/Untitled-design-1-1.jpg 1900w, https:\/\/enabel.lademo.be\/app\/uploads\/2022\/08\/Untitled-design-1-1-300x150.jpg 300w, https:\/\/enabel.lademo.be\/app\/uploads\/2022\/08\/Untitled-design-1-1-1024x512.jpg 1024w, https:\/\/enabel.lademo.be\/app\/uploads\/2022\/08\/Untitled-design-1-1-768x384.jpg 768w, https:\/\/enabel.lademo.be\/app\/uploads\/2022\/08\/Untitled-design-1-1-1536x768.jpg 1536w\" sizes=\"auto, (max-width: 1900px) 100vw, 1900px\" \/>\n        <p class=\"px-[24px] z-10\">\n            Dans un monde caract\u00e9ris\u00e9 par de grandes diff\u00e9rences dans le d\u00e9veloppement humain, la mobilit\u00e9 repr\u00e9sente une option importante pour am\u00e9liorer les conditions de vie de beaucoup d\u2019individus. Bien g\u00e9r\u00e9e, elle est un catalyseur d\u2019un d\u00e9veloppement \u00e9conomique et social inclusif, tant pour les personnes migrantes que pour les communaut\u00e9s et les pays de r\u00e9sidence et d\u2019origine. \n        <\/p>\n    <\/div>\n    <h3 class=\"relative z-10 flex justify-between w-full p-6 mb-0\">\n        Mobilit\u00e9 humaine\n        <svg width=\"17\" height=\"12\" viewBox=\"0 0 17 12\" fill=\"none\" xmlns=\"http:\/\/www.w3.org\/2000\/svg\" class=\"min-w-[43px]\">\n\t<path d=\"M0 6.00004L16.0319 6.00004M16.0319 6.00004L10.705 0.813232M16.0319 6.00004L10.705 11.1868\" stroke=\"#012D3A\"\/>\n<\/svg>\n    <\/h3>\n<\/a>\n                            <a\n    href=\"https:\/\/enabel.lademo.be\/fr\/nos-actions\/defis-mondiaux\/paix-securite\/\"\n    class=\"has-cursor card--action card--animation | overflow-hidden font-normal no-underline text-inherit w-full md:w-[46%] lg:w-[47%] \"\n    data-aos=\"fade-down\"\n    data-aos-delay=\"300\"\n    >\n    <div class=\"relative card--top h-[340px] flex items-center\">\n        <img loading=\"lazy\" decoding=\"async\" width=\"1900\" height=\"950\" src=\"https:\/\/enabel.lademo.be\/app\/uploads\/2022\/08\/1900X950px_Paix_Securite_06_2020.jpg\" class=\"absolute top-0 left-0 h-full w-full object-cover object-center wp-post-image\" alt=\"a woman discussing with a man in a corridor\" srcset=\"https:\/\/enabel.lademo.be\/app\/uploads\/2022\/08\/1900X950px_Paix_Securite_06_2020.jpg 1900w, https:\/\/enabel.lademo.be\/app\/uploads\/2022\/08\/1900X950px_Paix_Securite_06_2020-300x150.jpg 300w, https:\/\/enabel.lademo.be\/app\/uploads\/2022\/08\/1900X950px_Paix_Securite_06_2020-1024x512.jpg 1024w, https:\/\/enabel.lademo.be\/app\/uploads\/2022\/08\/1900X950px_Paix_Securite_06_2020-768x384.jpg 768w, https:\/\/enabel.lademo.be\/app\/uploads\/2022\/08\/1900X950px_Paix_Securite_06_2020-1536x768.jpg 1536w\" sizes=\"auto, (max-width: 1900px) 100vw, 1900px\" \/>\n        <p class=\"px-[24px] z-10\">\n            La fragilit\u00e9, les conflits et la violence ont une incidence manifeste sur la pauvret\u00e9. L\u2019extr\u00eame pauvret\u00e9 ne cro\u00eet que dans les \u00c9tats fragiles. Le d\u00e9veloppement durable ne peut aboutir sans la paix et la s\u00e9curit\u00e9\u2009qui, inversement, sont menac\u00e9es sans le d\u00e9veloppement durable. En savoir plus sur notre travail dans ce domaine  \n        <\/p>\n    <\/div>\n    <h3 class=\"relative z-10 flex justify-between w-full p-6 mb-0\">\n        Paix &#038; s\u00e9curit\u00e9\n        <svg width=\"17\" height=\"12\" viewBox=\"0 0 17 12\" fill=\"none\" xmlns=\"http:\/\/www.w3.org\/2000\/svg\" class=\"min-w-[43px]\">\n\t<path d=\"M0 6.00004L16.0319 6.00004M16.0319 6.00004L10.705 0.813232M16.0319 6.00004L10.705 11.1868\" stroke=\"#012D3A\"\/>\n<\/svg>\n    <\/h3>\n<\/a>\n                            <a\n    href=\"https:\/\/enabel.lademo.be\/fr\/nos-actions\/defis-mondiaux\/urbanisation\/\"\n    class=\"has-cursor card--action card--animation | overflow-hidden font-normal no-underline text-inherit w-full md:w-[46%] lg:w-[47%] \"\n    data-aos=\"fade-down\"\n    data-aos-delay=\"400\"\n    >\n    <div class=\"relative card--top h-[340px] flex items-center\">\n        <img loading=\"lazy\" decoding=\"async\" width=\"1900\" height=\"950\" src=\"https:\/\/enabel.lademo.be\/app\/uploads\/2022\/08\/Untitled-design-2-1.jpg\" class=\"absolute top-0 left-0 h-full w-full object-cover object-center wp-post-image\" alt=\"a city view in Palestine\" srcset=\"https:\/\/enabel.lademo.be\/app\/uploads\/2022\/08\/Untitled-design-2-1.jpg 1900w, https:\/\/enabel.lademo.be\/app\/uploads\/2022\/08\/Untitled-design-2-1-300x150.jpg 300w, https:\/\/enabel.lademo.be\/app\/uploads\/2022\/08\/Untitled-design-2-1-1024x512.jpg 1024w, https:\/\/enabel.lademo.be\/app\/uploads\/2022\/08\/Untitled-design-2-1-768x384.jpg 768w, https:\/\/enabel.lademo.be\/app\/uploads\/2022\/08\/Untitled-design-2-1-1536x768.jpg 1536w\" sizes=\"auto, (max-width: 1900px) 100vw, 1900px\" \/>\n        <p class=\"px-[24px] z-10\">\n            L\u2019urbanisation gagne toujours plus de terrain sur notre plan\u00e8te. D\u2019ici 2050, 70\u202f% de la population mondiale vivra en ville. Cette tendance mondiale concerne \u00e0 la fois l\u2019essor des m\u00e9galopoles et l\u2019expansion des petites et moyennes villes. En savoir plus sur nos actions en mati\u00e8re d\u2019urbanisation.  \n        <\/p>\n    <\/div>\n    <h3 class=\"relative z-10 flex justify-between w-full p-6 mb-0\">\n        Urbanisation\n        <svg width=\"17\" height=\"12\" viewBox=\"0 0 17 12\" fill=\"none\" xmlns=\"http:\/\/www.w3.org\/2000\/svg\" class=\"min-w-[43px]\">\n\t<path d=\"M0 6.00004L16.0319 6.00004M16.0319 6.00004L10.705 0.813232M16.0319 6.00004L10.705 11.1868\" stroke=\"#012D3A\"\/>\n<\/svg>\n    <\/h3>\n<\/a>\n                    <\/div>\n            <\/div>\n<\/section>\n","protected":false},"excerpt":{"rendered":"","protected":false},"author":3,"featured_media":3691,"parent":4588,"menu_order":0,"comment_status":"closed","ping_status":"closed","template":"","meta":{"_acf_changed":false,"footnotes":""},"class_list":["post-4595","page","type-page","status-publish","has-post-thumbnail","hentry"],"yoast_head":"<!-- This site is optimized with the Yoast SEO plugin v25.9 - https:\/\/yoast.com\/wordpress\/plugins\/seo\/ -->\n<title>Relever les d\u00e9fis mondiaux - Enabel<\/title>\n<meta name=\"description\" content=\"Le changement climatique, l\u2019urbanisation, la mobilit\u00e9 humaine, les in\u00e9galit\u00e9s sociales et \u00e9conomiques, la paix et la s\u00e9curit\u00e9 : en savoir plus sur les d\u00e9fis mondiaux\" \/>\n<meta name=\"robots\" content=\"index, follow, max-snippet:-1, max-image-preview:large, max-video-preview:-1\" \/>\n<link rel=\"canonical\" href=\"https:\/\/enabel.lademo.be\/fr\/nos-actions\/defis-mondiaux\/\" \/>\n<meta property=\"og:locale\" content=\"fr_FR\" \/>\n<meta property=\"og:type\" content=\"article\" \/>\n<meta property=\"og:title\" content=\"Relever les d\u00e9fis mondiaux - Enabel\" \/>\n<meta property=\"og:description\" content=\"Le changement climatique, l\u2019urbanisation, la mobilit\u00e9 humaine, les in\u00e9galit\u00e9s sociales et \u00e9conomiques, la paix et la s\u00e9curit\u00e9 : en savoir plus sur les d\u00e9fis mondiaux\" \/>\n<meta property=\"og:url\" content=\"https:\/\/enabel.lademo.be\/fr\/nos-actions\/defis-mondiaux\/\" \/>\n<meta property=\"og:site_name\" content=\"Enabel\" \/>\n<meta property=\"article:publisher\" content=\"https:\/\/www.facebook.com\/EnabelBelgium\/\" \/>\n<meta property=\"article:modified_time\" content=\"2022-09-27T10:06:02+00:00\" \/>\n<meta property=\"og:image\" content=\"http:\/\/enabel.lademo.be\/app\/uploads\/2022\/08\/Kisangani3-39-scaled.jpg\" \/>\n\t<meta property=\"og:image:width\" content=\"2560\" \/>\n\t<meta property=\"og:image:height\" content=\"1709\" \/>\n\t<meta property=\"og:image:type\" content=\"image\/jpeg\" \/>\n<meta name=\"twitter:card\" content=\"summary_large_image\" \/>\n<meta name=\"twitter:site\" content=\"@Enabel_Belgium\" \/>\n<script type=\"application\/ld+json\" class=\"yoast-schema-graph\">{\"@context\":\"https:\/\/schema.org\",\"@graph\":[{\"@type\":\"WebPage\",\"@id\":\"https:\/\/enabel.lademo.be\/fr\/nos-actions\/defis-mondiaux\/\",\"url\":\"https:\/\/enabel.lademo.be\/fr\/nos-actions\/defis-mondiaux\/\",\"name\":\"Relever les d\u00e9fis mondiaux - Enabel\",\"isPartOf\":{\"@id\":\"https:\/\/enabel.lademo.be\/fr\/#website\"},\"primaryImageOfPage\":{\"@id\":\"https:\/\/enabel.lademo.be\/fr\/nos-actions\/defis-mondiaux\/#primaryimage\"},\"image\":{\"@id\":\"https:\/\/enabel.lademo.be\/fr\/nos-actions\/defis-mondiaux\/#primaryimage\"},\"thumbnailUrl\":\"https:\/\/enabel.lademo.be\/app\/uploads\/2022\/08\/Kisangani3-39-scaled.jpg\",\"datePublished\":\"2022-06-21T15:03:26+00:00\",\"dateModified\":\"2022-09-27T10:06:02+00:00\",\"description\":\"Le changement climatique, l\u2019urbanisation, la mobilit\u00e9 humaine, les in\u00e9galit\u00e9s sociales et \u00e9conomiques, la paix et la s\u00e9curit\u00e9 : en savoir plus sur les d\u00e9fis mondiaux\",\"breadcrumb\":{\"@id\":\"https:\/\/enabel.lademo.be\/fr\/nos-actions\/defis-mondiaux\/#breadcrumb\"},\"inLanguage\":\"fr-FR\",\"potentialAction\":[{\"@type\":\"ReadAction\",\"target\":[\"https:\/\/enabel.lademo.be\/fr\/nos-actions\/defis-mondiaux\/\"]}]},{\"@type\":\"ImageObject\",\"inLanguage\":\"fr-FR\",\"@id\":\"https:\/\/enabel.lademo.be\/fr\/nos-actions\/defis-mondiaux\/#primaryimage\",\"url\":\"https:\/\/enabel.lademo.be\/app\/uploads\/2022\/08\/Kisangani3-39-scaled.jpg\",\"contentUrl\":\"https:\/\/enabel.lademo.be\/app\/uploads\/2022\/08\/Kisangani3-39-scaled.jpg\",\"width\":2560,\"height\":1709,\"caption\":\"Vue sur le barrage de la thsopo.\"},{\"@type\":\"BreadcrumbList\",\"@id\":\"https:\/\/enabel.lademo.be\/fr\/nos-actions\/defis-mondiaux\/#breadcrumb\",\"itemListElement\":[{\"@type\":\"ListItem\",\"position\":1,\"name\":\"Home\",\"item\":\"https:\/\/enabel.lademo.be\/fr\/\"},{\"@type\":\"ListItem\",\"position\":2,\"name\":\"Nos actions\",\"item\":\"https:\/\/enabel.lademo.be\/fr\/nos-actions\/\"},{\"@type\":\"ListItem\",\"position\":3,\"name\":\"Relever les d\u00e9fis mondiaux\"}]},{\"@type\":\"WebSite\",\"@id\":\"https:\/\/enabel.lademo.be\/fr\/#website\",\"url\":\"https:\/\/enabel.lademo.be\/fr\/\",\"name\":\"Enabel\",\"description\":\"Enabling Change\",\"publisher\":{\"@id\":\"https:\/\/enabel.lademo.be\/fr\/#organization\"},\"potentialAction\":[{\"@type\":\"SearchAction\",\"target\":{\"@type\":\"EntryPoint\",\"urlTemplate\":\"https:\/\/enabel.lademo.be\/fr\/?s={search_term_string}\"},\"query-input\":{\"@type\":\"PropertyValueSpecification\",\"valueRequired\":true,\"valueName\":\"search_term_string\"}}],\"inLanguage\":\"fr-FR\"},{\"@type\":\"Organization\",\"@id\":\"https:\/\/enabel.lademo.be\/fr\/#organization\",\"name\":\"Enabel\",\"url\":\"https:\/\/enabel.lademo.be\/fr\/\",\"logo\":{\"@type\":\"ImageObject\",\"inLanguage\":\"fr-FR\",\"@id\":\"https:\/\/enabel.lademo.be\/fr\/#\/schema\/logo\/image\/\",\"url\":\"https:\/\/www.enabel.be\/app\/uploads\/2022\/06\/enabel-logo-color.svg\",\"contentUrl\":\"https:\/\/www.enabel.be\/app\/uploads\/2022\/06\/enabel-logo-color.svg\",\"width\":103,\"height\":35,\"caption\":\"Enabel\"},\"image\":{\"@id\":\"https:\/\/enabel.lademo.be\/fr\/#\/schema\/logo\/image\/\"},\"sameAs\":[\"https:\/\/www.facebook.com\/EnabelBelgium\/\",\"https:\/\/x.com\/Enabel_Belgium\",\"https:\/\/www.instagram.com\/enabel_be\/\",\"https:\/\/www.linkedin.com\/company\/enabel\/\",\"https:\/\/www.youtube.com\/channel\/UCHGr3iOQ9n2jORzgtkv5FyQ\"]}]}<\/script>\n<!-- \/ Yoast SEO plugin. -->","yoast_head_json":{"title":"Relever les d\u00e9fis mondiaux - Enabel","description":"Le changement climatique, l\u2019urbanisation, la mobilit\u00e9 humaine, les in\u00e9galit\u00e9s sociales et \u00e9conomiques, la paix et la s\u00e9curit\u00e9 : en savoir plus sur les d\u00e9fis mondiaux","robots":{"index":"index","follow":"follow","max-snippet":"max-snippet:-1","max-image-preview":"max-image-preview:large","max-video-preview":"max-video-preview:-1"},"canonical":"https:\/\/enabel.lademo.be\/fr\/nos-actions\/defis-mondiaux\/","og_locale":"fr_FR","og_type":"article","og_title":"Relever les d\u00e9fis mondiaux - Enabel","og_description":"Le changement climatique, l\u2019urbanisation, la mobilit\u00e9 humaine, les in\u00e9galit\u00e9s sociales et \u00e9conomiques, la paix et la s\u00e9curit\u00e9 : en savoir plus sur les d\u00e9fis mondiaux","og_url":"https:\/\/enabel.lademo.be\/fr\/nos-actions\/defis-mondiaux\/","og_site_name":"Enabel","article_publisher":"https:\/\/www.facebook.com\/EnabelBelgium\/","article_modified_time":"2022-09-27T10:06:02+00:00","og_image":[{"width":2560,"height":1709,"url":"http:\/\/enabel.lademo.be\/app\/uploads\/2022\/08\/Kisangani3-39-scaled.jpg","type":"image\/jpeg"}],"twitter_card":"summary_large_image","twitter_site":"@Enabel_Belgium","schema":{"@context":"https:\/\/schema.org","@graph":[{"@type":"WebPage","@id":"https:\/\/enabel.lademo.be\/fr\/nos-actions\/defis-mondiaux\/","url":"https:\/\/enabel.lademo.be\/fr\/nos-actions\/defis-mondiaux\/","name":"Relever les d\u00e9fis mondiaux - Enabel","isPartOf":{"@id":"https:\/\/enabel.lademo.be\/fr\/#website"},"primaryImageOfPage":{"@id":"https:\/\/enabel.lademo.be\/fr\/nos-actions\/defis-mondiaux\/#primaryimage"},"image":{"@id":"https:\/\/enabel.lademo.be\/fr\/nos-actions\/defis-mondiaux\/#primaryimage"},"thumbnailUrl":"https:\/\/enabel.lademo.be\/app\/uploads\/2022\/08\/Kisangani3-39-scaled.jpg","datePublished":"2022-06-21T15:03:26+00:00","dateModified":"2022-09-27T10:06:02+00:00","description":"Le changement climatique, l\u2019urbanisation, la mobilit\u00e9 humaine, les in\u00e9galit\u00e9s sociales et \u00e9conomiques, la paix et la s\u00e9curit\u00e9 : en savoir plus sur les d\u00e9fis mondiaux","breadcrumb":{"@id":"https:\/\/enabel.lademo.be\/fr\/nos-actions\/defis-mondiaux\/#breadcrumb"},"inLanguage":"fr-FR","potentialAction":[{"@type":"ReadAction","target":["https:\/\/enabel.lademo.be\/fr\/nos-actions\/defis-mondiaux\/"]}]},{"@type":"ImageObject","inLanguage":"fr-FR","@id":"https:\/\/enabel.lademo.be\/fr\/nos-actions\/defis-mondiaux\/#primaryimage","url":"https:\/\/enabel.lademo.be\/app\/uploads\/2022\/08\/Kisangani3-39-scaled.jpg","contentUrl":"https:\/\/enabel.lademo.be\/app\/uploads\/2022\/08\/Kisangani3-39-scaled.jpg","width":2560,"height":1709,"caption":"Vue sur le barrage de la thsopo."},{"@type":"BreadcrumbList","@id":"https:\/\/enabel.lademo.be\/fr\/nos-actions\/defis-mondiaux\/#breadcrumb","itemListElement":[{"@type":"ListItem","position":1,"name":"Home","item":"https:\/\/enabel.lademo.be\/fr\/"},{"@type":"ListItem","position":2,"name":"Nos actions","item":"https:\/\/enabel.lademo.be\/fr\/nos-actions\/"},{"@type":"ListItem","position":3,"name":"Relever les d\u00e9fis mondiaux"}]},{"@type":"WebSite","@id":"https:\/\/enabel.lademo.be\/fr\/#website","url":"https:\/\/enabel.lademo.be\/fr\/","name":"Enabel","description":"Enabling Change","publisher":{"@id":"https:\/\/enabel.lademo.be\/fr\/#organization"},"potentialAction":[{"@type":"SearchAction","target":{"@type":"EntryPoint","urlTemplate":"https:\/\/enabel.lademo.be\/fr\/?s={search_term_string}"},"query-input":{"@type":"PropertyValueSpecification","valueRequired":true,"valueName":"search_term_string"}}],"inLanguage":"fr-FR"},{"@type":"Organization","@id":"https:\/\/enabel.lademo.be\/fr\/#organization","name":"Enabel","url":"https:\/\/enabel.lademo.be\/fr\/","logo":{"@type":"ImageObject","inLanguage":"fr-FR","@id":"https:\/\/enabel.lademo.be\/fr\/#\/schema\/logo\/image\/","url":"https:\/\/www.enabel.be\/app\/uploads\/2022\/06\/enabel-logo-color.svg","contentUrl":"https:\/\/www.enabel.be\/app\/uploads\/2022\/06\/enabel-logo-color.svg","width":103,"height":35,"caption":"Enabel"},"image":{"@id":"https:\/\/enabel.lademo.be\/fr\/#\/schema\/logo\/image\/"},"sameAs":["https:\/\/www.facebook.com\/EnabelBelgium\/","https:\/\/x.com\/Enabel_Belgium","https:\/\/www.instagram.com\/enabel_be\/","https:\/\/www.linkedin.com\/company\/enabel\/","https:\/\/www.youtube.com\/channel\/UCHGr3iOQ9n2jORzgtkv5FyQ"]}]}},"acf":[],"_links":{"self":[{"href":"https:\/\/enabel.lademo.be\/fr\/wp-json\/wp\/v2\/pages\/4595","targetHints":{"allow":["GET"]}}],"collection":[{"href":"https:\/\/enabel.lademo.be\/fr\/wp-json\/wp\/v2\/pages"}],"about":[{"href":"https:\/\/enabel.lademo.be\/fr\/wp-json\/wp\/v2\/types\/page"}],"author":[{"embeddable":true,"href":"https:\/\/enabel.lademo.be\/fr\/wp-json\/wp\/v2\/users\/3"}],"replies":[{"embeddable":true,"href":"https:\/\/enabel.lademo.be\/fr\/wp-json\/wp\/v2\/comments?post=4595"}],"version-history":[{"count":0,"href":"https:\/\/enabel.lademo.be\/fr\/wp-json\/wp\/v2\/pages\/4595\/revisions"}],"up":[{"embeddable":true,"href":"https:\/\/enabel.lademo.be\/fr\/wp-json\/wp\/v2\/pages\/4588"}],"wp:featuredmedia":[{"embeddable":true,"href":"https:\/\/enabel.lademo.be\/fr\/wp-json\/wp\/v2\/media\/3691"}],"wp:attachment":[{"href":"https:\/\/enabel.lademo.be\/fr\/wp-json\/wp\/v2\/media?parent=4595"}],"curies":[{"name":"wp","href":"https:\/\/api.w.org\/{rel}","templated":true}]}}