{"id":4588,"date":"2022-06-22T11:30:31","date_gmt":"2022-06-22T11:30:31","guid":{"rendered":"https:\/\/www.enabel.be\/?page_id=4588"},"modified":"2022-10-20T07:37:03","modified_gmt":"2022-10-20T07:37:03","slug":"nos-actions","status":"publish","type":"page","link":"https:\/\/enabel.lademo.be\/fr\/nos-actions\/","title":{"rendered":"Nos actions"},"content":{"rendered":"<header class=\"header--big relative flex align-center items-center min-h-screen\">\n\t<div class=\"z-20 container grid grid-cols-12\">\n\t\t<div class=\"z-30 relative col-span-12 md:col-span-8 col-start-1 md:col-start-3 text-center text-white\">\n\t\t\t\t\t\t<h1 data-aos=\"fade-up mb-0\">Nos actions<\/h1>\n\t\t\t\t\t<\/div>\n\t<\/div>\n\t\t\t\t\t\t\t<img loading=\"lazy\" decoding=\"async\" width=\"1216\" height=\"564\" src=\"https:\/\/enabel.lademo.be\/app\/uploads\/2022\/05\/Rectangle-1460.jpg\" class=\"z-0 absolute inset-0 w-full h-full object-cover object-top wp-post-image\" alt=\"\" srcset=\"https:\/\/enabel.lademo.be\/app\/uploads\/2022\/05\/Rectangle-1460.jpg 1216w, https:\/\/enabel.lademo.be\/app\/uploads\/2022\/05\/Rectangle-1460-300x139.jpg 300w, https:\/\/enabel.lademo.be\/app\/uploads\/2022\/05\/Rectangle-1460-1024x475.jpg 1024w, https:\/\/enabel.lademo.be\/app\/uploads\/2022\/05\/Rectangle-1460-768x356.jpg 768w\" sizes=\"auto, (max-width: 1216px) 100vw, 1216px\" \/>\n\t\t\t\t\t<div class=\"scroll rellax\" data-rellax-percentage=\"0.5\" data-rellax-speed=\"-1.5\">\n\t\t<p>\n\t\t\tScroll\n\t\t<\/p>\n\t<\/div>\n<\/header>\n\n<section class=\"section--action py-40 bg-greylight\">\n    <div class=\"container relative grid-cols-12 gap-8 md:grid\">\n        \n        <div class=\"relative z-10 flex flex-row flex-wrap content-between col-span-12 gap-10 md:col-span-10 md:col-start-2\">\n                            <a\n    href=\"https:\/\/enabel.lademo.be\/fr\/nos-actions\/creer-des-partenariats\/\"\n    class=\"has-cursor card--action card--animation | overflow-hidden font-normal no-underline text-inherit w-full md:w-[46%] lg:w-[47%] \"\n    data-aos=\"fade-down\"\n    data-aos-delay=\"000\"\n    >\n    <div class=\"relative card--top h-[340px] flex items-center\">\n        <img loading=\"lazy\" decoding=\"async\" width=\"1216\" height=\"564\" src=\"https:\/\/enabel.lademo.be\/app\/uploads\/2022\/09\/Header-website-B-2.jpg\" class=\"absolute top-0 left-0 h-full w-full object-cover object-center wp-post-image\" alt=\"Colleagues of a learning disability centre for children pose for a picture in Palestine\" srcset=\"https:\/\/enabel.lademo.be\/app\/uploads\/2022\/09\/Header-website-B-2.jpg 1216w, https:\/\/enabel.lademo.be\/app\/uploads\/2022\/09\/Header-website-B-2-300x139.jpg 300w, https:\/\/enabel.lademo.be\/app\/uploads\/2022\/09\/Header-website-B-2-1024x475.jpg 1024w, https:\/\/enabel.lademo.be\/app\/uploads\/2022\/09\/Header-website-B-2-768x356.jpg 768w\" sizes=\"auto, (max-width: 1216px) 100vw, 1216px\" \/>\n        <p class=\"px-[24px] z-10\">\n            Nous signons des partenariats strat\u00e9giques avec le secteur public et priv\u00e9 ainsi qu\u2019avec des organisations de la soci\u00e9t\u00e9 civile. Ces partenariats nous permettent de partager des connaissances et des exp\u00e9riences, et de mobiliser l\u2019expertise belge et internationale dans divers secteurs, th\u00e8mes, r\u00e9gions, etc. \n        <\/p>\n    <\/div>\n    <h3 class=\"relative z-10 flex justify-between w-full p-6 mb-0\">\n        Cr\u00e9er des partenariats\n        <svg width=\"17\" height=\"12\" viewBox=\"0 0 17 12\" fill=\"none\" xmlns=\"http:\/\/www.w3.org\/2000\/svg\" class=\"min-w-[43px]\">\n\t<path d=\"M0 6.00004L16.0319 6.00004M16.0319 6.00004L10.705 0.813232M16.0319 6.00004L10.705 11.1868\" stroke=\"#012D3A\"\/>\n<\/svg>\n    <\/h3>\n<\/a>\n                            <a\n    href=\"https:\/\/enabel.lademo.be\/fr\/nos-actions\/offrir-une-expertise\/\"\n    class=\"has-cursor card--action card--animation | overflow-hidden font-normal no-underline text-inherit w-full md:w-[46%] lg:w-[47%] \"\n    data-aos=\"fade-down\"\n    data-aos-delay=\"100\"\n    >\n    <div class=\"relative card--top h-[340px] flex items-center\">\n        <img loading=\"lazy\" decoding=\"async\" width=\"2560\" height=\"1708\" src=\"https:\/\/enabel.lademo.be\/app\/uploads\/2022\/09\/Enabel-42-scaled.jpg\" class=\"absolute top-0 left-0 h-full w-full object-cover object-center wp-post-image\" alt=\"Girls in Jerusalem taking a close look at a 3D-printer.\" srcset=\"https:\/\/enabel.lademo.be\/app\/uploads\/2022\/09\/Enabel-42-scaled.jpg 2560w, https:\/\/enabel.lademo.be\/app\/uploads\/2022\/09\/Enabel-42-300x200.jpg 300w, https:\/\/enabel.lademo.be\/app\/uploads\/2022\/09\/Enabel-42-1024x683.jpg 1024w, https:\/\/enabel.lademo.be\/app\/uploads\/2022\/09\/Enabel-42-768x512.jpg 768w, https:\/\/enabel.lademo.be\/app\/uploads\/2022\/09\/Enabel-42-1536x1025.jpg 1536w, https:\/\/enabel.lademo.be\/app\/uploads\/2022\/09\/Enabel-42-2048x1366.jpg 2048w\" sizes=\"auto, (max-width: 2560px) 100vw, 2560px\" \/>\n        <p class=\"px-[24px] z-10\">\n            Agriculture, assainissement, digitalisation, \u00e9nergie, genre, secteur priv\u00e9&#8230; En savoir plus sur nos diverses expertises. \n        <\/p>\n    <\/div>\n    <h3 class=\"relative z-10 flex justify-between w-full p-6 mb-0\">\n        Offrir une expertise\n        <svg width=\"17\" height=\"12\" viewBox=\"0 0 17 12\" fill=\"none\" xmlns=\"http:\/\/www.w3.org\/2000\/svg\" class=\"min-w-[43px]\">\n\t<path d=\"M0 6.00004L16.0319 6.00004M16.0319 6.00004L10.705 0.813232M16.0319 6.00004L10.705 11.1868\" stroke=\"#012D3A\"\/>\n<\/svg>\n    <\/h3>\n<\/a>\n                            <a\n    href=\"https:\/\/enabel.lademo.be\/fr\/nos-actions\/defis-mondiaux\/\"\n    class=\"has-cursor card--action card--animation | overflow-hidden font-normal no-underline text-inherit w-full md:w-[46%] lg:w-[47%] \"\n    data-aos=\"fade-down\"\n    data-aos-delay=\"200\"\n    >\n    <div class=\"relative card--top h-[340px] flex items-center\">\n        <img loading=\"lazy\" decoding=\"async\" width=\"2560\" height=\"1709\" src=\"https:\/\/enabel.lademo.be\/app\/uploads\/2022\/08\/Kisangani3-39-scaled.jpg\" class=\"absolute top-0 left-0 h-full w-full object-cover object-center wp-post-image\" alt=\"Man looking at a river and a bridge that is build nearby in Thsopo, DRC.\" srcset=\"https:\/\/enabel.lademo.be\/app\/uploads\/2022\/08\/Kisangani3-39-scaled.jpg 2560w, https:\/\/enabel.lademo.be\/app\/uploads\/2022\/08\/Kisangani3-39-300x200.jpg 300w, https:\/\/enabel.lademo.be\/app\/uploads\/2022\/08\/Kisangani3-39-1024x683.jpg 1024w, https:\/\/enabel.lademo.be\/app\/uploads\/2022\/08\/Kisangani3-39-768x513.jpg 768w, https:\/\/enabel.lademo.be\/app\/uploads\/2022\/08\/Kisangani3-39-1536x1025.jpg 1536w, https:\/\/enabel.lademo.be\/app\/uploads\/2022\/08\/Kisangani3-39-2048x1367.jpg 2048w\" sizes=\"auto, (max-width: 2560px) 100vw, 2560px\" \/>\n        <p class=\"px-[24px] z-10\">\n            Le monde est confront\u00e9 \u00e0 d\u2019\u00e9normes d\u00e9fis pour atteindre les Objectifs de d\u00e9veloppement durable d\u2019ici 2030. Enabel entend y contribuer en offrant son exp\u00e9rience et son expertise dans cinq domaines sp\u00e9cifiques\u202f: la paix et la s\u00e9curit\u00e9, le changement climatique et l\u2019environnement, les in\u00e9galit\u00e9s sociales et \u00e9conomiques, l\u2019urbanisation, ainsi que la mobilit\u00e9 humaine \n        <\/p>\n    <\/div>\n    <h3 class=\"relative z-10 flex justify-between w-full p-6 mb-0\">\n        Relever les d\u00e9fis mondiaux\n        <svg width=\"17\" height=\"12\" viewBox=\"0 0 17 12\" fill=\"none\" xmlns=\"http:\/\/www.w3.org\/2000\/svg\" class=\"min-w-[43px]\">\n\t<path d=\"M0 6.00004L16.0319 6.00004M16.0319 6.00004L10.705 0.813232M16.0319 6.00004L10.705 11.1868\" stroke=\"#012D3A\"\/>\n<\/svg>\n    <\/h3>\n<\/a>\n                            <a\n    href=\"https:\/\/enabel.lademo.be\/fr\/nos-actions\/promouvoir-la-citoyennete-mondiale\/\"\n    class=\"has-cursor card--action card--animation | overflow-hidden font-normal no-underline text-inherit w-full md:w-[46%] lg:w-[47%] \"\n    data-aos=\"fade-down\"\n    data-aos-delay=\"300\"\n    >\n    <div class=\"relative card--top h-[340px] flex items-center\">\n        <img loading=\"lazy\" decoding=\"async\" width=\"679\" height=\"580\" src=\"https:\/\/enabel.lademo.be\/app\/uploads\/2022\/06\/ectangle3255.jpg\" class=\"absolute top-0 left-0 h-full w-full object-cover object-center wp-post-image\" alt=\"\" srcset=\"https:\/\/enabel.lademo.be\/app\/uploads\/2022\/06\/ectangle3255.jpg 679w, https:\/\/enabel.lademo.be\/app\/uploads\/2022\/06\/ectangle3255-300x256.jpg 300w\" sizes=\"auto, (max-width: 679px) 100vw, 679px\" \/>\n        <p class=\"px-[24px] z-10\">\n            Notre monde est de plus en plus interconnect\u00e9 et les enjeux et d\u00e9fis mondiaux d\u00e9passent les fronti\u00e8res. Pour relever ces d\u00e9fis, nous nous assurons que les habitant\u00b7es de notre plan\u00e8te prennent conscience de leur r\u00f4le crucial en tant que citoyen\u00b7nes du monde ou citoyen\u00b7nes mondiaux\u00b7ales. \n        <\/p>\n    <\/div>\n    <h3 class=\"relative z-10 flex justify-between w-full p-6 mb-0\">\n        Promouvoir la citoyennet\u00e9 mondiale\n        <svg width=\"17\" height=\"12\" viewBox=\"0 0 17 12\" fill=\"none\" xmlns=\"http:\/\/www.w3.org\/2000\/svg\" class=\"min-w-[43px]\">\n\t<path d=\"M0 6.00004L16.0319 6.00004M16.0319 6.00004L10.705 0.813232M16.0319 6.00004L10.705 11.1868\" stroke=\"#012D3A\"\/>\n<\/svg>\n    <\/h3>\n<\/a>\n                    <\/div>\n            <\/div>\n<\/section>\n","protected":false},"excerpt":{"rendered":"","protected":false},"author":3,"featured_media":900,"parent":0,"menu_order":0,"comment_status":"closed","ping_status":"closed","template":"","meta":{"_acf_changed":false,"footnotes":""},"class_list":["post-4588","page","type-page","status-publish","has-post-thumbnail","hentry"],"yoast_head":"<!-- This site is optimized with the Yoast SEO plugin v25.9 - https:\/\/yoast.com\/wordpress\/plugins\/seo\/ -->\n<title>Nos actions - Enabel<\/title>\n<meta name=\"description\" content=\"Enabel fournit des solutions pour relever des d\u00e9fis mondiaux : le changement climatique, l\u2019urbanisation, la mobilit\u00e9 humaine, la paix et la s\u00e9curit\u00e9, les in\u00e9galit\u00e9s sociales et \u00e9conomiques.\" \/>\n<meta name=\"robots\" content=\"index, follow, max-snippet:-1, max-image-preview:large, max-video-preview:-1\" \/>\n<link rel=\"canonical\" href=\"https:\/\/enabel.lademo.be\/fr\/nos-actions\/\" \/>\n<meta property=\"og:locale\" content=\"fr_FR\" \/>\n<meta property=\"og:type\" content=\"article\" \/>\n<meta property=\"og:title\" content=\"Nos actions - Enabel\" \/>\n<meta property=\"og:description\" content=\"Enabel fournit des solutions pour relever des d\u00e9fis mondiaux : le changement climatique, l\u2019urbanisation, la mobilit\u00e9 humaine, la paix et la s\u00e9curit\u00e9, les in\u00e9galit\u00e9s sociales et \u00e9conomiques.\" \/>\n<meta property=\"og:url\" content=\"https:\/\/enabel.lademo.be\/fr\/nos-actions\/\" \/>\n<meta property=\"og:site_name\" content=\"Enabel\" \/>\n<meta property=\"article:publisher\" content=\"https:\/\/www.facebook.com\/EnabelBelgium\/\" \/>\n<meta property=\"article:modified_time\" content=\"2022-10-20T07:37:03+00:00\" \/>\n<meta property=\"og:image\" content=\"https:\/\/enabel.lademo.be\/app\/uploads\/2022\/05\/Rectangle-1460.jpg\" \/>\n\t<meta property=\"og:image:width\" content=\"1216\" \/>\n\t<meta property=\"og:image:height\" content=\"564\" \/>\n\t<meta property=\"og:image:type\" content=\"image\/jpeg\" \/>\n<meta name=\"twitter:card\" content=\"summary_large_image\" \/>\n<meta name=\"twitter:site\" content=\"@Enabel_Belgium\" \/>\n<script type=\"application\/ld+json\" class=\"yoast-schema-graph\">{\"@context\":\"https:\/\/schema.org\",\"@graph\":[{\"@type\":\"WebPage\",\"@id\":\"https:\/\/enabel.lademo.be\/fr\/nos-actions\/\",\"url\":\"https:\/\/enabel.lademo.be\/fr\/nos-actions\/\",\"name\":\"Nos actions - Enabel\",\"isPartOf\":{\"@id\":\"https:\/\/enabel.lademo.be\/fr\/#website\"},\"primaryImageOfPage\":{\"@id\":\"https:\/\/enabel.lademo.be\/fr\/nos-actions\/#primaryimage\"},\"image\":{\"@id\":\"https:\/\/enabel.lademo.be\/fr\/nos-actions\/#primaryimage\"},\"thumbnailUrl\":\"https:\/\/enabel.lademo.be\/app\/uploads\/2022\/05\/Rectangle-1460.jpg\",\"datePublished\":\"2022-06-22T11:30:31+00:00\",\"dateModified\":\"2022-10-20T07:37:03+00:00\",\"description\":\"Enabel fournit des solutions pour relever des d\u00e9fis mondiaux : le changement climatique, l\u2019urbanisation, la mobilit\u00e9 humaine, la paix et la s\u00e9curit\u00e9, les in\u00e9galit\u00e9s sociales et \u00e9conomiques.\",\"breadcrumb\":{\"@id\":\"https:\/\/enabel.lademo.be\/fr\/nos-actions\/#breadcrumb\"},\"inLanguage\":\"fr-FR\",\"potentialAction\":[{\"@type\":\"ReadAction\",\"target\":[\"https:\/\/enabel.lademo.be\/fr\/nos-actions\/\"]}]},{\"@type\":\"ImageObject\",\"inLanguage\":\"fr-FR\",\"@id\":\"https:\/\/enabel.lademo.be\/fr\/nos-actions\/#primaryimage\",\"url\":\"https:\/\/enabel.lademo.be\/app\/uploads\/2022\/05\/Rectangle-1460.jpg\",\"contentUrl\":\"https:\/\/enabel.lademo.be\/app\/uploads\/2022\/05\/Rectangle-1460.jpg\",\"width\":1216,\"height\":564},{\"@type\":\"BreadcrumbList\",\"@id\":\"https:\/\/enabel.lademo.be\/fr\/nos-actions\/#breadcrumb\",\"itemListElement\":[{\"@type\":\"ListItem\",\"position\":1,\"name\":\"Home\",\"item\":\"https:\/\/enabel.lademo.be\/fr\/\"},{\"@type\":\"ListItem\",\"position\":2,\"name\":\"Nos actions\"}]},{\"@type\":\"WebSite\",\"@id\":\"https:\/\/enabel.lademo.be\/fr\/#website\",\"url\":\"https:\/\/enabel.lademo.be\/fr\/\",\"name\":\"Enabel\",\"description\":\"Enabling Change\",\"publisher\":{\"@id\":\"https:\/\/enabel.lademo.be\/fr\/#organization\"},\"potentialAction\":[{\"@type\":\"SearchAction\",\"target\":{\"@type\":\"EntryPoint\",\"urlTemplate\":\"https:\/\/enabel.lademo.be\/fr\/?s={search_term_string}\"},\"query-input\":{\"@type\":\"PropertyValueSpecification\",\"valueRequired\":true,\"valueName\":\"search_term_string\"}}],\"inLanguage\":\"fr-FR\"},{\"@type\":\"Organization\",\"@id\":\"https:\/\/enabel.lademo.be\/fr\/#organization\",\"name\":\"Enabel\",\"url\":\"https:\/\/enabel.lademo.be\/fr\/\",\"logo\":{\"@type\":\"ImageObject\",\"inLanguage\":\"fr-FR\",\"@id\":\"https:\/\/enabel.lademo.be\/fr\/#\/schema\/logo\/image\/\",\"url\":\"https:\/\/www.enabel.be\/app\/uploads\/2022\/06\/enabel-logo-color.svg\",\"contentUrl\":\"https:\/\/www.enabel.be\/app\/uploads\/2022\/06\/enabel-logo-color.svg\",\"width\":103,\"height\":35,\"caption\":\"Enabel\"},\"image\":{\"@id\":\"https:\/\/enabel.lademo.be\/fr\/#\/schema\/logo\/image\/\"},\"sameAs\":[\"https:\/\/www.facebook.com\/EnabelBelgium\/\",\"https:\/\/x.com\/Enabel_Belgium\",\"https:\/\/www.instagram.com\/enabel_be\/\",\"https:\/\/www.linkedin.com\/company\/enabel\/\",\"https:\/\/www.youtube.com\/channel\/UCHGr3iOQ9n2jORzgtkv5FyQ\"]}]}<\/script>\n<!-- \/ Yoast SEO plugin. -->","yoast_head_json":{"title":"Nos actions - Enabel","description":"Enabel fournit des solutions pour relever des d\u00e9fis mondiaux : le changement climatique, l\u2019urbanisation, la mobilit\u00e9 humaine, la paix et la s\u00e9curit\u00e9, les in\u00e9galit\u00e9s sociales et \u00e9conomiques.","robots":{"index":"index","follow":"follow","max-snippet":"max-snippet:-1","max-image-preview":"max-image-preview:large","max-video-preview":"max-video-preview:-1"},"canonical":"https:\/\/enabel.lademo.be\/fr\/nos-actions\/","og_locale":"fr_FR","og_type":"article","og_title":"Nos actions - Enabel","og_description":"Enabel fournit des solutions pour relever des d\u00e9fis mondiaux : le changement climatique, l\u2019urbanisation, la mobilit\u00e9 humaine, la paix et la s\u00e9curit\u00e9, les in\u00e9galit\u00e9s sociales et \u00e9conomiques.","og_url":"https:\/\/enabel.lademo.be\/fr\/nos-actions\/","og_site_name":"Enabel","article_publisher":"https:\/\/www.facebook.com\/EnabelBelgium\/","article_modified_time":"2022-10-20T07:37:03+00:00","og_image":[{"width":1216,"height":564,"url":"https:\/\/enabel.lademo.be\/app\/uploads\/2022\/05\/Rectangle-1460.jpg","type":"image\/jpeg"}],"twitter_card":"summary_large_image","twitter_site":"@Enabel_Belgium","schema":{"@context":"https:\/\/schema.org","@graph":[{"@type":"WebPage","@id":"https:\/\/enabel.lademo.be\/fr\/nos-actions\/","url":"https:\/\/enabel.lademo.be\/fr\/nos-actions\/","name":"Nos actions - Enabel","isPartOf":{"@id":"https:\/\/enabel.lademo.be\/fr\/#website"},"primaryImageOfPage":{"@id":"https:\/\/enabel.lademo.be\/fr\/nos-actions\/#primaryimage"},"image":{"@id":"https:\/\/enabel.lademo.be\/fr\/nos-actions\/#primaryimage"},"thumbnailUrl":"https:\/\/enabel.lademo.be\/app\/uploads\/2022\/05\/Rectangle-1460.jpg","datePublished":"2022-06-22T11:30:31+00:00","dateModified":"2022-10-20T07:37:03+00:00","description":"Enabel fournit des solutions pour relever des d\u00e9fis mondiaux : le changement climatique, l\u2019urbanisation, la mobilit\u00e9 humaine, la paix et la s\u00e9curit\u00e9, les in\u00e9galit\u00e9s sociales et \u00e9conomiques.","breadcrumb":{"@id":"https:\/\/enabel.lademo.be\/fr\/nos-actions\/#breadcrumb"},"inLanguage":"fr-FR","potentialAction":[{"@type":"ReadAction","target":["https:\/\/enabel.lademo.be\/fr\/nos-actions\/"]}]},{"@type":"ImageObject","inLanguage":"fr-FR","@id":"https:\/\/enabel.lademo.be\/fr\/nos-actions\/#primaryimage","url":"https:\/\/enabel.lademo.be\/app\/uploads\/2022\/05\/Rectangle-1460.jpg","contentUrl":"https:\/\/enabel.lademo.be\/app\/uploads\/2022\/05\/Rectangle-1460.jpg","width":1216,"height":564},{"@type":"BreadcrumbList","@id":"https:\/\/enabel.lademo.be\/fr\/nos-actions\/#breadcrumb","itemListElement":[{"@type":"ListItem","position":1,"name":"Home","item":"https:\/\/enabel.lademo.be\/fr\/"},{"@type":"ListItem","position":2,"name":"Nos actions"}]},{"@type":"WebSite","@id":"https:\/\/enabel.lademo.be\/fr\/#website","url":"https:\/\/enabel.lademo.be\/fr\/","name":"Enabel","description":"Enabling Change","publisher":{"@id":"https:\/\/enabel.lademo.be\/fr\/#organization"},"potentialAction":[{"@type":"SearchAction","target":{"@type":"EntryPoint","urlTemplate":"https:\/\/enabel.lademo.be\/fr\/?s={search_term_string}"},"query-input":{"@type":"PropertyValueSpecification","valueRequired":true,"valueName":"search_term_string"}}],"inLanguage":"fr-FR"},{"@type":"Organization","@id":"https:\/\/enabel.lademo.be\/fr\/#organization","name":"Enabel","url":"https:\/\/enabel.lademo.be\/fr\/","logo":{"@type":"ImageObject","inLanguage":"fr-FR","@id":"https:\/\/enabel.lademo.be\/fr\/#\/schema\/logo\/image\/","url":"https:\/\/www.enabel.be\/app\/uploads\/2022\/06\/enabel-logo-color.svg","contentUrl":"https:\/\/www.enabel.be\/app\/uploads\/2022\/06\/enabel-logo-color.svg","width":103,"height":35,"caption":"Enabel"},"image":{"@id":"https:\/\/enabel.lademo.be\/fr\/#\/schema\/logo\/image\/"},"sameAs":["https:\/\/www.facebook.com\/EnabelBelgium\/","https:\/\/x.com\/Enabel_Belgium","https:\/\/www.instagram.com\/enabel_be\/","https:\/\/www.linkedin.com\/company\/enabel\/","https:\/\/www.youtube.com\/channel\/UCHGr3iOQ9n2jORzgtkv5FyQ"]}]}},"acf":[],"_links":{"self":[{"href":"https:\/\/enabel.lademo.be\/fr\/wp-json\/wp\/v2\/pages\/4588","targetHints":{"allow":["GET"]}}],"collection":[{"href":"https:\/\/enabel.lademo.be\/fr\/wp-json\/wp\/v2\/pages"}],"about":[{"href":"https:\/\/enabel.lademo.be\/fr\/wp-json\/wp\/v2\/types\/page"}],"author":[{"embeddable":true,"href":"https:\/\/enabel.lademo.be\/fr\/wp-json\/wp\/v2\/users\/3"}],"replies":[{"embeddable":true,"href":"https:\/\/enabel.lademo.be\/fr\/wp-json\/wp\/v2\/comments?post=4588"}],"version-history":[{"count":0,"href":"https:\/\/enabel.lademo.be\/fr\/wp-json\/wp\/v2\/pages\/4588\/revisions"}],"wp:featuredmedia":[{"embeddable":true,"href":"https:\/\/enabel.lademo.be\/fr\/wp-json\/wp\/v2\/media\/900"}],"wp:attachment":[{"href":"https:\/\/enabel.lademo.be\/fr\/wp-json\/wp\/v2\/media?parent=4588"}],"curies":[{"name":"wp","href":"https:\/\/api.w.org\/{rel}","templated":true}]}}