{"id":4379,"date":"2022-08-26T11:59:44","date_gmt":"2022-08-26T11:59:44","guid":{"rendered":"https:\/\/www.enabel.be\/?page_id=4379"},"modified":"2022-09-12T14:00:03","modified_gmt":"2022-09-12T14:00:03","slug":"surete-et-securite-du-personnel","status":"publish","type":"page","link":"https:\/\/enabel.lademo.be\/fr\/qui-sommes-nous\/surete-et-securite-du-personnel\/","title":{"rendered":"S\u00fbret\u00e9 et s\u00e9curit\u00e9 du personnel"},"content":{"rendered":"<header class=\"header--big relative flex align-center items-center min-h-screen\">\n\t<div class=\"z-20 container grid grid-cols-12\">\n\t\t<div class=\"z-30 relative col-span-12 md:col-span-8 col-start-1 md:col-start-3 text-center text-white\">\n\t\t\t\t\t\t<h1 data-aos=\"fade-up mb-0\">S\u00fbret\u00e9 et s\u00e9curit\u00e9 du personnel<\/h1>\n\t\t\t\t\t<\/div>\n\t<\/div>\n\t\t\t\t\t\t\t<img loading=\"lazy\" decoding=\"async\" width=\"1216\" height=\"564\" src=\"https:\/\/enabel.lademo.be\/app\/uploads\/2022\/08\/Header-website-B.jpg\" class=\"z-0 absolute inset-0 w-full h-full object-cover object-top wp-post-image\" alt=\"\" srcset=\"https:\/\/enabel.lademo.be\/app\/uploads\/2022\/08\/Header-website-B.jpg 1216w, https:\/\/enabel.lademo.be\/app\/uploads\/2022\/08\/Header-website-B-300x139.jpg 300w, https:\/\/enabel.lademo.be\/app\/uploads\/2022\/08\/Header-website-B-1024x475.jpg 1024w, https:\/\/enabel.lademo.be\/app\/uploads\/2022\/08\/Header-website-B-768x356.jpg 768w\" sizes=\"auto, (max-width: 1216px) 100vw, 1216px\" \/>\n\t\t\t\t\t<div class=\"scroll rellax\" data-rellax-percentage=\"0.5\" data-rellax-speed=\"-1.5\">\n\t\t<p>\n\t\t\tScroll\n\t\t<\/p>\n\t<\/div>\n<\/header>\n\n<section class=\"section--text-center mx-auto bg-white\">\n    <div class=\"container items-center grid-flow-row-dense grid-cols-12 lg:grid\">\n        <div class=\"relative text-center z-1 lg:col-start-2 lg:col-span-10\">\n            <h2>Enabel travaille de plus en plus souvent dans des pays dont le cadre politique et \u00e9conomique est instable, ainsi que dans des r\u00e9gions menac\u00e9es par des acteurs non \u00e9tatiques. Il en r\u00e9sulte des risques accrus en mati\u00e8re de s\u00fbret\u00e9 et de s\u00e9curit\u00e9 pour les membres de notre personnel travaillant \u00e0 l\u2019\u00e9tranger.<\/h2>\n\n        <\/div>\n    <\/div>\n<\/section>\n\n\n<section class=\"section--text-image mx-auto overflow-hidden md:overflow-visible bg-primary-50\">\n    <div class=\"container grid grid-cols-12 grid-flow-row-dense items-center\">\n        <div class=\"relative z-1 col-start-1 col-span-12 md:col-span-6 lg:col-span-4 | lg:col-start-2 \">\n            <p>Enabel a le devoir d\u2019assurer la s\u00fbret\u00e9 et la s\u00e9curit\u00e9 des membres du personnel et de leur famille \u00e0 l\u2019\u00e9tranger. C\u2019est l\u00e0 un \u00e9l\u00e9ment essentiel pour garantir la continuit\u00e9 de nos op\u00e9rations et le succ\u00e8s de notre mission.<\/p>\n<div>Nous prenons des mesures de pr\u00e9vention et d\u2019\u00e9vitement des risques, et ce, en fonction des dangers potentiels dans le pays d\u2019affectation et la r\u00e9gion de mise en \u0153uvre du projet. Celles-ci comprennent des formations en mati\u00e8re de s\u00e9curit\u00e9 ainsi que des analyses et \u00e9valuations r\u00e9guli\u00e8res des risques. Dans les pays \u00e0 haut risque, nous disposons aussi de conseillers et conseill\u00e8res en s\u00e9curit\u00e9 \u00e0 temps plein et de services de surveillance 24 heures sur 24.<\/div>\n<div><\/div>\n<div>Enabel a mis en place des proc\u00e9dures professionnelles de gestion de crise pour faire face aux situations de crise potentielles.<\/div>\n\n        <\/div>\n        <div class=\"relative col-span-12 md:col-span-5 lg:col-span-6 lg:mx-12 | md:col-start-8 lg:col-start-7\" data-aos=\"fade-right\">\n            <img loading=\"lazy\" decoding=\"async\" width=\"2560\" height=\"1707\" src=\"https:\/\/enabel.lademo.be\/app\/uploads\/2022\/08\/SEN-PAUDA-02-scaled.jpg\" class=\"w-full h-auto relative z-10 object-cover mt-10 md:mt-0\" alt=\"Team in Senegal sitting round a table and working together, discussing ideas.\" data-aos=\"fade-left\" data-aos-delay=\"400\" srcset=\"https:\/\/enabel.lademo.be\/app\/uploads\/2022\/08\/SEN-PAUDA-02-scaled.jpg 2560w, https:\/\/enabel.lademo.be\/app\/uploads\/2022\/08\/SEN-PAUDA-02-300x200.jpg 300w, https:\/\/enabel.lademo.be\/app\/uploads\/2022\/08\/SEN-PAUDA-02-1024x683.jpg 1024w, https:\/\/enabel.lademo.be\/app\/uploads\/2022\/08\/SEN-PAUDA-02-768x512.jpg 768w, https:\/\/enabel.lademo.be\/app\/uploads\/2022\/08\/SEN-PAUDA-02-1536x1024.jpg 1536w\" sizes=\"auto, (max-width: 2560px) 100vw, 2560px\" \/>\n                \n        <\/div>\n    <\/div>\n<\/section>\n\n\n<section class=\"section--action py-40 bg-greylight\">\n    <div class=\"container relative grid-cols-12 gap-8 md:grid\">\n        \n        <div class=\"relative z-10 flex flex-row flex-wrap content-between col-span-12 gap-10 md:col-span-10 md:col-start-2\">\n                            <a\n    href=\"https:\/\/enabel.lademo.be\/fr\/qui-sommes-nous\/notre-identite\/\"\n    class=\"has-cursor card--action card--animation | overflow-hidden font-normal no-underline text-inherit w-full md:w-[46%] lg:w-[47%] \"\n    data-aos=\"fade-down\"\n    data-aos-delay=\"000\"\n    >\n    <div class=\"relative card--top h-[340px] flex items-center\">\n        <img loading=\"lazy\" decoding=\"async\" width=\"2560\" height=\"1707\" src=\"https:\/\/enabel.lademo.be\/app\/uploads\/2022\/08\/IMG_7227-scaled.jpg\" class=\"absolute top-0 left-0 h-full w-full object-cover object-center wp-post-image\" alt=\"African women and men discussing policies in a board room.\" srcset=\"https:\/\/enabel.lademo.be\/app\/uploads\/2022\/08\/IMG_7227-scaled.jpg 2560w, https:\/\/enabel.lademo.be\/app\/uploads\/2022\/08\/IMG_7227-300x200.jpg 300w, https:\/\/enabel.lademo.be\/app\/uploads\/2022\/08\/IMG_7227-1024x683.jpg 1024w, https:\/\/enabel.lademo.be\/app\/uploads\/2022\/08\/IMG_7227-768x512.jpg 768w, https:\/\/enabel.lademo.be\/app\/uploads\/2022\/08\/IMG_7227-1536x1024.jpg 1536w, https:\/\/enabel.lademo.be\/app\/uploads\/2022\/08\/IMG_7227-2048x1365.jpg 2048w\" sizes=\"auto, (max-width: 2560px) 100vw, 2560px\" \/>\n        <p class=\"px-[24px] z-10\">\n            Nous construisons un monde durable o\u00f9 les femmes et les hommes vivent dans un \u00c9tat de droit et ont la libert\u00e9 de s\u2019\u00e9panouir pleinement. Apprenez-en plus sur notre vision, nos missions et nos valeurs.\n        <\/p>\n    <\/div>\n    <h3 class=\"relative z-10 flex justify-between w-full p-6 mb-0\">\n        Notre identit\u00e9\n        <svg width=\"17\" height=\"12\" viewBox=\"0 0 17 12\" fill=\"none\" xmlns=\"http:\/\/www.w3.org\/2000\/svg\" class=\"min-w-[43px]\">\n\t<path d=\"M0 6.00004L16.0319 6.00004M16.0319 6.00004L10.705 0.813232M16.0319 6.00004L10.705 11.1868\" stroke=\"#012D3A\"\/>\n<\/svg>\n    <\/h3>\n<\/a>\n                            <a\n    href=\"https:\/\/enabel.lademo.be\/fr\/qui-sommes-nous\/forme-juridique-des-organes-de-gestion-et-de-controle\/\"\n    class=\"has-cursor card--action card--animation | overflow-hidden font-normal no-underline text-inherit w-full md:w-[46%] lg:w-[47%] \"\n    data-aos=\"fade-down\"\n    data-aos-delay=\"100\"\n    >\n    <div class=\"relative card--top h-[340px] flex items-center\">\n        <img loading=\"lazy\" decoding=\"async\" width=\"2560\" height=\"1707\" src=\"https:\/\/enabel.lademo.be\/app\/uploads\/2022\/08\/211109moz_enabel606-scaled.jpg\" class=\"absolute top-0 left-0 h-full w-full object-cover object-center wp-post-image\" alt=\"\" srcset=\"https:\/\/enabel.lademo.be\/app\/uploads\/2022\/08\/211109moz_enabel606-scaled.jpg 2560w, https:\/\/enabel.lademo.be\/app\/uploads\/2022\/08\/211109moz_enabel606-300x200.jpg 300w, https:\/\/enabel.lademo.be\/app\/uploads\/2022\/08\/211109moz_enabel606-1024x683.jpg 1024w, https:\/\/enabel.lademo.be\/app\/uploads\/2022\/08\/211109moz_enabel606-768x512.jpg 768w, https:\/\/enabel.lademo.be\/app\/uploads\/2022\/08\/211109moz_enabel606-1536x1024.jpg 1536w\" sizes=\"auto, (max-width: 2560px) 100vw, 2560px\" \/>\n        <p class=\"px-[24px] z-10\">\n            Plus d&rsquo;informations sur le cadre juridique dans lequel nous op\u00e9rons, nos organes de gestion et de contr\u00f4le.\n        <\/p>\n    <\/div>\n    <h3 class=\"relative z-10 flex justify-between w-full p-6 mb-0\">\n        Organes de gestion et de contr\u00f4le\n        <svg width=\"17\" height=\"12\" viewBox=\"0 0 17 12\" fill=\"none\" xmlns=\"http:\/\/www.w3.org\/2000\/svg\" class=\"min-w-[43px]\">\n\t<path d=\"M0 6.00004L16.0319 6.00004M16.0319 6.00004L10.705 0.813232M16.0319 6.00004L10.705 11.1868\" stroke=\"#012D3A\"\/>\n<\/svg>\n    <\/h3>\n<\/a>\n                            <a\n    href=\"https:\/\/enabel.lademo.be\/fr\/qui-sommes-nous\/integrite\/\"\n    class=\"has-cursor card--action card--animation | overflow-hidden font-normal no-underline text-inherit w-full md:w-[46%] lg:w-[47%] \"\n    data-aos=\"fade-down\"\n    data-aos-delay=\"200\"\n    >\n    <div class=\"relative card--top h-[340px] flex items-center\">\n        <img loading=\"lazy\" decoding=\"async\" width=\"720\" height=\"480\" src=\"https:\/\/enabel.lademo.be\/app\/uploads\/2022\/08\/Assistante-administrative-au-service-daccueil-1024x683_cleanup.jpg\" class=\"absolute top-0 left-0 h-full w-full object-cover object-center wp-post-image\" alt=\"Woman sitting behind a desk, smiling at someone approaching her.\" srcset=\"https:\/\/enabel.lademo.be\/app\/uploads\/2022\/08\/Assistante-administrative-au-service-daccueil-1024x683_cleanup.jpg 720w, https:\/\/enabel.lademo.be\/app\/uploads\/2022\/08\/Assistante-administrative-au-service-daccueil-1024x683_cleanup-300x200.jpg 300w\" sizes=\"auto, (max-width: 720px) 100vw, 720px\" \/>\n        <p class=\"px-[24px] z-10\">\n            Apprenez-en plus sur notre politique d&rsquo;int\u00e9grit\u00e9 ou contactez notre bureau d&rsquo;int\u00e9grit\u00e9.\n        <\/p>\n    <\/div>\n    <h3 class=\"relative z-10 flex justify-between w-full p-6 mb-0\">\n        Bureau int\u00e9grit\u00e9\n        <svg width=\"17\" height=\"12\" viewBox=\"0 0 17 12\" fill=\"none\" xmlns=\"http:\/\/www.w3.org\/2000\/svg\" class=\"min-w-[43px]\">\n\t<path d=\"M0 6.00004L16.0319 6.00004M16.0319 6.00004L10.705 0.813232M16.0319 6.00004L10.705 11.1868\" stroke=\"#012D3A\"\/>\n<\/svg>\n    <\/h3>\n<\/a>\n                            <a\n    href=\"https:\/\/enabel.lademo.be\/fr\/qui-sommes-nous\/notre-strategie\/\"\n    class=\"has-cursor card--action card--animation | overflow-hidden font-normal no-underline text-inherit w-full md:w-[46%] lg:w-[47%] \"\n    data-aos=\"fade-down\"\n    data-aos-delay=\"300\"\n    >\n    <div class=\"relative card--top h-[340px] flex items-center\">\n        <img loading=\"lazy\" decoding=\"async\" width=\"900\" height=\"600\" src=\"https:\/\/enabel.lademo.be\/app\/uploads\/2022\/08\/211109moz_enabel684.jpg\" class=\"absolute top-0 left-0 h-full w-full object-cover object-center wp-post-image\" alt=\"closeup of hands\" srcset=\"https:\/\/enabel.lademo.be\/app\/uploads\/2022\/08\/211109moz_enabel684.jpg 900w, https:\/\/enabel.lademo.be\/app\/uploads\/2022\/08\/211109moz_enabel684-300x200.jpg 300w, https:\/\/enabel.lademo.be\/app\/uploads\/2022\/08\/211109moz_enabel684-768x512.jpg 768w\" sizes=\"auto, (max-width: 900px) 100vw, 900px\" \/>\n        <p class=\"px-[24px] z-10\">\n            Dans les limites d\u00e9finies par le cadre l\u00e9gal d\u2019Enabel, notre strat\u00e9gie d\u00e9taille nos ambitions et nos positions strat\u00e9giques.\r\n\n        <\/p>\n    <\/div>\n    <h3 class=\"relative z-10 flex justify-between w-full p-6 mb-0\">\n        Strat\u00e9gie 2030\n        <svg width=\"17\" height=\"12\" viewBox=\"0 0 17 12\" fill=\"none\" xmlns=\"http:\/\/www.w3.org\/2000\/svg\" class=\"min-w-[43px]\">\n\t<path d=\"M0 6.00004L16.0319 6.00004M16.0319 6.00004L10.705 0.813232M16.0319 6.00004L10.705 11.1868\" stroke=\"#012D3A\"\/>\n<\/svg>\n    <\/h3>\n<\/a>\n                    <\/div>\n                    <svg class=\"absolute z-0 -top-[50px] h-[auto] -scale-x-100 -left-[21rem]\" width=\"740\" height=\"963\" viewBox=\"0 0 740 963\" fill=\"none\" xmlns=\"http:\/\/www.w3.org\/2000\/svg\">\n                <path d=\"M4.14789 68.4593C3.1875 69.1487 2.41949 69.7137 1.84961 70.1388C76.3121 111.451 123.489 182.456 157.038 257.094C179.798 307.73 196.335 360.169 210.846 406.188C217.84 428.365 224.363 449.05 230.886 467.325C271.09 579.963 339.187 745.177 505.856 848.48C587.479 898.959 669.539 935.365 737.675 961.067C699.384 878.987 678.698 787.83 659.961 690.18C656.287 671.03 652.687 651.63 649.045 631.999C633.94 550.589 618.095 465.196 593.102 377.102L593.102 377.102C525.842 139.304 368.325 -11.6487 190.243 1.83524C134.013 6.19004 86.5997 23.5014 53.2395 39.7296C36.561 47.8429 23.4007 55.6827 14.4139 61.4912C9.92078 64.3953 6.47144 66.7913 4.14789 68.4593Z\" stroke=\"url(#paint0_linear_19_3)\" stroke-width=\"2\"\/>\n                <defs>\n                    <linearGradient id=\"paint0_linear_19_3\" x1=\"739.412\" y1=\"481.434\" x2=\"-0.179538\" y2=\"481.434\" gradientUnits=\"userSpaceOnUse\">\n                        <stop stop-color=\"#F9B500\"\/>\n                        <stop offset=\"1\" stop-color=\"#FFDD00\"\/>\n                    <\/linearGradient>\n                <\/defs>\n            <\/svg>\n            <\/div>\n<\/section>\n","protected":false},"excerpt":{"rendered":"","protected":false},"author":10,"featured_media":4171,"parent":5743,"menu_order":0,"comment_status":"closed","ping_status":"closed","template":"","meta":{"_acf_changed":false,"footnotes":""},"class_list":["post-4379","page","type-page","status-publish","has-post-thumbnail","hentry"],"yoast_head":"<!-- This site is optimized with the Yoast SEO plugin v25.9 - https:\/\/yoast.com\/wordpress\/plugins\/seo\/ -->\n<title>S\u00fbret\u00e9 et s\u00e9curit\u00e9 du personnel - Enabel<\/title>\n<meta name=\"description\" content=\"Enabel travaille souvent dans des pays dont le cadre politique et \u00e9conomique est instable. C&#039;est pourquoi une politique de s\u00e9curit\u00e9 du personnel est importante.\" \/>\n<meta name=\"robots\" content=\"index, follow, max-snippet:-1, max-image-preview:large, max-video-preview:-1\" \/>\n<link rel=\"canonical\" href=\"https:\/\/enabel.lademo.be\/fr\/qui-sommes-nous\/surete-et-securite-du-personnel\/\" \/>\n<meta property=\"og:locale\" content=\"fr_FR\" \/>\n<meta property=\"og:type\" content=\"article\" \/>\n<meta property=\"og:title\" content=\"S\u00fbret\u00e9 et s\u00e9curit\u00e9 du personnel - Enabel\" \/>\n<meta property=\"og:description\" content=\"Enabel travaille souvent dans des pays dont le cadre politique et \u00e9conomique est instable. C&#039;est pourquoi une politique de s\u00e9curit\u00e9 du personnel est importante.\" \/>\n<meta property=\"og:url\" content=\"https:\/\/enabel.lademo.be\/fr\/qui-sommes-nous\/surete-et-securite-du-personnel\/\" \/>\n<meta property=\"og:site_name\" content=\"Enabel\" \/>\n<meta property=\"article:publisher\" content=\"https:\/\/www.facebook.com\/EnabelBelgium\/\" \/>\n<meta property=\"article:modified_time\" content=\"2022-09-12T14:00:03+00:00\" \/>\n<meta property=\"og:image\" content=\"https:\/\/enabel.lademo.be\/app\/uploads\/2022\/08\/Header-website-B.jpg\" \/>\n\t<meta property=\"og:image:width\" content=\"1216\" \/>\n\t<meta property=\"og:image:height\" content=\"564\" \/>\n\t<meta property=\"og:image:type\" content=\"image\/jpeg\" \/>\n<meta name=\"twitter:card\" content=\"summary_large_image\" \/>\n<meta name=\"twitter:site\" content=\"@Enabel_Belgium\" \/>\n<script type=\"application\/ld+json\" class=\"yoast-schema-graph\">{\"@context\":\"https:\/\/schema.org\",\"@graph\":[{\"@type\":\"WebPage\",\"@id\":\"https:\/\/enabel.lademo.be\/fr\/qui-sommes-nous\/surete-et-securite-du-personnel\/\",\"url\":\"https:\/\/enabel.lademo.be\/fr\/qui-sommes-nous\/surete-et-securite-du-personnel\/\",\"name\":\"S\u00fbret\u00e9 et s\u00e9curit\u00e9 du personnel - Enabel\",\"isPartOf\":{\"@id\":\"https:\/\/enabel.lademo.be\/fr\/#website\"},\"primaryImageOfPage\":{\"@id\":\"https:\/\/enabel.lademo.be\/fr\/qui-sommes-nous\/surete-et-securite-du-personnel\/#primaryimage\"},\"image\":{\"@id\":\"https:\/\/enabel.lademo.be\/fr\/qui-sommes-nous\/surete-et-securite-du-personnel\/#primaryimage\"},\"thumbnailUrl\":\"https:\/\/enabel.lademo.be\/app\/uploads\/2022\/08\/Header-website-B.jpg\",\"datePublished\":\"2022-08-26T11:59:44+00:00\",\"dateModified\":\"2022-09-12T14:00:03+00:00\",\"description\":\"Enabel travaille souvent dans des pays dont le cadre politique et \u00e9conomique est instable. C'est pourquoi une politique de s\u00e9curit\u00e9 du personnel est importante.\",\"breadcrumb\":{\"@id\":\"https:\/\/enabel.lademo.be\/fr\/qui-sommes-nous\/surete-et-securite-du-personnel\/#breadcrumb\"},\"inLanguage\":\"fr-FR\",\"potentialAction\":[{\"@type\":\"ReadAction\",\"target\":[\"https:\/\/enabel.lademo.be\/fr\/qui-sommes-nous\/surete-et-securite-du-personnel\/\"]}]},{\"@type\":\"ImageObject\",\"inLanguage\":\"fr-FR\",\"@id\":\"https:\/\/enabel.lademo.be\/fr\/qui-sommes-nous\/surete-et-securite-du-personnel\/#primaryimage\",\"url\":\"https:\/\/enabel.lademo.be\/app\/uploads\/2022\/08\/Header-website-B.jpg\",\"contentUrl\":\"https:\/\/enabel.lademo.be\/app\/uploads\/2022\/08\/Header-website-B.jpg\",\"width\":1216,\"height\":564},{\"@type\":\"BreadcrumbList\",\"@id\":\"https:\/\/enabel.lademo.be\/fr\/qui-sommes-nous\/surete-et-securite-du-personnel\/#breadcrumb\",\"itemListElement\":[{\"@type\":\"ListItem\",\"position\":1,\"name\":\"Home\",\"item\":\"https:\/\/enabel.lademo.be\/fr\/\"},{\"@type\":\"ListItem\",\"position\":2,\"name\":\"Qui sommes-nous\",\"item\":\"https:\/\/enabel.lademo.be\/fr\/qui-sommes-nous\/\"},{\"@type\":\"ListItem\",\"position\":3,\"name\":\"S\u00fbret\u00e9 et s\u00e9curit\u00e9 du personnel\"}]},{\"@type\":\"WebSite\",\"@id\":\"https:\/\/enabel.lademo.be\/fr\/#website\",\"url\":\"https:\/\/enabel.lademo.be\/fr\/\",\"name\":\"Enabel\",\"description\":\"Enabling Change\",\"publisher\":{\"@id\":\"https:\/\/enabel.lademo.be\/fr\/#organization\"},\"potentialAction\":[{\"@type\":\"SearchAction\",\"target\":{\"@type\":\"EntryPoint\",\"urlTemplate\":\"https:\/\/enabel.lademo.be\/fr\/?s={search_term_string}\"},\"query-input\":{\"@type\":\"PropertyValueSpecification\",\"valueRequired\":true,\"valueName\":\"search_term_string\"}}],\"inLanguage\":\"fr-FR\"},{\"@type\":\"Organization\",\"@id\":\"https:\/\/enabel.lademo.be\/fr\/#organization\",\"name\":\"Enabel\",\"url\":\"https:\/\/enabel.lademo.be\/fr\/\",\"logo\":{\"@type\":\"ImageObject\",\"inLanguage\":\"fr-FR\",\"@id\":\"https:\/\/enabel.lademo.be\/fr\/#\/schema\/logo\/image\/\",\"url\":\"https:\/\/www.enabel.be\/app\/uploads\/2022\/06\/enabel-logo-color.svg\",\"contentUrl\":\"https:\/\/www.enabel.be\/app\/uploads\/2022\/06\/enabel-logo-color.svg\",\"width\":103,\"height\":35,\"caption\":\"Enabel\"},\"image\":{\"@id\":\"https:\/\/enabel.lademo.be\/fr\/#\/schema\/logo\/image\/\"},\"sameAs\":[\"https:\/\/www.facebook.com\/EnabelBelgium\/\",\"https:\/\/x.com\/Enabel_Belgium\",\"https:\/\/www.instagram.com\/enabel_be\/\",\"https:\/\/www.linkedin.com\/company\/enabel\/\",\"https:\/\/www.youtube.com\/channel\/UCHGr3iOQ9n2jORzgtkv5FyQ\"]}]}<\/script>\n<!-- \/ Yoast SEO plugin. -->","yoast_head_json":{"title":"S\u00fbret\u00e9 et s\u00e9curit\u00e9 du personnel - Enabel","description":"Enabel travaille souvent dans des pays dont le cadre politique et \u00e9conomique est instable. C'est pourquoi une politique de s\u00e9curit\u00e9 du personnel est importante.","robots":{"index":"index","follow":"follow","max-snippet":"max-snippet:-1","max-image-preview":"max-image-preview:large","max-video-preview":"max-video-preview:-1"},"canonical":"https:\/\/enabel.lademo.be\/fr\/qui-sommes-nous\/surete-et-securite-du-personnel\/","og_locale":"fr_FR","og_type":"article","og_title":"S\u00fbret\u00e9 et s\u00e9curit\u00e9 du personnel - Enabel","og_description":"Enabel travaille souvent dans des pays dont le cadre politique et \u00e9conomique est instable. C'est pourquoi une politique de s\u00e9curit\u00e9 du personnel est importante.","og_url":"https:\/\/enabel.lademo.be\/fr\/qui-sommes-nous\/surete-et-securite-du-personnel\/","og_site_name":"Enabel","article_publisher":"https:\/\/www.facebook.com\/EnabelBelgium\/","article_modified_time":"2022-09-12T14:00:03+00:00","og_image":[{"width":1216,"height":564,"url":"https:\/\/enabel.lademo.be\/app\/uploads\/2022\/08\/Header-website-B.jpg","type":"image\/jpeg"}],"twitter_card":"summary_large_image","twitter_site":"@Enabel_Belgium","schema":{"@context":"https:\/\/schema.org","@graph":[{"@type":"WebPage","@id":"https:\/\/enabel.lademo.be\/fr\/qui-sommes-nous\/surete-et-securite-du-personnel\/","url":"https:\/\/enabel.lademo.be\/fr\/qui-sommes-nous\/surete-et-securite-du-personnel\/","name":"S\u00fbret\u00e9 et s\u00e9curit\u00e9 du personnel - Enabel","isPartOf":{"@id":"https:\/\/enabel.lademo.be\/fr\/#website"},"primaryImageOfPage":{"@id":"https:\/\/enabel.lademo.be\/fr\/qui-sommes-nous\/surete-et-securite-du-personnel\/#primaryimage"},"image":{"@id":"https:\/\/enabel.lademo.be\/fr\/qui-sommes-nous\/surete-et-securite-du-personnel\/#primaryimage"},"thumbnailUrl":"https:\/\/enabel.lademo.be\/app\/uploads\/2022\/08\/Header-website-B.jpg","datePublished":"2022-08-26T11:59:44+00:00","dateModified":"2022-09-12T14:00:03+00:00","description":"Enabel travaille souvent dans des pays dont le cadre politique et \u00e9conomique est instable. C'est pourquoi une politique de s\u00e9curit\u00e9 du personnel est importante.","breadcrumb":{"@id":"https:\/\/enabel.lademo.be\/fr\/qui-sommes-nous\/surete-et-securite-du-personnel\/#breadcrumb"},"inLanguage":"fr-FR","potentialAction":[{"@type":"ReadAction","target":["https:\/\/enabel.lademo.be\/fr\/qui-sommes-nous\/surete-et-securite-du-personnel\/"]}]},{"@type":"ImageObject","inLanguage":"fr-FR","@id":"https:\/\/enabel.lademo.be\/fr\/qui-sommes-nous\/surete-et-securite-du-personnel\/#primaryimage","url":"https:\/\/enabel.lademo.be\/app\/uploads\/2022\/08\/Header-website-B.jpg","contentUrl":"https:\/\/enabel.lademo.be\/app\/uploads\/2022\/08\/Header-website-B.jpg","width":1216,"height":564},{"@type":"BreadcrumbList","@id":"https:\/\/enabel.lademo.be\/fr\/qui-sommes-nous\/surete-et-securite-du-personnel\/#breadcrumb","itemListElement":[{"@type":"ListItem","position":1,"name":"Home","item":"https:\/\/enabel.lademo.be\/fr\/"},{"@type":"ListItem","position":2,"name":"Qui sommes-nous","item":"https:\/\/enabel.lademo.be\/fr\/qui-sommes-nous\/"},{"@type":"ListItem","position":3,"name":"S\u00fbret\u00e9 et s\u00e9curit\u00e9 du personnel"}]},{"@type":"WebSite","@id":"https:\/\/enabel.lademo.be\/fr\/#website","url":"https:\/\/enabel.lademo.be\/fr\/","name":"Enabel","description":"Enabling Change","publisher":{"@id":"https:\/\/enabel.lademo.be\/fr\/#organization"},"potentialAction":[{"@type":"SearchAction","target":{"@type":"EntryPoint","urlTemplate":"https:\/\/enabel.lademo.be\/fr\/?s={search_term_string}"},"query-input":{"@type":"PropertyValueSpecification","valueRequired":true,"valueName":"search_term_string"}}],"inLanguage":"fr-FR"},{"@type":"Organization","@id":"https:\/\/enabel.lademo.be\/fr\/#organization","name":"Enabel","url":"https:\/\/enabel.lademo.be\/fr\/","logo":{"@type":"ImageObject","inLanguage":"fr-FR","@id":"https:\/\/enabel.lademo.be\/fr\/#\/schema\/logo\/image\/","url":"https:\/\/www.enabel.be\/app\/uploads\/2022\/06\/enabel-logo-color.svg","contentUrl":"https:\/\/www.enabel.be\/app\/uploads\/2022\/06\/enabel-logo-color.svg","width":103,"height":35,"caption":"Enabel"},"image":{"@id":"https:\/\/enabel.lademo.be\/fr\/#\/schema\/logo\/image\/"},"sameAs":["https:\/\/www.facebook.com\/EnabelBelgium\/","https:\/\/x.com\/Enabel_Belgium","https:\/\/www.instagram.com\/enabel_be\/","https:\/\/www.linkedin.com\/company\/enabel\/","https:\/\/www.youtube.com\/channel\/UCHGr3iOQ9n2jORzgtkv5FyQ"]}]}},"acf":[],"_links":{"self":[{"href":"https:\/\/enabel.lademo.be\/fr\/wp-json\/wp\/v2\/pages\/4379","targetHints":{"allow":["GET"]}}],"collection":[{"href":"https:\/\/enabel.lademo.be\/fr\/wp-json\/wp\/v2\/pages"}],"about":[{"href":"https:\/\/enabel.lademo.be\/fr\/wp-json\/wp\/v2\/types\/page"}],"author":[{"embeddable":true,"href":"https:\/\/enabel.lademo.be\/fr\/wp-json\/wp\/v2\/users\/10"}],"replies":[{"embeddable":true,"href":"https:\/\/enabel.lademo.be\/fr\/wp-json\/wp\/v2\/comments?post=4379"}],"version-history":[{"count":0,"href":"https:\/\/enabel.lademo.be\/fr\/wp-json\/wp\/v2\/pages\/4379\/revisions"}],"up":[{"embeddable":true,"href":"https:\/\/enabel.lademo.be\/fr\/wp-json\/wp\/v2\/pages\/5743"}],"wp:featuredmedia":[{"embeddable":true,"href":"https:\/\/enabel.lademo.be\/fr\/wp-json\/wp\/v2\/media\/4171"}],"wp:attachment":[{"href":"https:\/\/enabel.lademo.be\/fr\/wp-json\/wp\/v2\/media?parent=4379"}],"curies":[{"name":"wp","href":"https:\/\/api.w.org\/{rel}","templated":true}]}}