{"id":4358,"date":"2022-08-26T12:32:44","date_gmt":"2022-08-26T12:32:44","guid":{"rendered":"https:\/\/www.enabel.be\/?page_id=4358"},"modified":"2022-09-12T14:14:56","modified_gmt":"2022-09-12T14:14:56","slug":"integrite","status":"publish","type":"page","link":"https:\/\/enabel.lademo.be\/fr\/qui-sommes-nous\/integrite\/","title":{"rendered":"Int\u00e9grit\u00e9"},"content":{"rendered":"<header class=\"header--big relative flex align-center items-center min-h-screen\">\n\t<div class=\"z-20 container grid grid-cols-12\">\n\t\t<div class=\"z-30 relative col-span-12 md:col-span-8 col-start-1 md:col-start-3 text-center text-white\">\n\t\t\t\t\t\t<h1 data-aos=\"fade-up mb-0\">Int\u00e9grit\u00e9<\/h1>\n\t\t\t\t\t<\/div>\n\t<\/div>\n\t\t\t\t\t\t\t<img loading=\"lazy\" decoding=\"async\" width=\"720\" height=\"480\" src=\"https:\/\/enabel.lademo.be\/app\/uploads\/2022\/08\/Assistante-administrative-au-service-daccueil-1024x683_cleanup.jpg\" class=\"z-0 absolute inset-0 w-full h-full object-cover object-top wp-post-image\" alt=\"Woman sitting behind a desk, smiling at someone approaching her.\" srcset=\"https:\/\/enabel.lademo.be\/app\/uploads\/2022\/08\/Assistante-administrative-au-service-daccueil-1024x683_cleanup.jpg 720w, https:\/\/enabel.lademo.be\/app\/uploads\/2022\/08\/Assistante-administrative-au-service-daccueil-1024x683_cleanup-300x200.jpg 300w\" sizes=\"auto, (max-width: 720px) 100vw, 720px\" \/>\n\t\t\t\t\t<div class=\"scroll rellax\" data-rellax-percentage=\"0.5\" data-rellax-speed=\"-1.5\">\n\t\t<p>\n\t\t\tScroll\n\t\t<\/p>\n\t<\/div>\n<\/header>\n\n<section class=\"section--text-center mx-auto bg-greylight\">\n    <div class=\"container items-center grid-flow-row-dense grid-cols-12 lg:grid\">\n        <div class=\"relative text-center z-1 lg:col-start-2 lg:col-span-10\">\n            <h2>Dans tout ce que nous faisons, \u00e0 tous les niveaux et sans aucun avantage personnel, nous faisons preuve de dignit\u00e9, de fiabilit\u00e9, de sinc\u00e9rit\u00e9 et d&rsquo;honn\u00eatet\u00e9.<\/h2>\n\n        <\/div>\n    <\/div>\n<\/section>\n\n\n<section class=\"section--article-content\">\n    <div class=\"container grid grid-cols-12\">\n        <div class=\"col-span-12 col-start-1 md:col-span-8 md:col-start-3\">\n            <h4><b>Quand faire appel au bureau d&rsquo;int\u00e9grit\u00e9?<\/b><\/h4>\n<div>\n<ul>\n<li>Si vous \u00eates confront\u00e9s \u00e0 un probl\u00e8me d&rsquo;int\u00e9grit\u00e9 ou si vous avez des doutes sur des agissements li\u00e9s aux activit\u00e9s de Enabel. Il peut s&rsquo;agir par exemple d&rsquo;abus de pouvoir, du non-respect des lois, de la mauvaise utilisation des ressources, d&rsquo;une fraude en mati\u00e8re d&rsquo;acquisitions (achats), d&rsquo;un vol ou d&rsquo;un d\u00e9tournement de fonds, de corruption (pots de vin), etc.<\/li>\n<li>Si vous vous posez des questions sur l&rsquo;int\u00e9grit\u00e9. Par exemple, comment r\u00e9agir lorsqu&rsquo;un fournisseur propose un cadeau dans le cadre d&rsquo;un march\u00e9 public.<\/li>\n<\/ul>\n<\/div>\n<div><\/div>\n<h4><b>Qui peut s&rsquo;addresser au bureau d&rsquo;int\u00e9grit\u00e9?<\/b><\/h4>\n<div>\n<ul>\n<li>les fournisseurs ou partenaires de Enabel<\/li>\n<li>les membres du personnel de Enabel<\/li>\n<li>les b\u00e9n\u00e9ficiaires des activit\u00e9s de Enabel<\/li>\n<\/ul>\n<div><\/div>\n<\/div>\n<h4><b>Qui g\u00e8re le bureau d&rsquo;int\u00e9grit\u00e9?<\/b><\/h4>\n<div>Comme c&rsquo;est le cas dans d&rsquo;autres agences de d\u00e9veloppement, le bureau d&rsquo;int\u00e9grit\u00e9 de Enabel est repr\u00e9sent\u00e9 par son service d&rsquo;audit interne, une entit\u00e9 ind\u00e9pendante dans la structure de Enabel. Il rapporte directement au Conseil d&rsquo;administration.<\/div>\n\n        <\/div>\n    <\/div>\n<\/section>\n\n\n\n<div style=\"height:10px\" aria-hidden=\"true\" class=\"wp-block-spacer\"><\/div>\n\n\n<section class=\"section--article-content\">\n    <div class=\"container grid grid-cols-12\">\n        <div class=\"col-span-12 col-start-1 md:col-span-8 md:col-start-3\">\n            <h3 style=\"text-align: center;\"><b>Comment sont trait\u00e9es les plaintes et les questions?<\/b><\/h3>\n<hr \/>\n<p>&nbsp;<\/p>\n<h4><strong>Confidentialit\u00e9<\/strong><\/h4>\n<p>Les plaintes et questions sont trait\u00e9es avec la plus grande confidentialit\u00e9. Toutefois,<b>\u00a0elles ne peuvent pas \u00eatre transmises de mani\u00e8re anonyme<\/b>. Nous devons pouvoir prendre contact avec le demandeur afin d&rsquo;obtenir \u00e9ventuellement un compl\u00e9ment d&rsquo;information. Enabel ne tol\u00e8re pas les repr\u00e9sailles \u00e0 l&rsquo;encontre des collaborateurs ou autres parties ayant de bonne foi fait part de pr\u00e9occupations ou apportant leur aide lors des enqu\u00eates.<\/p>\n<h4><strong>Ind\u00e9pendance<\/strong><\/h4>\n<p>Le syst\u00e8me de gestion des plaintes et des questions est ind\u00e9pendant de la structure informatique de Enabel. Les formulaires compl\u00e9t\u00e9s, de m\u00eame que les fichiers envoy\u00e9s et les emails sont exclusivement accessibles aux membres du bureau d&rsquo;int\u00e9grit\u00e9.<\/p>\n<p>&nbsp;<\/p>\n<h4><strong>Suivi<\/strong><\/h4>\n<p>Nous accusons directement r\u00e9ception des questions ou prob\u00e8mes d&rsquo;int\u00e9grit\u00e9 qui nous sont transmis et nous les enregistrons. Nous informons de la suite qui y sera r\u00e9serv\u00e9e et des actions \u00e9ventuellement entreprises.<\/p>\n\n        <\/div>\n    <\/div>\n<\/section>\n\n\n<section class=\"section--article-button\">\n    <div class=\"container flex justify-center\">\n                    <a href=\"https:\/\/www.enabel.be\/node\/1902\/\" class=\"btn-primary card--animation\" >\n\t\t<span>Contactez notre bureau int\u00e9grit\u00e9<\/span>\n\t<\/a>\n            <\/div>\n<\/section>\n\n\n<div class=\"wp-block-file aligncenter\"><a id=\"wp-block-file--media-5826f189-f9c1-4e1f-957e-80c7131cd57d\" href=\"https:\/\/www.enabel.be\/app\/uploads\/2022\/08\/Enabels-code-of-conduct.pdf\">Enabels-code-of-conduct<\/a><a href=\"https:\/\/www.enabel.be\/app\/uploads\/2022\/08\/Enabels-code-of-conduct.pdf\" class=\"wp-block-file__button\" download aria-describedby=\"wp-block-file--media-5826f189-f9c1-4e1f-957e-80c7131cd57d\">Download<\/a><\/div>\n\n\n\n<div class=\"wp-block-file aligncenter\"><a id=\"wp-block-file--media-33fcf28f-a9e3-4d41-bbbf-74be5c0ceca6\" href=\"https:\/\/www.enabel.be\/app\/uploads\/2022\/08\/Enabels-policy-on-sexual-exploitation-and-abuse.pdf\">Enabels-policy-on-sexual-exploitation-and-abuse<\/a><a href=\"https:\/\/www.enabel.be\/app\/uploads\/2022\/08\/Enabels-policy-on-sexual-exploitation-and-abuse.pdf\" class=\"wp-block-file__button\" download aria-describedby=\"wp-block-file--media-33fcf28f-a9e3-4d41-bbbf-74be5c0ceca6\">Download<\/a><\/div>\n\n\n\n<div class=\"wp-block-file aligncenter\"><a id=\"wp-block-file--media-0fbdfe4a-3fee-499d-8299-79388846594d\" href=\"https:\/\/www.enabel.be\/app\/uploads\/2022\/08\/Enabels-policy-on-fraud.pdf\">Enabels-policy-on-fraud<\/a><a href=\"https:\/\/www.enabel.be\/app\/uploads\/2022\/08\/Enabels-policy-on-fraud.pdf\" class=\"wp-block-file__button\" download aria-describedby=\"wp-block-file--media-0fbdfe4a-3fee-499d-8299-79388846594d\">Download<\/a><\/div>\n\n\n<section class=\"section--action py-40 bg-greylight\">\n    <div class=\"container relative grid-cols-12 gap-8 md:grid\">\n        \n        <div class=\"relative z-10 flex flex-row flex-wrap content-between col-span-12 gap-10 md:col-span-10 md:col-start-2\">\n                            <a\n    href=\"https:\/\/enabel.lademo.be\/fr\/qui-sommes-nous\/notre-strategie\/\"\n    class=\"has-cursor card--action card--animation | overflow-hidden font-normal no-underline text-inherit w-full md:w-[46%] lg:w-[47%] \"\n    data-aos=\"fade-down\"\n    data-aos-delay=\"000\"\n    >\n    <div class=\"relative card--top h-[340px] flex items-center\">\n        <img loading=\"lazy\" decoding=\"async\" width=\"900\" height=\"600\" src=\"https:\/\/enabel.lademo.be\/app\/uploads\/2022\/08\/211109moz_enabel684.jpg\" class=\"absolute top-0 left-0 h-full w-full object-cover object-center wp-post-image\" alt=\"closeup of hands\" srcset=\"https:\/\/enabel.lademo.be\/app\/uploads\/2022\/08\/211109moz_enabel684.jpg 900w, https:\/\/enabel.lademo.be\/app\/uploads\/2022\/08\/211109moz_enabel684-300x200.jpg 300w, https:\/\/enabel.lademo.be\/app\/uploads\/2022\/08\/211109moz_enabel684-768x512.jpg 768w\" sizes=\"auto, (max-width: 900px) 100vw, 900px\" \/>\n        <p class=\"px-[24px] z-10\">\n            Dans les limites d\u00e9finies par le cadre l\u00e9gal d\u2019Enabel, notre strat\u00e9gie d\u00e9taille nos ambitions et nos positions strat\u00e9giques.\r\n\n        <\/p>\n    <\/div>\n    <h3 class=\"relative z-10 flex justify-between w-full p-6 mb-0\">\n        Strat\u00e9gie 2030\n        <svg width=\"17\" height=\"12\" viewBox=\"0 0 17 12\" fill=\"none\" xmlns=\"http:\/\/www.w3.org\/2000\/svg\" class=\"min-w-[43px]\">\n\t<path d=\"M0 6.00004L16.0319 6.00004M16.0319 6.00004L10.705 0.813232M16.0319 6.00004L10.705 11.1868\" stroke=\"#012D3A\"\/>\n<\/svg>\n    <\/h3>\n<\/a>\n                            <a\n    href=\"https:\/\/enabel.lademo.be\/fr\/qui-sommes-nous\/forme-juridique-des-organes-de-gestion-et-de-controle\/\"\n    class=\"has-cursor card--action card--animation | overflow-hidden font-normal no-underline text-inherit w-full md:w-[46%] lg:w-[47%] \"\n    data-aos=\"fade-down\"\n    data-aos-delay=\"100\"\n    >\n    <div class=\"relative card--top h-[340px] flex items-center\">\n        <img loading=\"lazy\" decoding=\"async\" width=\"2560\" height=\"1707\" src=\"https:\/\/enabel.lademo.be\/app\/uploads\/2022\/08\/211109moz_enabel606-scaled.jpg\" class=\"absolute top-0 left-0 h-full w-full object-cover object-center wp-post-image\" alt=\"\" srcset=\"https:\/\/enabel.lademo.be\/app\/uploads\/2022\/08\/211109moz_enabel606-scaled.jpg 2560w, https:\/\/enabel.lademo.be\/app\/uploads\/2022\/08\/211109moz_enabel606-300x200.jpg 300w, https:\/\/enabel.lademo.be\/app\/uploads\/2022\/08\/211109moz_enabel606-1024x683.jpg 1024w, https:\/\/enabel.lademo.be\/app\/uploads\/2022\/08\/211109moz_enabel606-768x512.jpg 768w, https:\/\/enabel.lademo.be\/app\/uploads\/2022\/08\/211109moz_enabel606-1536x1024.jpg 1536w\" sizes=\"auto, (max-width: 2560px) 100vw, 2560px\" \/>\n        <p class=\"px-[24px] z-10\">\n            Plus d&rsquo;informations sur le cadre juridique dans lequel nous op\u00e9rons, nos organes de gestion et de contr\u00f4le.\n        <\/p>\n    <\/div>\n    <h3 class=\"relative z-10 flex justify-between w-full p-6 mb-0\">\n        Organes de gestion et contr\u00f4le\n        <svg width=\"17\" height=\"12\" viewBox=\"0 0 17 12\" fill=\"none\" xmlns=\"http:\/\/www.w3.org\/2000\/svg\" class=\"min-w-[43px]\">\n\t<path d=\"M0 6.00004L16.0319 6.00004M16.0319 6.00004L10.705 0.813232M16.0319 6.00004L10.705 11.1868\" stroke=\"#012D3A\"\/>\n<\/svg>\n    <\/h3>\n<\/a>\n                            <a\n    href=\"https:\/\/enabel.lademo.be\/fr\/qui-sommes-nous\/notre-identite\/\"\n    class=\"has-cursor card--action card--animation | overflow-hidden font-normal no-underline text-inherit w-full md:w-[46%] lg:w-[47%] \"\n    data-aos=\"fade-down\"\n    data-aos-delay=\"200\"\n    >\n    <div class=\"relative card--top h-[340px] flex items-center\">\n        <img loading=\"lazy\" decoding=\"async\" width=\"2560\" height=\"1707\" src=\"https:\/\/enabel.lademo.be\/app\/uploads\/2022\/08\/IMG_7227-scaled.jpg\" class=\"absolute top-0 left-0 h-full w-full object-cover object-center wp-post-image\" alt=\"African women and men discussing policies in a board room.\" srcset=\"https:\/\/enabel.lademo.be\/app\/uploads\/2022\/08\/IMG_7227-scaled.jpg 2560w, https:\/\/enabel.lademo.be\/app\/uploads\/2022\/08\/IMG_7227-300x200.jpg 300w, https:\/\/enabel.lademo.be\/app\/uploads\/2022\/08\/IMG_7227-1024x683.jpg 1024w, https:\/\/enabel.lademo.be\/app\/uploads\/2022\/08\/IMG_7227-768x512.jpg 768w, https:\/\/enabel.lademo.be\/app\/uploads\/2022\/08\/IMG_7227-1536x1024.jpg 1536w, https:\/\/enabel.lademo.be\/app\/uploads\/2022\/08\/IMG_7227-2048x1365.jpg 2048w\" sizes=\"auto, (max-width: 2560px) 100vw, 2560px\" \/>\n        <p class=\"px-[24px] z-10\">\n            Nous construisons un monde durable o\u00f9 les femmes et les hommes vivent dans un \u00c9tat de droit et ont la libert\u00e9 de s\u2019\u00e9panouir pleinement. Apprenez-en plus sur notre vision, nos missions et nos valeurs.\n        <\/p>\n    <\/div>\n    <h3 class=\"relative z-10 flex justify-between w-full p-6 mb-0\">\n        Notre identit\u00e9\n        <svg width=\"17\" height=\"12\" viewBox=\"0 0 17 12\" fill=\"none\" xmlns=\"http:\/\/www.w3.org\/2000\/svg\" class=\"min-w-[43px]\">\n\t<path d=\"M0 6.00004L16.0319 6.00004M16.0319 6.00004L10.705 0.813232M16.0319 6.00004L10.705 11.1868\" stroke=\"#012D3A\"\/>\n<\/svg>\n    <\/h3>\n<\/a>\n                            <a\n    href=\"https:\/\/enabel.lademo.be\/fr\/qui-sommes-nous\/surete-et-securite-du-personnel\/\"\n    class=\"has-cursor card--action card--animation | overflow-hidden font-normal no-underline text-inherit w-full md:w-[46%] lg:w-[47%] \"\n    data-aos=\"fade-down\"\n    data-aos-delay=\"300\"\n    >\n    <div class=\"relative card--top h-[340px] flex items-center\">\n        <img loading=\"lazy\" decoding=\"async\" width=\"1216\" height=\"564\" src=\"https:\/\/enabel.lademo.be\/app\/uploads\/2022\/08\/Header-website-B.jpg\" class=\"absolute top-0 left-0 h-full w-full object-cover object-center wp-post-image\" alt=\"\" srcset=\"https:\/\/enabel.lademo.be\/app\/uploads\/2022\/08\/Header-website-B.jpg 1216w, https:\/\/enabel.lademo.be\/app\/uploads\/2022\/08\/Header-website-B-300x139.jpg 300w, https:\/\/enabel.lademo.be\/app\/uploads\/2022\/08\/Header-website-B-1024x475.jpg 1024w, https:\/\/enabel.lademo.be\/app\/uploads\/2022\/08\/Header-website-B-768x356.jpg 768w\" sizes=\"auto, (max-width: 1216px) 100vw, 1216px\" \/>\n        <p class=\"px-[24px] z-10\">\n            Enabel a le devoir d&rsquo;assurer la s\u00e9curit\u00e9 du personnel et de leur famille.\n        <\/p>\n    <\/div>\n    <h3 class=\"relative z-10 flex justify-between w-full p-6 mb-0\">\n        S\u00fbret\u00e9 et s\u00e9curit\u00e9 du personnel\n        <svg width=\"17\" height=\"12\" viewBox=\"0 0 17 12\" fill=\"none\" xmlns=\"http:\/\/www.w3.org\/2000\/svg\" class=\"min-w-[43px]\">\n\t<path d=\"M0 6.00004L16.0319 6.00004M16.0319 6.00004L10.705 0.813232M16.0319 6.00004L10.705 11.1868\" stroke=\"#012D3A\"\/>\n<\/svg>\n    <\/h3>\n<\/a>\n                    <\/div>\n                    <svg class=\"absolute z-0 -top-[50px] h-[auto] -scale-x-100 -left-[21rem]\" width=\"740\" height=\"963\" viewBox=\"0 0 740 963\" fill=\"none\" xmlns=\"http:\/\/www.w3.org\/2000\/svg\">\n                <path d=\"M4.14789 68.4593C3.1875 69.1487 2.41949 69.7137 1.84961 70.1388C76.3121 111.451 123.489 182.456 157.038 257.094C179.798 307.73 196.335 360.169 210.846 406.188C217.84 428.365 224.363 449.05 230.886 467.325C271.09 579.963 339.187 745.177 505.856 848.48C587.479 898.959 669.539 935.365 737.675 961.067C699.384 878.987 678.698 787.83 659.961 690.18C656.287 671.03 652.687 651.63 649.045 631.999C633.94 550.589 618.095 465.196 593.102 377.102L593.102 377.102C525.842 139.304 368.325 -11.6487 190.243 1.83524C134.013 6.19004 86.5997 23.5014 53.2395 39.7296C36.561 47.8429 23.4007 55.6827 14.4139 61.4912C9.92078 64.3953 6.47144 66.7913 4.14789 68.4593Z\" stroke=\"url(#paint0_linear_19_3)\" stroke-width=\"2\"\/>\n                <defs>\n                    <linearGradient id=\"paint0_linear_19_3\" x1=\"739.412\" y1=\"481.434\" x2=\"-0.179538\" y2=\"481.434\" gradientUnits=\"userSpaceOnUse\">\n                        <stop stop-color=\"#F9B500\"\/>\n                        <stop offset=\"1\" stop-color=\"#FFDD00\"\/>\n                    <\/linearGradient>\n                <\/defs>\n            <\/svg>\n            <\/div>\n<\/section>\n","protected":false},"excerpt":{"rendered":"","protected":false},"author":10,"featured_media":4122,"parent":5743,"menu_order":0,"comment_status":"closed","ping_status":"closed","template":"","meta":{"_acf_changed":false,"footnotes":""},"class_list":["post-4358","page","type-page","status-publish","has-post-thumbnail","hentry"],"yoast_head":"<!-- This site is optimized with the Yoast SEO plugin v25.9 - https:\/\/yoast.com\/wordpress\/plugins\/seo\/ -->\n<title>Int\u00e9grit\u00e9 - Enabel<\/title>\n<meta name=\"description\" content=\"Apprenez-en plus sur notre politique d&#039;int\u00e9grit\u00e9 ou contactez notre bureau d&#039;int\u00e9grit\u00e9.\" \/>\n<meta name=\"robots\" content=\"index, follow, max-snippet:-1, max-image-preview:large, max-video-preview:-1\" \/>\n<link rel=\"canonical\" href=\"https:\/\/enabel.lademo.be\/fr\/qui-sommes-nous\/integrite\/\" \/>\n<meta property=\"og:locale\" content=\"fr_FR\" \/>\n<meta property=\"og:type\" content=\"article\" \/>\n<meta property=\"og:title\" content=\"Int\u00e9grit\u00e9 - Enabel\" \/>\n<meta property=\"og:description\" content=\"Apprenez-en plus sur notre politique d&#039;int\u00e9grit\u00e9 ou contactez notre bureau d&#039;int\u00e9grit\u00e9.\" \/>\n<meta property=\"og:url\" content=\"https:\/\/enabel.lademo.be\/fr\/qui-sommes-nous\/integrite\/\" \/>\n<meta property=\"og:site_name\" content=\"Enabel\" \/>\n<meta property=\"article:publisher\" content=\"https:\/\/www.facebook.com\/EnabelBelgium\/\" \/>\n<meta property=\"article:modified_time\" content=\"2022-09-12T14:14:56+00:00\" \/>\n<meta property=\"og:image\" content=\"https:\/\/enabel.lademo.be\/app\/uploads\/2022\/08\/Assistante-administrative-au-service-daccueil-1024x683_cleanup.jpg\" \/>\n\t<meta property=\"og:image:width\" content=\"720\" \/>\n\t<meta property=\"og:image:height\" content=\"480\" \/>\n\t<meta property=\"og:image:type\" content=\"image\/jpeg\" \/>\n<meta name=\"twitter:card\" content=\"summary_large_image\" \/>\n<meta name=\"twitter:site\" content=\"@Enabel_Belgium\" \/>\n<meta name=\"twitter:label1\" content=\"Est. reading time\" \/>\n\t<meta name=\"twitter:data1\" content=\"1 minute\" \/>\n<script type=\"application\/ld+json\" class=\"yoast-schema-graph\">{\"@context\":\"https:\/\/schema.org\",\"@graph\":[{\"@type\":\"WebPage\",\"@id\":\"https:\/\/enabel.lademo.be\/fr\/qui-sommes-nous\/integrite\/\",\"url\":\"https:\/\/enabel.lademo.be\/fr\/qui-sommes-nous\/integrite\/\",\"name\":\"Int\u00e9grit\u00e9 - Enabel\",\"isPartOf\":{\"@id\":\"https:\/\/enabel.lademo.be\/fr\/#website\"},\"primaryImageOfPage\":{\"@id\":\"https:\/\/enabel.lademo.be\/fr\/qui-sommes-nous\/integrite\/#primaryimage\"},\"image\":{\"@id\":\"https:\/\/enabel.lademo.be\/fr\/qui-sommes-nous\/integrite\/#primaryimage\"},\"thumbnailUrl\":\"https:\/\/enabel.lademo.be\/app\/uploads\/2022\/08\/Assistante-administrative-au-service-daccueil-1024x683_cleanup.jpg\",\"datePublished\":\"2022-08-26T12:32:44+00:00\",\"dateModified\":\"2022-09-12T14:14:56+00:00\",\"description\":\"Apprenez-en plus sur notre politique d'int\u00e9grit\u00e9 ou contactez notre bureau d'int\u00e9grit\u00e9.\",\"breadcrumb\":{\"@id\":\"https:\/\/enabel.lademo.be\/fr\/qui-sommes-nous\/integrite\/#breadcrumb\"},\"inLanguage\":\"fr-FR\",\"potentialAction\":[{\"@type\":\"ReadAction\",\"target\":[\"https:\/\/enabel.lademo.be\/fr\/qui-sommes-nous\/integrite\/\"]}]},{\"@type\":\"ImageObject\",\"inLanguage\":\"fr-FR\",\"@id\":\"https:\/\/enabel.lademo.be\/fr\/qui-sommes-nous\/integrite\/#primaryimage\",\"url\":\"https:\/\/enabel.lademo.be\/app\/uploads\/2022\/08\/Assistante-administrative-au-service-daccueil-1024x683_cleanup.jpg\",\"contentUrl\":\"https:\/\/enabel.lademo.be\/app\/uploads\/2022\/08\/Assistante-administrative-au-service-daccueil-1024x683_cleanup.jpg\",\"width\":720,\"height\":480,\"caption\":\"Woman sitting behind a desk, smiling at someone approaching her.\"},{\"@type\":\"BreadcrumbList\",\"@id\":\"https:\/\/enabel.lademo.be\/fr\/qui-sommes-nous\/integrite\/#breadcrumb\",\"itemListElement\":[{\"@type\":\"ListItem\",\"position\":1,\"name\":\"Home\",\"item\":\"https:\/\/enabel.lademo.be\/fr\/\"},{\"@type\":\"ListItem\",\"position\":2,\"name\":\"Qui sommes-nous\",\"item\":\"https:\/\/enabel.lademo.be\/fr\/qui-sommes-nous\/\"},{\"@type\":\"ListItem\",\"position\":3,\"name\":\"Int\u00e9grit\u00e9\"}]},{\"@type\":\"WebSite\",\"@id\":\"https:\/\/enabel.lademo.be\/fr\/#website\",\"url\":\"https:\/\/enabel.lademo.be\/fr\/\",\"name\":\"Enabel\",\"description\":\"Enabling Change\",\"publisher\":{\"@id\":\"https:\/\/enabel.lademo.be\/fr\/#organization\"},\"potentialAction\":[{\"@type\":\"SearchAction\",\"target\":{\"@type\":\"EntryPoint\",\"urlTemplate\":\"https:\/\/enabel.lademo.be\/fr\/?s={search_term_string}\"},\"query-input\":{\"@type\":\"PropertyValueSpecification\",\"valueRequired\":true,\"valueName\":\"search_term_string\"}}],\"inLanguage\":\"fr-FR\"},{\"@type\":\"Organization\",\"@id\":\"https:\/\/enabel.lademo.be\/fr\/#organization\",\"name\":\"Enabel\",\"url\":\"https:\/\/enabel.lademo.be\/fr\/\",\"logo\":{\"@type\":\"ImageObject\",\"inLanguage\":\"fr-FR\",\"@id\":\"https:\/\/enabel.lademo.be\/fr\/#\/schema\/logo\/image\/\",\"url\":\"https:\/\/www.enabel.be\/app\/uploads\/2022\/06\/enabel-logo-color.svg\",\"contentUrl\":\"https:\/\/www.enabel.be\/app\/uploads\/2022\/06\/enabel-logo-color.svg\",\"width\":103,\"height\":35,\"caption\":\"Enabel\"},\"image\":{\"@id\":\"https:\/\/enabel.lademo.be\/fr\/#\/schema\/logo\/image\/\"},\"sameAs\":[\"https:\/\/www.facebook.com\/EnabelBelgium\/\",\"https:\/\/x.com\/Enabel_Belgium\",\"https:\/\/www.instagram.com\/enabel_be\/\",\"https:\/\/www.linkedin.com\/company\/enabel\/\",\"https:\/\/www.youtube.com\/channel\/UCHGr3iOQ9n2jORzgtkv5FyQ\"]}]}<\/script>\n<!-- \/ Yoast SEO plugin. -->","yoast_head_json":{"title":"Int\u00e9grit\u00e9 - Enabel","description":"Apprenez-en plus sur notre politique d'int\u00e9grit\u00e9 ou contactez notre bureau d'int\u00e9grit\u00e9.","robots":{"index":"index","follow":"follow","max-snippet":"max-snippet:-1","max-image-preview":"max-image-preview:large","max-video-preview":"max-video-preview:-1"},"canonical":"https:\/\/enabel.lademo.be\/fr\/qui-sommes-nous\/integrite\/","og_locale":"fr_FR","og_type":"article","og_title":"Int\u00e9grit\u00e9 - Enabel","og_description":"Apprenez-en plus sur notre politique d'int\u00e9grit\u00e9 ou contactez notre bureau d'int\u00e9grit\u00e9.","og_url":"https:\/\/enabel.lademo.be\/fr\/qui-sommes-nous\/integrite\/","og_site_name":"Enabel","article_publisher":"https:\/\/www.facebook.com\/EnabelBelgium\/","article_modified_time":"2022-09-12T14:14:56+00:00","og_image":[{"width":720,"height":480,"url":"https:\/\/enabel.lademo.be\/app\/uploads\/2022\/08\/Assistante-administrative-au-service-daccueil-1024x683_cleanup.jpg","type":"image\/jpeg"}],"twitter_card":"summary_large_image","twitter_site":"@Enabel_Belgium","twitter_misc":{"Est. reading time":"1 minute"},"schema":{"@context":"https:\/\/schema.org","@graph":[{"@type":"WebPage","@id":"https:\/\/enabel.lademo.be\/fr\/qui-sommes-nous\/integrite\/","url":"https:\/\/enabel.lademo.be\/fr\/qui-sommes-nous\/integrite\/","name":"Int\u00e9grit\u00e9 - Enabel","isPartOf":{"@id":"https:\/\/enabel.lademo.be\/fr\/#website"},"primaryImageOfPage":{"@id":"https:\/\/enabel.lademo.be\/fr\/qui-sommes-nous\/integrite\/#primaryimage"},"image":{"@id":"https:\/\/enabel.lademo.be\/fr\/qui-sommes-nous\/integrite\/#primaryimage"},"thumbnailUrl":"https:\/\/enabel.lademo.be\/app\/uploads\/2022\/08\/Assistante-administrative-au-service-daccueil-1024x683_cleanup.jpg","datePublished":"2022-08-26T12:32:44+00:00","dateModified":"2022-09-12T14:14:56+00:00","description":"Apprenez-en plus sur notre politique d'int\u00e9grit\u00e9 ou contactez notre bureau d'int\u00e9grit\u00e9.","breadcrumb":{"@id":"https:\/\/enabel.lademo.be\/fr\/qui-sommes-nous\/integrite\/#breadcrumb"},"inLanguage":"fr-FR","potentialAction":[{"@type":"ReadAction","target":["https:\/\/enabel.lademo.be\/fr\/qui-sommes-nous\/integrite\/"]}]},{"@type":"ImageObject","inLanguage":"fr-FR","@id":"https:\/\/enabel.lademo.be\/fr\/qui-sommes-nous\/integrite\/#primaryimage","url":"https:\/\/enabel.lademo.be\/app\/uploads\/2022\/08\/Assistante-administrative-au-service-daccueil-1024x683_cleanup.jpg","contentUrl":"https:\/\/enabel.lademo.be\/app\/uploads\/2022\/08\/Assistante-administrative-au-service-daccueil-1024x683_cleanup.jpg","width":720,"height":480,"caption":"Woman sitting behind a desk, smiling at someone approaching her."},{"@type":"BreadcrumbList","@id":"https:\/\/enabel.lademo.be\/fr\/qui-sommes-nous\/integrite\/#breadcrumb","itemListElement":[{"@type":"ListItem","position":1,"name":"Home","item":"https:\/\/enabel.lademo.be\/fr\/"},{"@type":"ListItem","position":2,"name":"Qui sommes-nous","item":"https:\/\/enabel.lademo.be\/fr\/qui-sommes-nous\/"},{"@type":"ListItem","position":3,"name":"Int\u00e9grit\u00e9"}]},{"@type":"WebSite","@id":"https:\/\/enabel.lademo.be\/fr\/#website","url":"https:\/\/enabel.lademo.be\/fr\/","name":"Enabel","description":"Enabling Change","publisher":{"@id":"https:\/\/enabel.lademo.be\/fr\/#organization"},"potentialAction":[{"@type":"SearchAction","target":{"@type":"EntryPoint","urlTemplate":"https:\/\/enabel.lademo.be\/fr\/?s={search_term_string}"},"query-input":{"@type":"PropertyValueSpecification","valueRequired":true,"valueName":"search_term_string"}}],"inLanguage":"fr-FR"},{"@type":"Organization","@id":"https:\/\/enabel.lademo.be\/fr\/#organization","name":"Enabel","url":"https:\/\/enabel.lademo.be\/fr\/","logo":{"@type":"ImageObject","inLanguage":"fr-FR","@id":"https:\/\/enabel.lademo.be\/fr\/#\/schema\/logo\/image\/","url":"https:\/\/www.enabel.be\/app\/uploads\/2022\/06\/enabel-logo-color.svg","contentUrl":"https:\/\/www.enabel.be\/app\/uploads\/2022\/06\/enabel-logo-color.svg","width":103,"height":35,"caption":"Enabel"},"image":{"@id":"https:\/\/enabel.lademo.be\/fr\/#\/schema\/logo\/image\/"},"sameAs":["https:\/\/www.facebook.com\/EnabelBelgium\/","https:\/\/x.com\/Enabel_Belgium","https:\/\/www.instagram.com\/enabel_be\/","https:\/\/www.linkedin.com\/company\/enabel\/","https:\/\/www.youtube.com\/channel\/UCHGr3iOQ9n2jORzgtkv5FyQ"]}]}},"acf":[],"_links":{"self":[{"href":"https:\/\/enabel.lademo.be\/fr\/wp-json\/wp\/v2\/pages\/4358","targetHints":{"allow":["GET"]}}],"collection":[{"href":"https:\/\/enabel.lademo.be\/fr\/wp-json\/wp\/v2\/pages"}],"about":[{"href":"https:\/\/enabel.lademo.be\/fr\/wp-json\/wp\/v2\/types\/page"}],"author":[{"embeddable":true,"href":"https:\/\/enabel.lademo.be\/fr\/wp-json\/wp\/v2\/users\/10"}],"replies":[{"embeddable":true,"href":"https:\/\/enabel.lademo.be\/fr\/wp-json\/wp\/v2\/comments?post=4358"}],"version-history":[{"count":0,"href":"https:\/\/enabel.lademo.be\/fr\/wp-json\/wp\/v2\/pages\/4358\/revisions"}],"up":[{"embeddable":true,"href":"https:\/\/enabel.lademo.be\/fr\/wp-json\/wp\/v2\/pages\/5743"}],"wp:featuredmedia":[{"embeddable":true,"href":"https:\/\/enabel.lademo.be\/fr\/wp-json\/wp\/v2\/media\/4122"}],"wp:attachment":[{"href":"https:\/\/enabel.lademo.be\/fr\/wp-json\/wp\/v2\/media?parent=4358"}],"curies":[{"name":"wp","href":"https:\/\/api.w.org\/{rel}","templated":true}]}}